{"id":16851,"date":"2021-01-25T01:37:02","date_gmt":"2021-01-25T00:37:02","guid":{"rendered":"https:\/\/dev2.mgvpublications.com\/?post_type=product&#038;p=16851"},"modified":"2022-03-08T22:49:56","modified_gmt":"2022-03-08T21:49:56","slug":"inci-ozur-dilemeyi-ogreniyor-ilk-okuma-kitabim","status":"publish","type":"product","link":"https:\/\/mgvpublications.com\/de\/inci-ozur-dilemeyi-ogreniyor-ilk-okuma-kitabim\/","title":{"rendered":"\u0130nci \u00d6z\u00fcr Dilemeyi \u00d6\u011freniyor \/ \u0130lk Okuma Kitab\u0131m"},"content":{"rendered":"<div><\/div>\n<div>\u00c7evirmen: Aylin Gergin<\/div>\n<div>Yay\u0131n Tarihi: 03.03.2020<\/div>\n<div>Orijinal Ad\u0131: Jule und das kaputte Osterei<\/div>\n<div>ISBN: 9786257999601<\/div>\n<div>Dil: T\u00dcRK\u00c7E<\/div>\n<div>Sayfa Say\u0131s\u0131: 24<\/div>\n<div>Cilt Tipi: Karton Kapak<\/div>\n<div>Ka\u011f\u0131t Cinsi: Ku\u015fe Ka\u011f\u0131t<\/div>\n<div>Boyut: 22 x 22 cm<\/div>","protected":false},"excerpt":{"rendered":"<p>\u0130nci arkada\u015f\u0131n\u0131n boyad\u0131\u011f\u0131 yumurtay\u0131 yanl\u0131\u015fl\u0131kla k\u0131rd\u0131\u011f\u0131nda, korkuya kap\u0131ld\u0131. Hemen kabuklar\u0131 toplay\u0131p kimse g\u00f6rmeden yok etti. \u00d6nce her \u015feyi itiraf etmeyi d\u00fc\u015f\u00fcnd\u00fc. Ancak arkada\u015f\u0131n\u0131n ona k\u00fcsece\u011finden korkup, bunu herkesten saklad\u0131. Bu g\u00fczel \u00f6yk\u00fcde \u0130nci\u2019nin pi\u015fmanl\u0131\u011f\u0131na, korkusuna, itiraf\u0131na ve \u00f6z\u00fcr dilemesine tan\u0131k olacaks\u0131n\u0131z.<\/p>","protected":false},"featured_media":16855,"template":"","meta":{"spay_email":""},"product_cat":[172],"product_tag":[],"item":[336],"acf":[],"_links":{"self":[{"href":"https:\/\/mgvpublications.com\/de\/wp-json\/wp\/v2\/product\/16851"}],"collection":[{"href":"https:\/\/mgvpublications.com\/de\/wp-json\/wp\/v2\/product"}],"about":[{"href":"https:\/\/mgvpublications.com\/de\/wp-json\/wp\/v2\/types\/product"}],"wp:featuredmedia":[{"embeddable":true,"href":"https:\/\/mgvpublications.com\/de\/wp-json\/wp\/v2\/media\/16855"}],"wp:attachment":[{"href":"https:\/\/mgvpublications.com\/de\/wp-json\/wp\/v2\/media?parent=16851"}],"wp:term":[{"taxonomy":"product_cat","embeddable":true,"href":"https:\/\/mgvpublications.com\/de\/wp-json\/wp\/v2\/product_cat?post=16851"},{"taxonomy":"product_tag","embeddable":true,"href":"https:\/\/mgvpublications.com\/de\/wp-json\/wp\/v2\/product_tag?post=16851"},{"taxonomy":"item","embeddable":true,"href":"https:\/\/mgvpublications.com\/de\/wp-json\/wp\/v2\/item?post=16851"}],"curies":[{"name":"wp","href":"https:\/\/api.w.org\/{rel}","templated":true}]}}