{"id":16822,"date":"2021-01-25T01:26:30","date_gmt":"2021-01-25T00:26:30","guid":{"rendered":"https:\/\/dev2.mgvpublications.com\/?post_type=product&#038;p=16822"},"modified":"2022-05-19T14:56:29","modified_gmt":"2022-05-19T12:56:29","slug":"pirtik-tekir","status":"publish","type":"product","link":"https:\/\/mgvpublications.com\/de\/pirtik-tekir\/","title":{"rendered":"P\u0131rt\u0131k Tekir"},"content":{"rendered":"<div>Yay\u0131n Tarihi: 03.09.2019<\/div>\n<div>ISBN: 9786052959114<\/div>\n<div>Dil: T\u00dcRK\u00c7E<\/div>\n<div>Sayfa Say\u0131s\u0131: 32<\/div>\n<div>Cilt Tipi: Ciltli<\/div>\n<div>Ka\u011f\u0131t Cinsi: Ku\u015fe Ka\u011f\u0131t<\/div>\n<div>Boyut: 22 x 27.5 cm<\/div>","protected":false},"excerpt":{"rendered":"<p>Minik bal\u0131k ile de\u011fnek adam\u2019\u0131n yazar ve \u00e7izerden harika bir \u00f6yk\u00fc daha&#8230;<br \/>\n\u201cBen ve sen bir de eski gitar<br \/>\nAh gururluyuz ve mutlu ne kadar<br \/>\nM\u0130\u0130-YAVVV bir de eski gitar<br \/>\nAh GURRR-urluyuz ve mutlu ne kadar.\u201d<\/p>","protected":false},"featured_media":16826,"template":"","meta":{"spay_email":""},"product_cat":[172],"product_tag":[],"item":[336],"acf":[],"_links":{"self":[{"href":"https:\/\/mgvpublications.com\/de\/wp-json\/wp\/v2\/product\/16822"}],"collection":[{"href":"https:\/\/mgvpublications.com\/de\/wp-json\/wp\/v2\/product"}],"about":[{"href":"https:\/\/mgvpublications.com\/de\/wp-json\/wp\/v2\/types\/product"}],"wp:featuredmedia":[{"embeddable":true,"href":"https:\/\/mgvpublications.com\/de\/wp-json\/wp\/v2\/media\/16826"}],"wp:attachment":[{"href":"https:\/\/mgvpublications.com\/de\/wp-json\/wp\/v2\/media?parent=16822"}],"wp:term":[{"taxonomy":"product_cat","embeddable":true,"href":"https:\/\/mgvpublications.com\/de\/wp-json\/wp\/v2\/product_cat?post=16822"},{"taxonomy":"product_tag","embeddable":true,"href":"https:\/\/mgvpublications.com\/de\/wp-json\/wp\/v2\/product_tag?post=16822"},{"taxonomy":"item","embeddable":true,"href":"https:\/\/mgvpublications.com\/de\/wp-json\/wp\/v2\/item?post=16822"}],"curies":[{"name":"wp","href":"https:\/\/api.w.org\/{rel}","templated":true}]}}