{"id":16800,"date":"2021-01-25T01:14:15","date_gmt":"2021-01-25T00:14:15","guid":{"rendered":"https:\/\/dev2.mgvpublications.com\/?post_type=product&#038;p=16800"},"modified":"2022-06-17T17:06:28","modified_gmt":"2022-06-17T15:06:28","slug":"arkadasim-tarim-isletmecisi-dunyayi-ogreniyorum","status":"publish","type":"product","link":"https:\/\/mgvpublications.com\/de\/arkadasim-tarim-isletmecisi-dunyayi-ogreniyorum\/","title":{"rendered":"Arkada\u015f\u0131m Tar\u0131m \u0130\u015fletmecisi \/ D\u00fcnyay\u0131 \u00d6\u011freniyorum"},"content":{"rendered":"<div>\u00c7evirmen: Mustafa T\u00fczel<\/div>\n<div>Yay\u0131n Tarihi: 06.06.2018<\/div>\n<div>Orijinal Ad\u0131: Ich hab eine Freundin<\/div>\n<div>ISBN: 9786053328384<\/div>\n<div>Dil: T\u00dcRK\u00c7E<\/div>\n<div>Sayfa Say\u0131s\u0131: 24<\/div>\n<div>Cilt Tipi: Karton Kapak<\/div>\n<div>Ka\u011f\u0131t Cinsi: Ku\u015fe Ka\u011f\u0131t<\/div>\n<div>Boyut: 22 x 22 cm<\/div>","protected":false},"excerpt":{"rendered":"<p>Tar\u0131m ve hayvanc\u0131l\u0131k alanlar\u0131 b\u00fcy\u00fcd\u00fck\u00e7e i\u015fler \u00e7o\u011fal\u0131r ve \u00e7al\u0131\u015fan insan say\u0131s\u0131 artar. G\u00fcn boyu yap\u0131lacak pek \u00e7ok i\u015f olur. \u00d6rne\u011fin s\u00fct sa\u011f\u0131l\u0131r, tarla s\u00fcr\u00fcl\u00fcr, ekin toplan\u0131r, trakt\u00f6r kullan\u0131l\u0131r. Tar\u0131m i\u015fletmelerinde de\u011fi\u015fik i\u015fler yap\u0131l\u0131r. \u0130\u015fte bu kitapta tar\u0131m ve hayvanc\u0131l\u0131kla ilgili pek \u00e7ok e\u011flenceli bilgi \u00f6\u011freneceksin.<\/p>","protected":false},"featured_media":16802,"template":"","meta":{"spay_email":""},"product_cat":[172],"product_tag":[],"item":[336],"acf":[],"_links":{"self":[{"href":"https:\/\/mgvpublications.com\/de\/wp-json\/wp\/v2\/product\/16800"}],"collection":[{"href":"https:\/\/mgvpublications.com\/de\/wp-json\/wp\/v2\/product"}],"about":[{"href":"https:\/\/mgvpublications.com\/de\/wp-json\/wp\/v2\/types\/product"}],"wp:featuredmedia":[{"embeddable":true,"href":"https:\/\/mgvpublications.com\/de\/wp-json\/wp\/v2\/media\/16802"}],"wp:attachment":[{"href":"https:\/\/mgvpublications.com\/de\/wp-json\/wp\/v2\/media?parent=16800"}],"wp:term":[{"taxonomy":"product_cat","embeddable":true,"href":"https:\/\/mgvpublications.com\/de\/wp-json\/wp\/v2\/product_cat?post=16800"},{"taxonomy":"product_tag","embeddable":true,"href":"https:\/\/mgvpublications.com\/de\/wp-json\/wp\/v2\/product_tag?post=16800"},{"taxonomy":"item","embeddable":true,"href":"https:\/\/mgvpublications.com\/de\/wp-json\/wp\/v2\/item?post=16800"}],"curies":[{"name":"wp","href":"https:\/\/api.w.org\/{rel}","templated":true}]}}