{"id":16795,"date":"2021-01-25T01:12:16","date_gmt":"2021-01-25T00:12:16","guid":{"rendered":"https:\/\/dev2.mgvpublications.com\/?post_type=product&#038;p=16795"},"modified":"2024-10-01T17:04:31","modified_gmt":"2024-10-01T15:04:31","slug":"bu-nasil-bir-mevsim-boyle","status":"publish","type":"product","link":"https:\/\/mgvpublications.com\/de\/bu-nasil-bir-mevsim-boyle\/","title":{"rendered":"Bu Nas\u0131l Bir Mevsim B\u00f6yle ?"},"content":{"rendered":"<div>\u00c7evirmen: Aylin Gergin<\/div>\n<div>Yay\u0131n Tarihi: 03.06.2020<\/div>\n<div>Orijinal Ad\u0131: Was Ist Denn Das F\u00fcr Eine Jahreszeit ?<\/div>\n<div>ISBN: 9786257999977<\/div>\n<div>Dil: T\u00dcRK\u00c7E<\/div>\n<div>Sayfa Say\u0131s\u0131: 32<\/div>\n<div>Cilt Tipi: Karton Kapak<\/div>\n<div>Ka\u011f\u0131t Cinsi: Ku\u015fe Ka\u011f\u0131t<\/div>\n<div>Boyut: 21 x 27.5 cm<\/div>","protected":false},"excerpt":{"rendered":"<p>T\u00fcm yanl\u0131\u015fl\u0131klar\u0131 kim bulacak?<\/p>\n<p>Defne o g\u00fcn odas\u0131n\u0131 topluyordu. Eline ald\u0131\u011f\u0131 bayrakla birden ge\u00e7irdi\u011fi mevsimleri hat\u0131rlad\u0131. Ancak hat\u0131rlad\u0131k\u00e7a \u015fa\u015fk\u0131nl\u0131\u011f\u0131 artt\u0131. Dalg\u0131\u00e7 k\u0131yafetiyle g\u00fcne\u015flenmek normal miydi? Da\u011fda asans\u00f6r\u00fcn ne i\u015fi vard\u0131? Havu\u00e7lar neden dev gibiydi?<\/p>\n<p>\u00c7ocuklar bu kitab\u0131 okurken hem e\u011flenecek hem de yanl\u0131\u015flar\u0131 bularak g\u00fcndelik hayatta ne kadar \u00e7ok \u015fey bildiklerini g\u00f6recekler. Yeti\u015fkinler de \u00e7ocuklarla birlikte yanl\u0131\u015flar\u0131 tahmin ederek \u00e7\u00f6z\u00fcm sayfas\u0131ndan kontrol edebilirler.<\/p>\n<p>\u00c7\u00f6z\u00fcm sayfalar\u0131 kitab\u0131n sonunda!<br \/>\ndevam\u0131n\u0131 oku<\/p>","protected":false},"featured_media":16798,"template":"","meta":{"spay_email":""},"product_cat":[172],"product_tag":[],"item":[336],"acf":[],"_links":{"self":[{"href":"https:\/\/mgvpublications.com\/de\/wp-json\/wp\/v2\/product\/16795"}],"collection":[{"href":"https:\/\/mgvpublications.com\/de\/wp-json\/wp\/v2\/product"}],"about":[{"href":"https:\/\/mgvpublications.com\/de\/wp-json\/wp\/v2\/types\/product"}],"wp:featuredmedia":[{"embeddable":true,"href":"https:\/\/mgvpublications.com\/de\/wp-json\/wp\/v2\/media\/16798"}],"wp:attachment":[{"href":"https:\/\/mgvpublications.com\/de\/wp-json\/wp\/v2\/media?parent=16795"}],"wp:term":[{"taxonomy":"product_cat","embeddable":true,"href":"https:\/\/mgvpublications.com\/de\/wp-json\/wp\/v2\/product_cat?post=16795"},{"taxonomy":"product_tag","embeddable":true,"href":"https:\/\/mgvpublications.com\/de\/wp-json\/wp\/v2\/product_tag?post=16795"},{"taxonomy":"item","embeddable":true,"href":"https:\/\/mgvpublications.com\/de\/wp-json\/wp\/v2\/item?post=16795"}],"curies":[{"name":"wp","href":"https:\/\/api.w.org\/{rel}","templated":true}]}}