{"id":16785,"date":"2021-01-25T01:06:03","date_gmt":"2021-01-25T00:06:03","guid":{"rendered":"https:\/\/dev2.mgvpublications.com\/?post_type=product&#038;p=16785"},"modified":"2022-03-08T22:49:54","modified_gmt":"2022-03-08T21:49:54","slug":"arkadasim-bahceci-dunyayi-ogreniyorum","status":"publish","type":"product","link":"https:\/\/mgvpublications.com\/de\/arkadasim-bahceci-dunyayi-ogreniyorum\/","title":{"rendered":"Arkada\u015f\u0131m Bah\u00e7eci \/ D\u00fcnyay\u0131 \u00d6\u011freniyorum"},"content":{"rendered":"<div>\u00c7evirmen: Mustafa T\u00fczel<\/div>\n<div>Yay\u0131n Tarihi: 27.05.2019<\/div>\n<div>ISBN: 9786053328339<\/div>\n<div>Dil: T\u00dcRK\u00c7E<\/div>\n<div>Sayfa Say\u0131s\u0131: 24<\/div>\n<div>Cilt Tipi: Karton Kapak<\/div>\n<div>Ka\u011f\u0131t Cinsi: Ku\u015fe Ka\u011f\u0131t<\/div>\n<div>Boyut: 22 x 22 cm<\/div>","protected":false},"excerpt":{"rendered":"<p>Evlerdeki, parklardaki ve bah\u00e7elerdeki bitkilerin nereden geldi\u011fini ke\u015ffediyoruz. B\u00fcy\u00fck bir fidanl\u0131kta ge\u00e7irece\u011fimiz g\u00fcnde \u00e7ok \u015fa\u015f\u0131rt\u0131c\u0131 ve e\u011flenceli bilgiler \u00f6\u011frenebiliriz.<br \/>\nDo\u011fan\u0131n dilini konu\u015fabilmek en de\u011ferli becerilerden biridir.<br \/>\nHadi kollar\u0131 s\u0131vayal\u0131m ve i\u015fe giri\u015felim.<\/p>","protected":false},"featured_media":16787,"template":"","meta":{"spay_email":""},"product_cat":[172],"product_tag":[],"item":[336],"acf":[],"_links":{"self":[{"href":"https:\/\/mgvpublications.com\/de\/wp-json\/wp\/v2\/product\/16785"}],"collection":[{"href":"https:\/\/mgvpublications.com\/de\/wp-json\/wp\/v2\/product"}],"about":[{"href":"https:\/\/mgvpublications.com\/de\/wp-json\/wp\/v2\/types\/product"}],"wp:featuredmedia":[{"embeddable":true,"href":"https:\/\/mgvpublications.com\/de\/wp-json\/wp\/v2\/media\/16787"}],"wp:attachment":[{"href":"https:\/\/mgvpublications.com\/de\/wp-json\/wp\/v2\/media?parent=16785"}],"wp:term":[{"taxonomy":"product_cat","embeddable":true,"href":"https:\/\/mgvpublications.com\/de\/wp-json\/wp\/v2\/product_cat?post=16785"},{"taxonomy":"product_tag","embeddable":true,"href":"https:\/\/mgvpublications.com\/de\/wp-json\/wp\/v2\/product_tag?post=16785"},{"taxonomy":"item","embeddable":true,"href":"https:\/\/mgvpublications.com\/de\/wp-json\/wp\/v2\/item?post=16785"}],"curies":[{"name":"wp","href":"https:\/\/api.w.org\/{rel}","templated":true}]}}