{"id":16783,"date":"2021-01-25T01:04:40","date_gmt":"2021-01-25T00:04:40","guid":{"rendered":"https:\/\/dev2.mgvpublications.com\/?post_type=product&#038;p=16783"},"modified":"2022-06-17T18:24:12","modified_gmt":"2022-06-17T16:24:12","slug":"arkadasim-postaci-dunyayi-ogreniyorum","status":"publish","type":"product","link":"https:\/\/mgvpublications.com\/de\/arkadasim-postaci-dunyayi-ogreniyorum\/","title":{"rendered":"Arkada\u015f\u0131m Postac\u0131 &#8211; D\u00fcnyay\u0131 \u00d6\u011freniyorum"},"content":{"rendered":"<div>\u00c7evirmen: Ay\u00e7a Sabuncuo\u011flu<\/div>\n<div>Yay\u0131n Tarihi: 22.02.2019<\/div>\n<div>ISBN: 9786053609117<\/div>\n<div>Dil: T\u00dcRK\u00c7E<\/div>\n<div>Sayfa Say\u0131s\u0131: 24<\/div>\n<div>Cilt Tipi: Karton Kapak<\/div>\n<div>Ka\u011f\u0131t Cinsi: Kitap Ka\u011f\u0131d\u0131<\/div>\n<div>Boyut: 22 x 22 cm<\/div>","protected":false},"excerpt":{"rendered":"<p>Postac\u0131l\u0131k tarih kadar eski bir meslektir. Eski \u00e7aglarda mesajlar kervanlarla iletilir ya da atl\u0131 postac\u0131lar taraf\u0131ndan tas\u0131n\u0131rd\u0131. Zaman<br \/>\ni\u00e7inde posta sistemleri kuruldu ve insanlar rahatl\u0131kla birbirlerine mektup ve paket yollamaya baslad\u0131lar. G\u00fcn\u00fcm\u00fczde posta sistemlerinde bir\u00e7ok is, gelismis makineler ve bilgisayarlarla yap\u0131l\u0131yor; ancak yine de mektuplar\u0131m\u0131z\u0131 ve paketlerimizi evlerimize postac\u0131lar getiriyor. Hadi bir mektubun posta sistemindeki yolculugunu yak\u0131ndan inceleyelim.<\/p>","protected":false},"featured_media":16784,"template":"","meta":{"spay_email":""},"product_cat":[172],"product_tag":[],"item":[336],"acf":[],"_links":{"self":[{"href":"https:\/\/mgvpublications.com\/de\/wp-json\/wp\/v2\/product\/16783"}],"collection":[{"href":"https:\/\/mgvpublications.com\/de\/wp-json\/wp\/v2\/product"}],"about":[{"href":"https:\/\/mgvpublications.com\/de\/wp-json\/wp\/v2\/types\/product"}],"wp:featuredmedia":[{"embeddable":true,"href":"https:\/\/mgvpublications.com\/de\/wp-json\/wp\/v2\/media\/16784"}],"wp:attachment":[{"href":"https:\/\/mgvpublications.com\/de\/wp-json\/wp\/v2\/media?parent=16783"}],"wp:term":[{"taxonomy":"product_cat","embeddable":true,"href":"https:\/\/mgvpublications.com\/de\/wp-json\/wp\/v2\/product_cat?post=16783"},{"taxonomy":"product_tag","embeddable":true,"href":"https:\/\/mgvpublications.com\/de\/wp-json\/wp\/v2\/product_tag?post=16783"},{"taxonomy":"item","embeddable":true,"href":"https:\/\/mgvpublications.com\/de\/wp-json\/wp\/v2\/item?post=16783"}],"curies":[{"name":"wp","href":"https:\/\/api.w.org\/{rel}","templated":true}]}}