{"id":16777,"date":"2021-01-25T01:01:06","date_gmt":"2021-01-25T00:01:06","guid":{"rendered":"https:\/\/dev2.mgvpublications.com\/?post_type=product&#038;p=16777"},"modified":"2024-10-01T17:04:31","modified_gmt":"2024-10-01T15:04:31","slug":"gercekten-boyle-mi-oldu-eglenceli-ara-bul-kitabi-zaman-yolculugu","status":"publish","type":"product","link":"https:\/\/mgvpublications.com\/de\/gercekten-boyle-mi-oldu-eglenceli-ara-bul-kitabi-zaman-yolculugu\/","title":{"rendered":"Ger\u00e7ekten B\u00f6yle Mi Oldu ? E\u011flenceli Ara Bul Kitab\u0131 Zaman Yolculu\u011fu"},"content":{"rendered":"<div>\u00c7evirmen: Aylin Gergin<\/div>\n<div>\u00c7izer: Ralf Butschkow<\/div>\n<div>Yay\u0131n Tarihi: 11.06.2020<\/div>\n<div>Orijinal Ad\u0131: War Das Wirklich So ?<\/div>\n<div>ISBN: 9786257070003<\/div>\n<div>Dil: T\u00dcRK\u00c7E<\/div>\n<div>Sayfa Say\u0131s\u0131: 32<\/div>\n<div>Cilt Tipi: Karton Kapak<\/div>\n<div>Ka\u011f\u0131t Cinsi: Ku\u015fe Ka\u011f\u0131t<\/div>\n<div>Boyut: 21 x 27.5 cm<\/div>","protected":false},"excerpt":{"rendered":"<p>T\u00fcm yanl\u0131\u015fl\u0131klar\u0131 kim bulacak?<\/p>\n<p>Defne, dedesinin \u00e7at\u0131 kat\u0131nda kitap okurken zaman yolculu\u011funa \u00e7\u0131kt\u0131. Dinozor hi\u00e7 ayakkab\u0131 giyer mi? Ta\u015f Devri\u2019nde matkab\u0131n i\u015fi ne? Vikingler kahvalt\u0131da m\u0131s\u0131r gevre\u011fi mi yiyor? Korsanlar neden bu kadar komik? Belli ki bu zaman yolculu\u011funda ters giden bir \u015feyler var!<\/p>\n<p>\u00c7ocuklar bu kitab\u0131 okurken hem e\u011flenecek hem de yanl\u0131\u015flar\u0131 bularak g\u00fcndelik hayatta ne kadar \u00e7ok \u015fey bildiklerini g\u00f6recekler. Yeti\u015fkinler de \u00e7ocuklarla birlikte yanl\u0131\u015flar\u0131 tahmin ederek \u00e7\u00f6z\u00fcm sayfas\u0131ndan kontrol edebilirler.<\/p>\n<p>\u00c7\u00f6z\u00fcm sayfalar\u0131 kitab\u0131n sonunda!<br \/>\ndevam\u0131n\u0131 oku<\/p>","protected":false},"featured_media":16779,"template":"","meta":{"spay_email":""},"product_cat":[172],"product_tag":[],"item":[336],"acf":[],"_links":{"self":[{"href":"https:\/\/mgvpublications.com\/de\/wp-json\/wp\/v2\/product\/16777"}],"collection":[{"href":"https:\/\/mgvpublications.com\/de\/wp-json\/wp\/v2\/product"}],"about":[{"href":"https:\/\/mgvpublications.com\/de\/wp-json\/wp\/v2\/types\/product"}],"wp:featuredmedia":[{"embeddable":true,"href":"https:\/\/mgvpublications.com\/de\/wp-json\/wp\/v2\/media\/16779"}],"wp:attachment":[{"href":"https:\/\/mgvpublications.com\/de\/wp-json\/wp\/v2\/media?parent=16777"}],"wp:term":[{"taxonomy":"product_cat","embeddable":true,"href":"https:\/\/mgvpublications.com\/de\/wp-json\/wp\/v2\/product_cat?post=16777"},{"taxonomy":"product_tag","embeddable":true,"href":"https:\/\/mgvpublications.com\/de\/wp-json\/wp\/v2\/product_tag?post=16777"},{"taxonomy":"item","embeddable":true,"href":"https:\/\/mgvpublications.com\/de\/wp-json\/wp\/v2\/item?post=16777"}],"curies":[{"name":"wp","href":"https:\/\/api.w.org\/{rel}","templated":true}]}}