{"id":16727,"date":"2021-01-24T23:57:24","date_gmt":"2021-01-24T22:57:24","guid":{"rendered":"https:\/\/dev2.mgvpublications.com\/?post_type=product&#038;p=16727"},"modified":"2022-03-08T22:49:49","modified_gmt":"2022-03-08T21:49:49","slug":"binbir-gece-masallari-kisaltilmis-metin","status":"publish","type":"product","link":"https:\/\/mgvpublications.com\/de\/binbir-gece-masallari-kisaltilmis-metin\/","title":{"rendered":"Binbir Gece Masallar\u0131 (K\u0131salt\u0131lm\u0131\u015f Metin)"},"content":{"rendered":"<div>\u00c7evirmen: Ferid Nam\u0131k Hansoy<\/div>\n<div>Yay\u0131n Tarihi: 06.03.2019<\/div>\n<div>Orijinal Ad\u0131: Les Mille Et Une Nuits<\/div>\n<div>ISBN: 9786053320531<\/div>\n<div>Dil: T\u00dcRK\u00c7E<\/div>\n<div>Sayfa Say\u0131s\u0131: 192<\/div>\n<div>Cilt Tipi: Karton Kapak<\/div>\n<div>Ka\u011f\u0131t Cinsi: Kitap Ka\u011f\u0131d\u0131<\/div>\n<div>Boyut: 13 x 19.5 cm<\/div>","protected":false},"excerpt":{"rendered":"<p>\u201cK\u0131\u015fla yaz aras\u0131nda ziyaret i\u00e7in gelen benim. Ama ziyaretim gece \u0131\u015f\u0131klar\u0131n\u0131n g\u00f6r\u00fcn\u00fcm\u00fc kadar k\u0131sad\u0131r. Ay \u0131\u015f\u0131\u011f\u0131n\u0131n topra\u011fa d\u00fc\u015f\u00fc\u015f\u00fc kadar k\u0131sad\u0131r. \u00c7i\u00e7ek a\u00e7\u0131\u015f\u0131m\u0131n k\u0131sa s\u00fcresinden yararlanmak i\u00e7in acele edin ve hat\u0131rlay\u0131n ki, zaman keskin bir k\u0131l\u0131\u00e7t\u0131r. Uzun s\u00fcre beni elinde tutmay\u0131 d\u00fc\u015f\u00fcnen yan\u0131lmaktad\u0131r. Ben b\u00fclb\u00fcl\u00fcn a\u015f\u0131k oldu\u011fu g\u00fcl\u00fcm.\u201d<br \/>\nY\u00fczy\u0131llar boyunca, \u00c7in\u2019den Kuzey Afrika&#8217;ya uzanan ve \u00c7in, \u00c7in Hindi, Hindistan, \u2039ran, Irak, T\u00fcrkiye, Suriye ve M\u0131s\u0131r&#8217;\u0131 kapsayan bir alanda anlat\u0131lan Binbir Gece Masallar\u0131, ilk kez Antoine Galland taraf\u0131ndan d\u00fczenlenip Frans\u0131zcaya \u00e7evrilerek (1704-17, 12 cilt) d\u00fcnyaya tan\u0131t\u0131ld\u0131. D\u00fcnyalar g\u00fczeli \u015eehrazad\u2019\u0131n geceler boyunca Sultan \u015eehriyar\u2019a anlatt\u0131\u011f\u0131 masallar zengin i\u00e7eri\u011fi, kurgusundaki ustal\u0131k ve fantastik motiflerin bollu\u011fu ile k\u00fc\u00e7\u00fcklerin oldu\u011fu kadar b\u00fcy\u00fcklerin de ilgisini \u00e7ekmektedir.<br \/>\ndevam\u0131n\u0131 oku<\/p>","protected":false},"featured_media":16728,"template":"","meta":{"spay_email":""},"product_cat":[172],"product_tag":[],"item":[336],"acf":[],"_links":{"self":[{"href":"https:\/\/mgvpublications.com\/de\/wp-json\/wp\/v2\/product\/16727"}],"collection":[{"href":"https:\/\/mgvpublications.com\/de\/wp-json\/wp\/v2\/product"}],"about":[{"href":"https:\/\/mgvpublications.com\/de\/wp-json\/wp\/v2\/types\/product"}],"wp:featuredmedia":[{"embeddable":true,"href":"https:\/\/mgvpublications.com\/de\/wp-json\/wp\/v2\/media\/16728"}],"wp:attachment":[{"href":"https:\/\/mgvpublications.com\/de\/wp-json\/wp\/v2\/media?parent=16727"}],"wp:term":[{"taxonomy":"product_cat","embeddable":true,"href":"https:\/\/mgvpublications.com\/de\/wp-json\/wp\/v2\/product_cat?post=16727"},{"taxonomy":"product_tag","embeddable":true,"href":"https:\/\/mgvpublications.com\/de\/wp-json\/wp\/v2\/product_tag?post=16727"},{"taxonomy":"item","embeddable":true,"href":"https:\/\/mgvpublications.com\/de\/wp-json\/wp\/v2\/item?post=16727"}],"curies":[{"name":"wp","href":"https:\/\/api.w.org\/{rel}","templated":true}]}}