{"id":16715,"date":"2021-01-24T23:49:15","date_gmt":"2021-01-24T22:49:15","guid":{"rendered":"https:\/\/dev2.mgvpublications.com\/?post_type=product&#038;p=16715"},"modified":"2022-03-08T22:49:49","modified_gmt":"2022-03-08T21:49:49","slug":"elif-carsiya-gidiyor-ilk-okuma-kitabim","status":"publish","type":"product","link":"https:\/\/mgvpublications.com\/de\/elif-carsiya-gidiyor-ilk-okuma-kitabim\/","title":{"rendered":"Elif \u00c7ar\u015f\u0131ya Gidiyor \/ \u0130lk Okuma Kitab\u0131m"},"content":{"rendered":"<div>\u00c7evirmen: Aylin Gergin<\/div>\n<div>Yay\u0131n Tarihi: 13.05.2020<\/div>\n<div>Orijinal Ad\u0131: Conni geht einkaufen<\/div>\n<div>ISBN: 9786257999571<\/div>\n<div>Dil: T\u00dcRK\u00c7E<\/div>\n<div>Sayfa Say\u0131s\u0131: 24<\/div>\n<div>Cilt Tipi: Karton Kapak<\/div>\n<div>Ka\u011f\u0131t Cinsi: Ku\u015fe Ka\u011f\u0131t<\/div>\n<div>Boyut: 22 x 22 cm<\/div>","protected":false},"excerpt":{"rendered":"<p>Elif, babaannesinin do\u011fum g\u00fcn\u00fc yakla\u015ft\u0131\u011f\u0131 i\u00e7in \u00e7ok heyecanl\u0131yd\u0131. Babaannesine pasta yapmak i\u00e7in \u00f6nce markete gitmeleri gerekiyordu. Annesinin al\u0131\u015fveri\u015f listesi \u00e7ok uzundu. Elif markette muzlar\u0131 ve elmalar\u0131 se\u00e7erek annesine yard\u0131m etti.<\/p>","protected":false},"featured_media":16717,"template":"","meta":{"spay_email":""},"product_cat":[172],"product_tag":[],"item":[336],"acf":[],"_links":{"self":[{"href":"https:\/\/mgvpublications.com\/de\/wp-json\/wp\/v2\/product\/16715"}],"collection":[{"href":"https:\/\/mgvpublications.com\/de\/wp-json\/wp\/v2\/product"}],"about":[{"href":"https:\/\/mgvpublications.com\/de\/wp-json\/wp\/v2\/types\/product"}],"wp:featuredmedia":[{"embeddable":true,"href":"https:\/\/mgvpublications.com\/de\/wp-json\/wp\/v2\/media\/16717"}],"wp:attachment":[{"href":"https:\/\/mgvpublications.com\/de\/wp-json\/wp\/v2\/media?parent=16715"}],"wp:term":[{"taxonomy":"product_cat","embeddable":true,"href":"https:\/\/mgvpublications.com\/de\/wp-json\/wp\/v2\/product_cat?post=16715"},{"taxonomy":"product_tag","embeddable":true,"href":"https:\/\/mgvpublications.com\/de\/wp-json\/wp\/v2\/product_tag?post=16715"},{"taxonomy":"item","embeddable":true,"href":"https:\/\/mgvpublications.com\/de\/wp-json\/wp\/v2\/item?post=16715"}],"curies":[{"name":"wp","href":"https:\/\/api.w.org\/{rel}","templated":true}]}}