{"id":16705,"date":"2021-01-24T23:45:32","date_gmt":"2021-01-24T22:45:32","guid":{"rendered":"https:\/\/dev2.mgvpublications.com\/?post_type=product&#038;p=16705"},"modified":"2022-06-17T17:36:19","modified_gmt":"2022-06-17T15:36:19","slug":"elif-ve-en-sevdigi-midilli-ilk-okuma-kitabim","status":"publish","type":"product","link":"https:\/\/mgvpublications.com\/de\/elif-ve-en-sevdigi-midilli-ilk-okuma-kitabim\/","title":{"rendered":"Elif ve En Sevdi\u011fi Midilli \/ \u0130lk Okuma Kitab\u0131m"},"content":{"rendered":"<p>\u00c7evirmen: Mustafa T\u00fczel<br \/>Yay\u0131n Tarihi: 27.07.2018<br \/>Orijinal Ad\u0131: Conni und ihr Lieblingspony<br \/>ISBN: 9786053325420<br \/>Dil: T\u00dcRK\u00c7E<br \/>Sayfa Say\u0131s\u0131: 24<br \/>Cilt Tipi: Karton Kapak<br \/>Ka\u011f\u0131t Cinsi: Ku\u015fe Ka\u011f\u0131t<br \/>Boyut: 22 x 22 cm<\/p>","protected":false},"excerpt":{"rendered":"<p>Binicilik dersleri alan Elif, at \u00e7iftli\u011findeki midillisi Benekli\u2019yi \u00e7ok seviyordu. Arkada\u015f\u0131 Ay\u015fe de Benekli\u2019yle \u00e7ok iyi anla\u015f\u0131nca, Elif \u00e7ok \u00fcz\u00fcld\u00fc. \u00dcstelik Ay\u015fe \u00e7ok yetenekli bir biniciydi. Acaba art\u0131k derslerde Benekli\u2019ye Ay\u015fe mi binecekti?<\/p>","protected":false},"featured_media":21460,"template":"","meta":{"spay_email":""},"product_cat":[172],"product_tag":[],"item":[336],"acf":[],"_links":{"self":[{"href":"https:\/\/mgvpublications.com\/de\/wp-json\/wp\/v2\/product\/16705"}],"collection":[{"href":"https:\/\/mgvpublications.com\/de\/wp-json\/wp\/v2\/product"}],"about":[{"href":"https:\/\/mgvpublications.com\/de\/wp-json\/wp\/v2\/types\/product"}],"wp:featuredmedia":[{"embeddable":true,"href":"https:\/\/mgvpublications.com\/de\/wp-json\/wp\/v2\/media\/21460"}],"wp:attachment":[{"href":"https:\/\/mgvpublications.com\/de\/wp-json\/wp\/v2\/media?parent=16705"}],"wp:term":[{"taxonomy":"product_cat","embeddable":true,"href":"https:\/\/mgvpublications.com\/de\/wp-json\/wp\/v2\/product_cat?post=16705"},{"taxonomy":"product_tag","embeddable":true,"href":"https:\/\/mgvpublications.com\/de\/wp-json\/wp\/v2\/product_tag?post=16705"},{"taxonomy":"item","embeddable":true,"href":"https:\/\/mgvpublications.com\/de\/wp-json\/wp\/v2\/item?post=16705"}],"curies":[{"name":"wp","href":"https:\/\/api.w.org\/{rel}","templated":true}]}}