{"id":16700,"date":"2021-01-24T23:40:48","date_gmt":"2021-01-24T22:40:48","guid":{"rendered":"https:\/\/dev2.mgvpublications.com\/?post_type=product&#038;p=16700"},"modified":"2022-03-08T22:49:48","modified_gmt":"2022-03-08T21:49:48","slug":"elif-tatile-gidiyor","status":"publish","type":"product","link":"https:\/\/mgvpublications.com\/de\/elif-tatile-gidiyor\/","title":{"rendered":"Elif Tatile Gidiyor"},"content":{"rendered":"<div>\u00c7evirmen: E. G\u00f6zde D\u00f6nmez<\/div>\n<div>Yay\u0131n Tarihi: 24.05.2019<\/div>\n<div>Orijinal Ad\u0131: Conni geht auf Reisen<\/div>\n<div>ISBN: 9786053328735<\/div>\n<div>Dil: T\u00dcRK\u00c7E<\/div>\n<div>Sayfa Say\u0131s\u0131: 24<\/div>\n<div>Cilt Tipi: Karton Kapak<\/div>\n<div>Ka\u011f\u0131t Cinsi: Kitap Ka\u011f\u0131d\u0131<\/div>\n<div>Boyut: 22 x 22 cm<\/div>","protected":false},"excerpt":{"rendered":"<p>Elif ailesiyle birlikte deniz tatiline gitti.<br \/>\nHer g\u00fcn denizde y\u00fczd\u00fc, sahilde oynad\u0131.<br \/>\nYeni arkada\u015f\u0131yla \u00e7ok g\u00fczel vakit ge\u00e7irdi.<br \/>\nSahilde foklar\u0131 g\u00f6rd\u00fc. Bir fok yavrusunu bile kurtard\u0131.<br \/>\nYaz tatili harika ge\u00e7iyor&#8230;<\/p>","protected":false},"featured_media":16703,"template":"","meta":{"spay_email":""},"product_cat":[172],"product_tag":[],"item":[336],"acf":[],"_links":{"self":[{"href":"https:\/\/mgvpublications.com\/de\/wp-json\/wp\/v2\/product\/16700"}],"collection":[{"href":"https:\/\/mgvpublications.com\/de\/wp-json\/wp\/v2\/product"}],"about":[{"href":"https:\/\/mgvpublications.com\/de\/wp-json\/wp\/v2\/types\/product"}],"wp:featuredmedia":[{"embeddable":true,"href":"https:\/\/mgvpublications.com\/de\/wp-json\/wp\/v2\/media\/16703"}],"wp:attachment":[{"href":"https:\/\/mgvpublications.com\/de\/wp-json\/wp\/v2\/media?parent=16700"}],"wp:term":[{"taxonomy":"product_cat","embeddable":true,"href":"https:\/\/mgvpublications.com\/de\/wp-json\/wp\/v2\/product_cat?post=16700"},{"taxonomy":"product_tag","embeddable":true,"href":"https:\/\/mgvpublications.com\/de\/wp-json\/wp\/v2\/product_tag?post=16700"},{"taxonomy":"item","embeddable":true,"href":"https:\/\/mgvpublications.com\/de\/wp-json\/wp\/v2\/item?post=16700"}],"curies":[{"name":"wp","href":"https:\/\/api.w.org\/{rel}","templated":true}]}}