{"id":16695,"date":"2021-01-24T23:38:48","date_gmt":"2021-01-24T22:38:48","guid":{"rendered":"https:\/\/dev2.mgvpublications.com\/?post_type=product&#038;p=16695"},"modified":"2022-03-08T22:49:47","modified_gmt":"2022-03-08T21:49:47","slug":"elif-hastanede-ilk-okuma-kitabim","status":"publish","type":"product","link":"https:\/\/mgvpublications.com\/de\/elif-hastanede-ilk-okuma-kitabim\/","title":{"rendered":"Elif Hastanede \/ \u0130lk Okuma Kitab\u0131m"},"content":{"rendered":"<div>\u00c7evirmen: Aylin Gergin<\/div>\n<div>Yay\u0131n Tarihi: 26.09.2019<\/div>\n<div>Orijinal Ad\u0131: Conni im Krankenhaus<\/div>\n<div>ISBN: 9786052953105<\/div>\n<div>Dil: T\u00dcRK\u00c7E<\/div>\n<div>Sayfa Say\u0131s\u0131: 24<\/div>\n<div>Cilt Tipi: Karton Kapak<\/div>\n<div>Ka\u011f\u0131t Cinsi: Kitap Ka\u011f\u0131d\u0131<\/div>\n<div>Boyut: 22 x 22 cm<\/div>","protected":false},"excerpt":{"rendered":"<p>Elif kayd\u0131raktan kayarken baca\u011f\u0131n\u0131 k\u0131rd\u0131\u011f\u0131 i\u00e7in hastanede yatmak zorundayd\u0131. Neyse ki annesi yan\u0131ndayd\u0131 ve onu hi\u00e7 yaln\u0131z b\u0131rakm\u0131yordu. Elif birka\u00e7 g\u00fcn i\u00e7inde hastaneye ve doktorlara al\u0131\u015ft\u0131. R\u00f6ntgen cihaz\u0131ndan ve kan vermekten korkmuyordu art\u0131k. \u00dcstelik hastanede yeni bir arkada\u015f da edindi.<\/p>","protected":false},"featured_media":16697,"template":"","meta":{"spay_email":""},"product_cat":[172],"product_tag":[],"item":[336],"acf":[],"_links":{"self":[{"href":"https:\/\/mgvpublications.com\/de\/wp-json\/wp\/v2\/product\/16695"}],"collection":[{"href":"https:\/\/mgvpublications.com\/de\/wp-json\/wp\/v2\/product"}],"about":[{"href":"https:\/\/mgvpublications.com\/de\/wp-json\/wp\/v2\/types\/product"}],"wp:featuredmedia":[{"embeddable":true,"href":"https:\/\/mgvpublications.com\/de\/wp-json\/wp\/v2\/media\/16697"}],"wp:attachment":[{"href":"https:\/\/mgvpublications.com\/de\/wp-json\/wp\/v2\/media?parent=16695"}],"wp:term":[{"taxonomy":"product_cat","embeddable":true,"href":"https:\/\/mgvpublications.com\/de\/wp-json\/wp\/v2\/product_cat?post=16695"},{"taxonomy":"product_tag","embeddable":true,"href":"https:\/\/mgvpublications.com\/de\/wp-json\/wp\/v2\/product_tag?post=16695"},{"taxonomy":"item","embeddable":true,"href":"https:\/\/mgvpublications.com\/de\/wp-json\/wp\/v2\/item?post=16695"}],"curies":[{"name":"wp","href":"https:\/\/api.w.org\/{rel}","templated":true}]}}