{"id":16690,"date":"2021-01-24T23:36:30","date_gmt":"2021-01-24T22:36:30","guid":{"rendered":"https:\/\/dev2.mgvpublications.com\/?post_type=product&#038;p=16690"},"modified":"2022-06-16T14:32:37","modified_gmt":"2022-06-16T12:32:37","slug":"elif-piknige-gidiyor-ilk-okuma-kitabim","status":"publish","type":"product","link":"https:\/\/mgvpublications.com\/de\/elif-piknige-gidiyor-ilk-okuma-kitabim\/","title":{"rendered":"Elif Pikni\u011fe Gidiyor \/ \u0130lk Okuma Kitab\u0131m"},"content":{"rendered":"<div>\u00c7evirmen: Aylin Gergin<\/div>\n<div>Yay\u0131n Tarihi: 27.05.2019<\/div>\n<div>Orijinal Ad\u0131: Conni macht einen Ausflug<\/div>\n<div>ISBN: 9786052950104<\/div>\n<div>Dil: T\u00dcRK\u00c7E<\/div>\n<div>Sayfa Say\u0131s\u0131: 24<\/div>\n<div>Cilt Tipi: Karton Kapak<\/div>\n<div>Ka\u011f\u0131t Cinsi: Ku\u015fe Ka\u011f\u0131t<\/div>\n<div>Boyut: 22 x 22 cm<\/div>","protected":false},"excerpt":{"rendered":"<p>Elif o g\u00fcn ailesiyle birlikte gezmeye gidecekti.<br \/>\nB\u00fcy\u00fckannesi, b\u00fcy\u00fckbabas\u0131 ve kuzeni Ferhat da onlarla gelecekti. Ormanda y\u00fcr\u00fcd\u00fcler ve \u00e7imenlerin \u00fcst\u00fcnde piknik yapt\u0131lar. \u00dcstelik dondurma yedikten sonra lokomotife de bineceklerdi. Ger\u00e7ekten g\u00fczel bir g\u00fcn ge\u00e7iriyorlard\u0131. Ta ki Elif ay\u0131c\u0131\u011f\u0131n\u0131 kaybedene kadar\u2026<\/p>","protected":false},"featured_media":16693,"template":"","meta":{"spay_email":""},"product_cat":[172],"product_tag":[],"item":[336],"acf":[],"_links":{"self":[{"href":"https:\/\/mgvpublications.com\/de\/wp-json\/wp\/v2\/product\/16690"}],"collection":[{"href":"https:\/\/mgvpublications.com\/de\/wp-json\/wp\/v2\/product"}],"about":[{"href":"https:\/\/mgvpublications.com\/de\/wp-json\/wp\/v2\/types\/product"}],"wp:featuredmedia":[{"embeddable":true,"href":"https:\/\/mgvpublications.com\/de\/wp-json\/wp\/v2\/media\/16693"}],"wp:attachment":[{"href":"https:\/\/mgvpublications.com\/de\/wp-json\/wp\/v2\/media?parent=16690"}],"wp:term":[{"taxonomy":"product_cat","embeddable":true,"href":"https:\/\/mgvpublications.com\/de\/wp-json\/wp\/v2\/product_cat?post=16690"},{"taxonomy":"product_tag","embeddable":true,"href":"https:\/\/mgvpublications.com\/de\/wp-json\/wp\/v2\/product_tag?post=16690"},{"taxonomy":"item","embeddable":true,"href":"https:\/\/mgvpublications.com\/de\/wp-json\/wp\/v2\/item?post=16690"}],"curies":[{"name":"wp","href":"https:\/\/api.w.org\/{rel}","templated":true}]}}