{"id":16684,"date":"2021-01-24T23:34:02","date_gmt":"2021-01-24T22:34:02","guid":{"rendered":"https:\/\/dev2.mgvpublications.com\/?post_type=product&#038;p=16684"},"modified":"2022-03-12T18:18:44","modified_gmt":"2022-03-12T17:18:44","slug":"elif-muzisyen","status":"publish","type":"product","link":"https:\/\/mgvpublications.com\/de\/elif-muzisyen\/","title":{"rendered":"Elif M\u00fczisyen"},"content":{"rendered":"<div><\/div>\n<div>\u00c7evirmen: Necdet Neydim<\/div>\n<div>Yay\u0131n Tarihi: 01.07.2019<\/div>\n<div>ISBN: 9786053601470<\/div>\n<div>Dil: T\u00dcRK\u00c7E<\/div>\n<div>Sayfa Say\u0131s\u0131: 24<\/div>\n<div>Cilt Tipi: Karton Kapak<\/div>\n<div>Ka\u011f\u0131t Cinsi: Ku\u015fe Ka\u011f\u0131t<\/div>\n<div>Boyut: 22 x 22 cm<\/div>","protected":false},"excerpt":{"rendered":"<p>M\u00fczi\u011fi \u00e7ok seven Elif evde \u015fark\u0131lar \u00e7almaya ba\u015flay\u0131nca, babas\u0131 m\u00fczik hakk\u0131nda bir \u015feyler \u00f6\u011frenmesi gerekti\u011fine karar verdi ve Elif\u2019i m\u00fczik okuluna yazd\u0131rd\u0131. M\u00fczik okulu o kadar e\u011flenceli bir yerdi ki, Elif k\u0131sa s\u00fcrede m\u00fczik hakk\u0131nda bir\u00e7ok \u015fey \u00f6\u011frendi. Bir s\u00fcre sonra kendi bestelerini yapmaya ba\u015flayan kahraman\u0131m\u0131z, bestelerinden biriyle bir yar\u0131\u015fma bile kazand\u0131.<\/p>","protected":false},"featured_media":16689,"template":"","meta":{"spay_email":""},"product_cat":[172],"product_tag":[],"item":[336],"acf":[],"_links":{"self":[{"href":"https:\/\/mgvpublications.com\/de\/wp-json\/wp\/v2\/product\/16684"}],"collection":[{"href":"https:\/\/mgvpublications.com\/de\/wp-json\/wp\/v2\/product"}],"about":[{"href":"https:\/\/mgvpublications.com\/de\/wp-json\/wp\/v2\/types\/product"}],"wp:featuredmedia":[{"embeddable":true,"href":"https:\/\/mgvpublications.com\/de\/wp-json\/wp\/v2\/media\/16689"}],"wp:attachment":[{"href":"https:\/\/mgvpublications.com\/de\/wp-json\/wp\/v2\/media?parent=16684"}],"wp:term":[{"taxonomy":"product_cat","embeddable":true,"href":"https:\/\/mgvpublications.com\/de\/wp-json\/wp\/v2\/product_cat?post=16684"},{"taxonomy":"product_tag","embeddable":true,"href":"https:\/\/mgvpublications.com\/de\/wp-json\/wp\/v2\/product_tag?post=16684"},{"taxonomy":"item","embeddable":true,"href":"https:\/\/mgvpublications.com\/de\/wp-json\/wp\/v2\/item?post=16684"}],"curies":[{"name":"wp","href":"https:\/\/api.w.org\/{rel}","templated":true}]}}