{"id":16679,"date":"2021-01-24T23:28:58","date_gmt":"2021-01-24T22:28:58","guid":{"rendered":"https:\/\/dev2.mgvpublications.com\/?post_type=product&#038;p=16679"},"modified":"2022-03-08T22:49:46","modified_gmt":"2022-03-08T21:49:46","slug":"elif-ciftlikte-ilk-okuma-kitabim","status":"publish","type":"product","link":"https:\/\/mgvpublications.com\/de\/elif-ciftlikte-ilk-okuma-kitabim\/","title":{"rendered":"Elif \u00c7iftlikte \/ \u0130lk Okuma Kitab\u0131m"},"content":{"rendered":"<div>\u00c7evirmen: Aylin Gergin<\/div>\n<div>Yay\u0131n Tarihi: 26.09.2019<\/div>\n<div>ISBN: 9786052952993<\/div>\n<div>Dil: T\u00dcRK\u00c7E<\/div>\n<div>Sayfa Say\u0131s\u0131: 24<\/div>\n<div>Cilt Tipi: Karton Kapak<\/div>\n<div>Ka\u011f\u0131t Cinsi: Kitap Ka\u011f\u0131d\u0131<\/div>\n<div>Boyut: 22 x 22 cm<\/div>","protected":false},"excerpt":{"rendered":"<p>Elif tatilini bir \u00e7iftlikte ge\u00e7irece\u011fi i\u00e7in \u00e7ok heyecanl\u0131yd\u0131. \u00c7iftli\u011fe gider gitmez, annesinin arkada\u015f\u0131n\u0131n k\u0131z\u0131yla arkada\u015f oldu. Yeni arkada\u015f\u0131 Elif\u2019e \u00e7iftli\u011fi gezdirdi. Elif \u00e7iftlikte ya\u015fayan tavuklar\u0131, tav\u015fanlar\u0131, inekleri, koyunlar\u0131 ve di\u011fer hayvanlar\u0131 \u00e7ok sevdi. Her sabah i\u00e7ti\u011fi s\u00fct\u00fcn sofraya nas\u0131l geldi\u011fini \u00f6\u011frendi, hatta inekten s\u00fct bile sa\u011fd\u0131!<\/p>","protected":false},"featured_media":16682,"template":"","meta":{"spay_email":""},"product_cat":[172],"product_tag":[],"item":[336],"acf":[],"_links":{"self":[{"href":"https:\/\/mgvpublications.com\/de\/wp-json\/wp\/v2\/product\/16679"}],"collection":[{"href":"https:\/\/mgvpublications.com\/de\/wp-json\/wp\/v2\/product"}],"about":[{"href":"https:\/\/mgvpublications.com\/de\/wp-json\/wp\/v2\/types\/product"}],"wp:featuredmedia":[{"embeddable":true,"href":"https:\/\/mgvpublications.com\/de\/wp-json\/wp\/v2\/media\/16682"}],"wp:attachment":[{"href":"https:\/\/mgvpublications.com\/de\/wp-json\/wp\/v2\/media?parent=16679"}],"wp:term":[{"taxonomy":"product_cat","embeddable":true,"href":"https:\/\/mgvpublications.com\/de\/wp-json\/wp\/v2\/product_cat?post=16679"},{"taxonomy":"product_tag","embeddable":true,"href":"https:\/\/mgvpublications.com\/de\/wp-json\/wp\/v2\/product_tag?post=16679"},{"taxonomy":"item","embeddable":true,"href":"https:\/\/mgvpublications.com\/de\/wp-json\/wp\/v2\/item?post=16679"}],"curies":[{"name":"wp","href":"https:\/\/api.w.org\/{rel}","templated":true}]}}