{"id":16673,"date":"2021-01-24T23:25:58","date_gmt":"2021-01-24T22:25:58","guid":{"rendered":"https:\/\/dev2.mgvpublications.com\/?post_type=product&#038;p=16673"},"modified":"2022-05-01T18:18:54","modified_gmt":"2022-05-01T16:18:54","slug":"elif-hayvanat-bahcesinde","status":"publish","type":"product","link":"https:\/\/mgvpublications.com\/de\/elif-hayvanat-bahcesinde\/","title":{"rendered":"Elif Hayvanat Bah\u00e7esinde"},"content":{"rendered":"<p>\u00c7evirmen: E. G\u00f6zde D\u00f6nmez<br \/>Yay\u0131n Tarihi: 26.09.2019<br \/>Orijinal Ad\u0131: Conni geht in den Zoo<br \/>ISBN: 9786053328728<br \/>Dil: T\u00dcRK\u00c7E<br \/>Sayfa Say\u0131s\u0131: 24<br \/>Cilt Tipi: Karton Kapak<br \/>Ka\u011f\u0131t Cinsi: Ku\u015fe Ka\u011f\u0131t<br \/>Boyut: 22 x 22 cm<\/p>","protected":false},"excerpt":{"rendered":"<p>Elif ve s\u0131n\u0131f arkada\u015flar\u0131 hayvanat bah\u00e7esi gezisine gidiyor. Orada g\u00f6r\u00fcp ke\u015ffedecekleri pek \u00e7ok \u015fey var. Zebra yavrusu annesini nas\u0131l tan\u0131r? Mirketler neyle beslenir? Maymunlar sadece muz mu yer? K\u00fc\u00e7\u00fck bir rakun ka\u00e7\u0131nca Elif ve arkada\u015flar\u0131 ne yapt\u0131? Macera dolu bir geziye haz\u0131r olun&#8230;<\/p>","protected":false},"featured_media":23243,"template":"","meta":{"spay_email":""},"product_cat":[172],"product_tag":[],"item":[336],"acf":[],"_links":{"self":[{"href":"https:\/\/mgvpublications.com\/de\/wp-json\/wp\/v2\/product\/16673"}],"collection":[{"href":"https:\/\/mgvpublications.com\/de\/wp-json\/wp\/v2\/product"}],"about":[{"href":"https:\/\/mgvpublications.com\/de\/wp-json\/wp\/v2\/types\/product"}],"wp:featuredmedia":[{"embeddable":true,"href":"https:\/\/mgvpublications.com\/de\/wp-json\/wp\/v2\/media\/23243"}],"wp:attachment":[{"href":"https:\/\/mgvpublications.com\/de\/wp-json\/wp\/v2\/media?parent=16673"}],"wp:term":[{"taxonomy":"product_cat","embeddable":true,"href":"https:\/\/mgvpublications.com\/de\/wp-json\/wp\/v2\/product_cat?post=16673"},{"taxonomy":"product_tag","embeddable":true,"href":"https:\/\/mgvpublications.com\/de\/wp-json\/wp\/v2\/product_tag?post=16673"},{"taxonomy":"item","embeddable":true,"href":"https:\/\/mgvpublications.com\/de\/wp-json\/wp\/v2\/item?post=16673"}],"curies":[{"name":"wp","href":"https:\/\/api.w.org\/{rel}","templated":true}]}}