{"id":16666,"date":"2021-01-24T23:23:29","date_gmt":"2021-01-24T22:23:29","guid":{"rendered":"https:\/\/dev2.mgvpublications.com\/?post_type=product&#038;p=16666"},"modified":"2022-06-16T17:59:52","modified_gmt":"2022-06-16T15:59:52","slug":"elife-kardes-geliyor-ilk-okuma-kitabim","status":"publish","type":"product","link":"https:\/\/mgvpublications.com\/de\/elife-kardes-geliyor-ilk-okuma-kitabim\/","title":{"rendered":"Elif\u2019e Karde\u015f Geliyor \/ \u0130lk Okuma Kitab\u0131m"},"content":{"rendered":"<p>\u00c7evirmen: Aylin Gergin<br \/>Yay\u0131n Tarihi: 16.04.2019<br \/>Orijinal Ad\u0131: Conni und das neue Baby<br \/>ISBN: 9786052953006<br \/>Dil: T\u00dcRK\u00c7E<br \/>Sayfa Say\u0131s\u0131: 24<br \/>Cilt Tipi: Karton Kapak<br \/>Ka\u011f\u0131t Cinsi: Ku\u015fe Ka\u011f\u0131t<br \/>Boyut: 22 x 22 cm<\/p>","protected":false},"excerpt":{"rendered":"<p>Elif, annesinin s\u00fcrekli \u015fi\u015fmanlamas\u0131n\u0131 \u00e7ok tuhaf buluyordu. Bir g\u00fcn, aileye bir bebek gelece\u011fini \u00f6\u011frendi! \u00d6nce biraz korktu, \u00e7\u00fcnk\u00fc annesiyle babas\u0131, bebe\u011fi Elif\u2019ten daha fazla sevebilirlerdi. Ama annesi onu her zaman \u00e7ok sevece\u011fini s\u00f6yledi\u011finde korkusu ge\u00e7iverdi. Karde\u015fi geldi\u011finde ise Elif mutluluktan havalara u\u00e7tu ve karde\u015finin bak\u0131m\u0131nda annesine \u00e7ok yard\u0131mc\u0131 oldu.<\/p>","protected":false},"featured_media":23240,"template":"","meta":{"spay_email":""},"product_cat":[172],"product_tag":[],"item":[336],"acf":[],"_links":{"self":[{"href":"https:\/\/mgvpublications.com\/de\/wp-json\/wp\/v2\/product\/16666"}],"collection":[{"href":"https:\/\/mgvpublications.com\/de\/wp-json\/wp\/v2\/product"}],"about":[{"href":"https:\/\/mgvpublications.com\/de\/wp-json\/wp\/v2\/types\/product"}],"wp:featuredmedia":[{"embeddable":true,"href":"https:\/\/mgvpublications.com\/de\/wp-json\/wp\/v2\/media\/23240"}],"wp:attachment":[{"href":"https:\/\/mgvpublications.com\/de\/wp-json\/wp\/v2\/media?parent=16666"}],"wp:term":[{"taxonomy":"product_cat","embeddable":true,"href":"https:\/\/mgvpublications.com\/de\/wp-json\/wp\/v2\/product_cat?post=16666"},{"taxonomy":"product_tag","embeddable":true,"href":"https:\/\/mgvpublications.com\/de\/wp-json\/wp\/v2\/product_tag?post=16666"},{"taxonomy":"item","embeddable":true,"href":"https:\/\/mgvpublications.com\/de\/wp-json\/wp\/v2\/item?post=16666"}],"curies":[{"name":"wp","href":"https:\/\/api.w.org\/{rel}","templated":true}]}}