{"id":16466,"date":"2021-01-24T00:20:13","date_gmt":"2021-01-23T23:20:13","guid":{"rendered":"https:\/\/dev2.mgvpublications.com\/?post_type=product&#038;p=16466"},"modified":"2022-06-16T14:03:20","modified_gmt":"2022-06-16T12:03:20","slug":"minik-elifin-tuvalet-egitimi-ilk-okuma-kitabim","status":"publish","type":"product","link":"https:\/\/mgvpublications.com\/de\/minik-elifin-tuvalet-egitimi-ilk-okuma-kitabim\/","title":{"rendered":"Minik Elif\u2019in Tuvalet E\u011fitimi \/ \u0130lk Okuma Kitab\u0131m"},"content":{"rendered":"<p>\u00c7evirmen: Aylin Gergin<br \/>Yay\u0131n Tarihi: 16.04.2019<br \/>Orijinal Ad\u0131: Conni geht aufs T\u00f6pfchen<br \/>ISBN: 9786052953143<br \/>Dil: T\u00dcRK\u00c7E<br \/>Sayfa Say\u0131s\u0131: 24<br \/>Cilt Tipi: Karton Kapak<br \/>Ka\u011f\u0131t Cinsi: Kitap Ka\u011f\u0131d\u0131<br \/>Boyut: 22 x 22 cm<\/p>","protected":false},"excerpt":{"rendered":"<p>Elif b\u00fcy\u00fcd\u00fc\u011f\u00fc i\u00e7in art\u0131k \u00e7ocuk bezi kullanmak istemiyordu! Annesiyle al\u0131\u015fveri\u015fe \u00e7\u0131kan Elif, renkli benekleri olan sar\u0131 bir laz\u0131ml\u0131k ald\u0131. Eve d\u00f6ner d\u00f6nmez laz\u0131ml\u0131\u011f\u0131n\u0131 kullanmaya ba\u015flad\u0131. \u0130lk ba\u015flarda tuvalete yeti\u015femedi\u011fi oluyordu ve k\u00fc\u00e7\u00fck kazalar ya\u015f\u0131yordu. Ancak annesi ile babas\u0131 Elif\u2019i devaml\u0131 destekleyerek ona cesaret verdiler. Okuyaca\u011f\u0131n\u0131z hik\u00e2ye b\u00fcy\u00fcmesinde ve tuvalet e\u011fitimi almas\u0131nda \u00e7ocu\u011funuza yol g\u00f6sterecektir.<\/p>","protected":false},"featured_media":23237,"template":"","meta":{"spay_email":""},"product_cat":[172],"product_tag":[],"item":[336],"acf":[],"_links":{"self":[{"href":"https:\/\/mgvpublications.com\/de\/wp-json\/wp\/v2\/product\/16466"}],"collection":[{"href":"https:\/\/mgvpublications.com\/de\/wp-json\/wp\/v2\/product"}],"about":[{"href":"https:\/\/mgvpublications.com\/de\/wp-json\/wp\/v2\/types\/product"}],"wp:featuredmedia":[{"embeddable":true,"href":"https:\/\/mgvpublications.com\/de\/wp-json\/wp\/v2\/media\/23237"}],"wp:attachment":[{"href":"https:\/\/mgvpublications.com\/de\/wp-json\/wp\/v2\/media?parent=16466"}],"wp:term":[{"taxonomy":"product_cat","embeddable":true,"href":"https:\/\/mgvpublications.com\/de\/wp-json\/wp\/v2\/product_cat?post=16466"},{"taxonomy":"product_tag","embeddable":true,"href":"https:\/\/mgvpublications.com\/de\/wp-json\/wp\/v2\/product_tag?post=16466"},{"taxonomy":"item","embeddable":true,"href":"https:\/\/mgvpublications.com\/de\/wp-json\/wp\/v2\/item?post=16466"}],"curies":[{"name":"wp","href":"https:\/\/api.w.org\/{rel}","templated":true}]}}