{"id":16462,"date":"2021-01-24T00:15:12","date_gmt":"2021-01-23T23:15:12","guid":{"rendered":"https:\/\/dev2.mgvpublications.com\/?post_type=product&#038;p=16462"},"modified":"2022-03-08T22:49:44","modified_gmt":"2022-03-08T21:49:44","slug":"alice-harikalar-diyarinda","status":"publish","type":"product","link":"https:\/\/mgvpublications.com\/de\/alice-harikalar-diyarinda\/","title":{"rendered":"Alice Harikalar Diyar\u0131nda"},"content":{"rendered":"<div>\u00c7evirmen: Sinan Ezber<\/div>\n<div>Yay\u0131n Tarihi: 25.07.2019<\/div>\n<div>Orijinal Ad\u0131: Alice\u2019s Adventures in Wonderland<\/div>\n<div>ISBN: 9786052950524<\/div>\n<div>Dil: T\u00dcRK\u00c7E<\/div>\n<div>Sayfa Say\u0131s\u0131: 112<\/div>\n<div>Cilt Tipi: Karton Kapak<\/div>\n<div>Ka\u011f\u0131t Cinsi: Kitap Ka\u011f\u0131d\u0131<\/div>\n<div>Boyut: 12.5 x 20.5 cm<\/div>","protected":false},"excerpt":{"rendered":"<p>Alice Harikalar Diyar\u0131nda, yaz\u0131ld\u0131\u011f\u0131 tarihten bu yana ge\u00e7en y\u00fcz elli y\u0131l\u0131 a\u015fk\u0131n s\u00fcre boyunca, edebiyat\u0131n e\u015fsiz eserlerinden biri olma \u00f6zelli\u011fini hep korudu. Hem \u00e7ocuk hem de yeti\u015fkin edebiyat\u0131nda \u00f6nemli bir yere sahip olan bu kitap, hayal g\u00fcc\u00fc zenginli\u011fiyle k\u00fc\u00e7\u00fck okurlara b\u00fcy\u00fcl\u00fc bir d\u00fcnya sunarken, yeti\u015fkinler i\u00e7in bu b\u00fcy\u00fcs\u00fcn\u00fc i\u00e7erdi\u011fi sembollerin anlam derinli\u011fiyle g\u00f6sterdi. Ad\u0131n\u0131n edebiyat tarihine alt\u0131n harflerle yaz\u0131lmas\u0131na yol a\u00e7an eserleri kadar, matematik\u00e7i ve mant\u0131k\u00e7\u0131 kimli\u011fiyle de tan\u0131nan Lewis Carroll\u2019un Alice Harikalar Diyar\u0131nda kurgusu, metne serpi\u015ftirilmi\u015f bilmecelerle okuru da kitab\u0131n bir kahraman\u0131 k\u0131lar.<\/p>","protected":false},"featured_media":16463,"template":"","meta":{"spay_email":""},"product_cat":[172],"product_tag":[],"item":[336],"acf":[],"_links":{"self":[{"href":"https:\/\/mgvpublications.com\/de\/wp-json\/wp\/v2\/product\/16462"}],"collection":[{"href":"https:\/\/mgvpublications.com\/de\/wp-json\/wp\/v2\/product"}],"about":[{"href":"https:\/\/mgvpublications.com\/de\/wp-json\/wp\/v2\/types\/product"}],"wp:featuredmedia":[{"embeddable":true,"href":"https:\/\/mgvpublications.com\/de\/wp-json\/wp\/v2\/media\/16463"}],"wp:attachment":[{"href":"https:\/\/mgvpublications.com\/de\/wp-json\/wp\/v2\/media?parent=16462"}],"wp:term":[{"taxonomy":"product_cat","embeddable":true,"href":"https:\/\/mgvpublications.com\/de\/wp-json\/wp\/v2\/product_cat?post=16462"},{"taxonomy":"product_tag","embeddable":true,"href":"https:\/\/mgvpublications.com\/de\/wp-json\/wp\/v2\/product_tag?post=16462"},{"taxonomy":"item","embeddable":true,"href":"https:\/\/mgvpublications.com\/de\/wp-json\/wp\/v2\/item?post=16462"}],"curies":[{"name":"wp","href":"https:\/\/api.w.org\/{rel}","templated":true}]}}