{"id":16460,"date":"2021-01-24T00:12:24","date_gmt":"2021-01-23T23:12:24","guid":{"rendered":"https:\/\/dev2.mgvpublications.com\/?post_type=product&#038;p=16460"},"modified":"2022-03-08T22:49:44","modified_gmt":"2022-03-08T21:49:44","slug":"beyaz-usta-siyah-cirak","status":"publish","type":"product","link":"https:\/\/mgvpublications.com\/de\/beyaz-usta-siyah-cirak\/","title":{"rendered":"Beyaz Usta Siyah \u00c7\u0131rak"},"content":{"rendered":"<p>Yay\u0131n Tarihi: 12.04.2019<br \/>ISBN: 9786050823288<br \/>Dil: T\u00dcRK\u00c7E<br \/>Sayfa Say\u0131s\u0131: 336<br \/>Cilt Tipi: Karton Kapak<br \/>Ka\u011f\u0131t Cinsi: Kitap Ka\u011f\u0131d\u0131<br \/>Boyut: 13.5 x 21 cm<\/p>","protected":false},"excerpt":{"rendered":"<p>12 Eyl\u00fcl\u2019\u00fcn darbesini yemi\u015f bir aile. Cezaevinde idamla yarg\u0131lanan bir abi, ge\u00e7irdi\u011fi fel\u00e7ten sonra yok h\u00fckm\u00fcnde bir baba ve bu iki ac\u0131 aras\u0131nda kalakalm\u0131\u015f bir anne. Ve ailesini derleyip toparlarken unutulmu\u015f, ihmal edilmi\u015f bir gen\u00e7 adam; Sarp. Ac\u0131larla, kay\u0131plarla ge\u00e7en gen\u00e7lik y\u0131llar\u0131ndan sonra, hangi pusula Sarp\u2019a \u00e7\u0131k\u0131\u015f yolunu g\u00f6sterecek? Bir yanda hi\u00e7 ummad\u0131\u011f\u0131 bir anda han\u0131meli kokular\u0131yla hayat\u0131na giren bir rehber, K\u0131ymetlim dedi\u011fi Ustas\u0131. Bir yanda kendini de Sarp\u2019\u0131 da a\u015fkla yakan bir kartal; Jammer. Ve bu iki \u00e7ekim merkezinin etkisinde A\u015fk\u2019\u0131n hallerini tecr\u00fcbe ederken yeniden do\u011fan Sarp. A\u015fk \u00c7\u00f6l\u00fc, A\u015fk Cephesi, Kanavi\u00e7e ve Kerime ile yak\u0131n tarihin ac\u0131lar\u0131n\u0131 en insani noktadan yakalayarak anlatan Bahad\u0131r Yeni\u015fehirlio\u011flu, Beyaz Usta Siyah \u00c7\u0131rak\u2019ta merce\u011fi bug\u00fcne ta\u015f\u0131yor. Modern insan\u0131n en temel a\u00e7mazlar\u0131ndan birini, hakikat aray\u0131\u015f\u0131nda savrulan bir gen\u00e7 adam\u0131n hik\u00e2yesini anlat\u0131yor. Beyaz Usta Siyah \u00c7\u0131rak, ge\u00e7mi\u015finden yorgun, gelece\u011fine hakiki bir yol arayan Sarp\u2019\u0131n hayal kadar \u015fa\u015f\u0131rt\u0131c\u0131 ama ger\u00e7ek hik\u00e2yesi.<\/p>","protected":false},"featured_media":18902,"template":"","meta":{"spay_email":""},"product_cat":[168],"product_tag":[],"item":[360],"acf":[],"_links":{"self":[{"href":"https:\/\/mgvpublications.com\/de\/wp-json\/wp\/v2\/product\/16460"}],"collection":[{"href":"https:\/\/mgvpublications.com\/de\/wp-json\/wp\/v2\/product"}],"about":[{"href":"https:\/\/mgvpublications.com\/de\/wp-json\/wp\/v2\/types\/product"}],"wp:featuredmedia":[{"embeddable":true,"href":"https:\/\/mgvpublications.com\/de\/wp-json\/wp\/v2\/media\/18902"}],"wp:attachment":[{"href":"https:\/\/mgvpublications.com\/de\/wp-json\/wp\/v2\/media?parent=16460"}],"wp:term":[{"taxonomy":"product_cat","embeddable":true,"href":"https:\/\/mgvpublications.com\/de\/wp-json\/wp\/v2\/product_cat?post=16460"},{"taxonomy":"product_tag","embeddable":true,"href":"https:\/\/mgvpublications.com\/de\/wp-json\/wp\/v2\/product_tag?post=16460"},{"taxonomy":"item","embeddable":true,"href":"https:\/\/mgvpublications.com\/de\/wp-json\/wp\/v2\/item?post=16460"}],"curies":[{"name":"wp","href":"https:\/\/api.w.org\/{rel}","templated":true}]}}