{"id":16450,"date":"2021-01-23T23:57:28","date_gmt":"2021-01-23T22:57:28","guid":{"rendered":"https:\/\/dev2.mgvpublications.com\/?post_type=product&#038;p=16450"},"modified":"2022-03-08T22:49:43","modified_gmt":"2022-03-08T21:49:43","slug":"atasozu-oykuleri","status":"publish","type":"product","link":"https:\/\/mgvpublications.com\/de\/atasozu-oykuleri\/","title":{"rendered":"Atas\u00f6z\u00fc \u00d6yk\u00fcleri"},"content":{"rendered":"<div>Yay\u0131n Tarihi: 12.11.2009<\/div>\n<div>ISBN: 9789758781959<\/div>\n<div>Dil: T\u00dcRK\u00c7E<\/div>\n<div>Sayfa Say\u0131s\u0131: 159<\/div>\n<div>Cilt Tipi: Karton Kapak<\/div>\n<div>Ka\u011f\u0131t Cinsi: Kitap Ka\u011f\u0131d\u0131<\/div>\n<div>Boyut: 16.5 x 23.5 cm<\/div>","protected":false},"excerpt":{"rendered":"<p>Y\u00dcKTE HAF\u0130F pahada a\u011f\u0131r diye bir s\u00f6z vard\u0131r. K\u00fc\u00e7\u00fck ama k\u0131ymeti \u00e7ok \u015feyler i\u00e7in s\u00f6ylenir.<br \/>\nMesela minicik bir elmas tanesi i\u00e7in, \u015fu kadarc\u0131k bir yakut ta\u015f\u0131 i\u00e7in, z\u00fcmr\u00fct i\u00e7in, amber i\u00e7in, y\u0131ld\u0131z renginde bir inci tanesi i\u00e7in..<br \/>\nAtas\u00f6zleri y\u00fckte hafif pahada a\u011f\u0131r s\u00f6zlerdir. \u00dc\u00e7 be\u015f kelime ile saatlerce anlata anlata ifade edemeyece\u011finiz anlamlar\u0131; yazmaya kalksan\u0131z, sayfalarca izah edemeyece\u011finiz manalar\u0131 bir atas\u00f6z\u00fc ile hemencik anlat\u0131verirsiniz.<br \/>\nDiyelim, bir arkada\u015f\u0131n\u0131z\u0131n o an i\u00e7in ihtiyac\u0131 olmayan bir \u015feyleri var. \u201cNereye koyay\u0131m, atay\u0131m m\u0131 ne yapay\u0131m?\u201d diye d\u00fc\u015f\u00fcn\u00fcp duruyor? Siz ona:<br \/>\n\u201cSen en iyisi bunlar\u0131 bir kenara koy. G\u00fcn gelir belki laz\u0131m olur. O zaman \u00e7\u0131kar\u0131r kullan\u0131rs\u0131n. Belki o g\u00fcn geldi\u011finde yenisini almak gibi bir imkan\u0131n olmaz. Belki sana \u00f6yle bir zamanda laz\u0131m olur ki, \u2018\u0130yi ki bunlar\u0131 saklam\u0131\u015f\u0131m dersin\u2019 bak o zaman nas\u0131l sevinirsin\u201d diyebilirsiniz. Ya da, \u201cSakla saman\u0131 gelir zaman\u0131\u201d dersiniz ve bu kadar laf\u0131 etmek zorunda kalmadan, s\u00f6ylemek istedi\u011finiz \u015feyi s\u00f6ylemi\u015f ve g\u00fczelce anlatm\u0131\u015f olursunuz. \u0130\u015fte atas\u00f6z\u00fc bilmenin en faydal\u0131 taraflar\u0131ndan biri budur.<br \/>\nBiz bu kitapta i\u015fte bu atas\u00f6z\u00fc \u00f6yk\u00fclerinden bir k\u0131sm\u0131n\u0131 derledik. Bu derlemeyi yaparken, \u00f6yk\u00fclerini bulabildi\u011fimiz atas\u00f6zler i\u00e7inden, size en \u00e7ok fayda verecek olanlar\u0131 se\u00e7tik.<br \/>\n\u00d6yk\u00fcleri m\u00fcmk\u00fcn oldu\u011fu kadar e\u011flenceli bir dille anlatmaya \u00e7al\u0131\u015ft\u0131k. Kitapta kulland\u0131\u011f\u0131m\u0131z dilin, zengin ama anla\u015f\u0131l\u0131r bir dil olmas\u0131na da \u00f6zellikle dikkat ettik. Belki baz\u0131 kelimeleri anlamayacaks\u0131n\u0131z. O zaman mutlaka bir s\u00f6zl\u00fc\u011fe bakmal\u0131s\u0131n\u0131z. B\u00f6ylece yeni bir atas\u00f6z\u00fc ve yeni bir atas\u00f6z\u00fc \u00f6yk\u00fcs\u00fc ile birlikte yeni bir kelime de \u00f6\u011frenmi\u015f olacaks\u0131n\u0131z.<br \/>\nHer ne kadar kitab\u0131m\u0131z\u0131n e\u011flenceli bir anlat\u0131m\u0131 var ise de, can\u0131 s\u0131k\u0131lan olur diye Sevgi \u0130\u00e7igen ablam\u0131z, birbirinden sevimli ve e\u011flenceli resimler \u00e7izdi.<br \/>\ndevam\u0131n\u0131 oku<\/p>","protected":false},"featured_media":16451,"template":"","meta":{"spay_email":""},"product_cat":[180],"product_tag":[],"item":[692],"acf":[],"_links":{"self":[{"href":"https:\/\/mgvpublications.com\/de\/wp-json\/wp\/v2\/product\/16450"}],"collection":[{"href":"https:\/\/mgvpublications.com\/de\/wp-json\/wp\/v2\/product"}],"about":[{"href":"https:\/\/mgvpublications.com\/de\/wp-json\/wp\/v2\/types\/product"}],"wp:featuredmedia":[{"embeddable":true,"href":"https:\/\/mgvpublications.com\/de\/wp-json\/wp\/v2\/media\/16451"}],"wp:attachment":[{"href":"https:\/\/mgvpublications.com\/de\/wp-json\/wp\/v2\/media?parent=16450"}],"wp:term":[{"taxonomy":"product_cat","embeddable":true,"href":"https:\/\/mgvpublications.com\/de\/wp-json\/wp\/v2\/product_cat?post=16450"},{"taxonomy":"product_tag","embeddable":true,"href":"https:\/\/mgvpublications.com\/de\/wp-json\/wp\/v2\/product_tag?post=16450"},{"taxonomy":"item","embeddable":true,"href":"https:\/\/mgvpublications.com\/de\/wp-json\/wp\/v2\/item?post=16450"}],"curies":[{"name":"wp","href":"https:\/\/api.w.org\/{rel}","templated":true}]}}