{"id":16446,"date":"2021-01-23T23:53:06","date_gmt":"2021-01-23T22:53:06","guid":{"rendered":"https:\/\/dev2.mgvpublications.com\/?post_type=product&#038;p=16446"},"modified":"2022-03-08T22:49:43","modified_gmt":"2022-03-08T21:49:43","slug":"kurana-gore-dort-terim","status":"publish","type":"product","link":"https:\/\/mgvpublications.com\/de\/kurana-gore-dort-terim\/","title":{"rendered":"Kurana G\u00f6re D\u00f6rt Terim"},"content":{"rendered":"<div>\u00c7evirmen: Yrd. Do\u00e7. Dr. Osman Cilac\u0131<\/div>\n<div>Yay\u0131n Tarihi: 01.12.1998<\/div>\n<div>ISBN: 9789754730258<\/div>\n<div>Dil: T\u00dcRK\u00c7E<\/div>\n<div>Sayfa Say\u0131s\u0131: 126<\/div>\n<div>Cilt Tipi: Karton Kapak<\/div>\n<div>Ka\u011f\u0131t Cinsi: 1. Hm. Ka\u011f\u0131t<\/div>\n<div>Boyut: 12.5 x 19.5 cm<\/div>","protected":false},"excerpt":{"rendered":"<p>\u0130nsan, \u0130lah&#8217;\u0131n ne oldu\u011funu, Rabb&#8217;\u0131n ne anlama geldi\u011fini, \u0130badetin neden ibaret oldu\u011funu, dinin neye dendi\u011fini anlamazsa, \u015f\u00fcphesiz, Kur&#8217;an-o Kerim&#8217;in tamam\u0131 onun g\u00f6zleri \u00f6n\u00fcnden, manas\u0131ndan hi\u00e7bir \u015fey anla\u015f\u0131lmayan, geli\u015fi g\u00fczel bir s\u00f6z y\u0131\u011f\u0131n\u0131 gibi ge\u00e7er gider. Bu durumda da Tevhid&#8217;in hakikatini bilemez; \u015firkin mahiyetini kavrayamaz. \u0130badetini Allah&#8217;a tahsis etmeye g\u00fcc\u00fc yetmedi\u011fi gibi, dininde de ihlasla Allah&#8217;a y\u00f6nelemez. Bu d\u00f6rt terimin ifade etmek istedi\u011fi mana, \u015fahs\u0131n zihninde kapal\u0131, kar\u0131\u015f\u0131k kal\u0131rsa ve onlar\u0131n manalar\u0131 hakk\u0131nda insan\u0131n bilgisi noksan olursa, tabi ki ona Kur&#8217;an-\u0131 Kerim&#8217;in hidayet ve ir\u015fad ad\u0131na sundu\u011fu \u015feyler de kar\u0131\u015f\u0131k g\u00f6r\u00fcn\u00fcr. Kur&#8217;an-\u0131 Kerim&#8217;e inanmakla beraber inanc\u0131 ile b\u00fct\u00fcn amelleri noksan kal\u0131r.<\/p>","protected":false},"featured_media":16447,"template":"","meta":{"spay_email":""},"product_cat":[174],"product_tag":[],"item":[389],"acf":[],"_links":{"self":[{"href":"https:\/\/mgvpublications.com\/de\/wp-json\/wp\/v2\/product\/16446"}],"collection":[{"href":"https:\/\/mgvpublications.com\/de\/wp-json\/wp\/v2\/product"}],"about":[{"href":"https:\/\/mgvpublications.com\/de\/wp-json\/wp\/v2\/types\/product"}],"wp:featuredmedia":[{"embeddable":true,"href":"https:\/\/mgvpublications.com\/de\/wp-json\/wp\/v2\/media\/16447"}],"wp:attachment":[{"href":"https:\/\/mgvpublications.com\/de\/wp-json\/wp\/v2\/media?parent=16446"}],"wp:term":[{"taxonomy":"product_cat","embeddable":true,"href":"https:\/\/mgvpublications.com\/de\/wp-json\/wp\/v2\/product_cat?post=16446"},{"taxonomy":"product_tag","embeddable":true,"href":"https:\/\/mgvpublications.com\/de\/wp-json\/wp\/v2\/product_tag?post=16446"},{"taxonomy":"item","embeddable":true,"href":"https:\/\/mgvpublications.com\/de\/wp-json\/wp\/v2\/item?post=16446"}],"curies":[{"name":"wp","href":"https:\/\/api.w.org\/{rel}","templated":true}]}}