{"id":16432,"date":"2021-01-23T23:37:41","date_gmt":"2021-01-23T22:37:41","guid":{"rendered":"https:\/\/dev2.mgvpublications.com\/?post_type=product&#038;p=16432"},"modified":"2022-12-11T10:33:39","modified_gmt":"2022-12-11T09:33:39","slug":"medine-sozlesmesi","status":"publish","type":"product","link":"https:\/\/mgvpublications.com\/de\/medine-sozlesmesi\/","title":{"rendered":"Medine S\u00f6zle\u015fmesi"},"content":{"rendered":"<div>Yay\u0131n Tarihi: 23.06.2020<\/div>\n<div>ISBN: 9786257009478<\/div>\n<div>Dil: T\u00dcRK\u00c7E<\/div>\n<div>Sayfa Say\u0131s\u0131: 703<\/div>\n<div>Cilt Tipi: Karton Kapak<\/div>\n<div>Ka\u011f\u0131t Cinsi: Kitap Ka\u011f\u0131d\u0131<\/div>\n<div>Boyut: 13.5 x 19.5 cm<\/div>","protected":false},"excerpt":{"rendered":"<p>Ayd\u0131nlanman\u0131n temel felsefi varsay\u0131mlar\u0131na g\u00f6re \u015fekillenmi\u015f modern ve arkas\u0131ndan gelen postmodern d\u00fcnyay\u0131 s\u00fcrd\u00fcrmek her zamankinden daha \u00e7ok zorla\u015fm\u0131\u015ft\u0131r. \u00dclkeler, s\u0131n\u0131flar ve b\u00f6lgeler aras\u0131nda e\u015fitsizlik giderek derinle\u015fiyor; i\u00e7 sava\u015flar, i\u015fgaller durmad\u0131, m\u00fclteciler milyonlar\u0131 buldu; iklim ve \u00e7evre sorunlar\u0131 daha \u00e7ok artt\u0131: \u015fiddet ve ter\u00f6r, ayr\u0131mc\u0131l\u0131k, \u0131rk\u00e7\u0131l\u0131k, yabanc\u0131 d\u00fc\u015fmanl\u0131\u011f\u0131 h\u0131z kesmedi; salg\u0131n hastal\u0131klar milyarlarca insan\u0131 bir anda tehdit eder hale geldi.<\/p>\n<p>\u0130slam d\u00fcnyas\u0131n\u0131n trajik durumu ortada: Din m\u00fcntesipleri, mezhep taraftarlar\u0131, \u00fclkeler, etnik gruplar, y\u00f6neticiler ve y\u00f6netilenler, yoksullar ile zenginler, sivil gruplar, \u00f6rg\u00fctler, kad\u0131n ve erkek birbiriyle \u00e7at\u0131\u015f\u0131p duruyor. Her bir grup di\u011ferini \u00f6tekile\u015ftirme \u015feytanla\u015ft\u0131r\u0131yor.<\/p>\n<p>Krizler bizi k\u00f6kl\u00fc bir paradigma de\u011fi\u015fikli\u011fine zorluyor. \u00d6zg\u00fcrl\u00fc\u011f\u00fc, ahlaki erdemleri, adaleti ve kar\u015f\u0131l\u0131kl\u0131 ihtiram\u0131 esas alan k\u00fcresel bir toplum s\u00f6zle\u015fmesine ihtiyac\u0131m\u0131z var. Bunun \u00f6rne\u011fini \u0130slam&#8217;\u0131n Peygamberi Medine S\u00f6zle\u015fmesi&#8217;nde bize g\u00f6sterdi. Modern ve postmodern zamanda insan\u0131n kendi varl\u0131\u011f\u0131yla, tabiatla ve hemcinsleriyle bozulan ili\u015fkisine \u00e7\u00f6z\u00fcm bulmadan, bu kriz ortam\u0131ndan \u00e7\u0131kamay\u0131z.<\/p>\n<p>Medine S\u00f6zle\u015fmesi, Kur&#8217;an ve Hz. Peygamber&#8217;in s\u00fcnnet ve siretinde \u015fekillenen mucizevi i\u015flerinden biridir. Tarihi tatbikat ve bug\u00fcnk\u00fc sorunlar\u0131 farkl\u0131 okundu\u011funda, \u0130slam d\u00fcnyas\u0131ndaki \u00e7at\u0131\u015fmalara ve k\u00fcresel d\u00fczeyde s\u00fcr\u00fcp giden insani ve sosyo politik krizlere bir \u00e7\u00f6z\u00fcm aray\u0131\u015f\u0131d\u0131r.<\/p>","protected":false},"featured_media":16433,"template":"","meta":{"spay_email":""},"product_cat":[170],"product_tag":[],"item":[1321],"acf":[],"_links":{"self":[{"href":"https:\/\/mgvpublications.com\/de\/wp-json\/wp\/v2\/product\/16432"}],"collection":[{"href":"https:\/\/mgvpublications.com\/de\/wp-json\/wp\/v2\/product"}],"about":[{"href":"https:\/\/mgvpublications.com\/de\/wp-json\/wp\/v2\/types\/product"}],"wp:featuredmedia":[{"embeddable":true,"href":"https:\/\/mgvpublications.com\/de\/wp-json\/wp\/v2\/media\/16433"}],"wp:attachment":[{"href":"https:\/\/mgvpublications.com\/de\/wp-json\/wp\/v2\/media?parent=16432"}],"wp:term":[{"taxonomy":"product_cat","embeddable":true,"href":"https:\/\/mgvpublications.com\/de\/wp-json\/wp\/v2\/product_cat?post=16432"},{"taxonomy":"product_tag","embeddable":true,"href":"https:\/\/mgvpublications.com\/de\/wp-json\/wp\/v2\/product_tag?post=16432"},{"taxonomy":"item","embeddable":true,"href":"https:\/\/mgvpublications.com\/de\/wp-json\/wp\/v2\/item?post=16432"}],"curies":[{"name":"wp","href":"https:\/\/api.w.org\/{rel}","templated":true}]}}