{"id":16430,"date":"2021-01-23T23:36:05","date_gmt":"2021-01-23T22:36:05","guid":{"rendered":"https:\/\/dev2.mgvpublications.com\/?post_type=product&#038;p=16430"},"modified":"2022-04-08T06:25:52","modified_gmt":"2022-04-08T04:25:52","slug":"hikayelerle-cocuklara-esma-i-husna-ciltli","status":"publish","type":"product","link":"https:\/\/mgvpublications.com\/de\/hikayelerle-cocuklara-esma-i-husna-ciltli\/","title":{"rendered":"Hikayelerle \u00c7ocuklara Esma-i H\u00fcsna (Ciltli)"},"content":{"rendered":"<p>Yay\u0131n Tarihi: 07.12.2016<br \/>ISBN: 9789751963130<br \/>Dil: T\u00dcRK\u00c7E<br \/>Sayfa Say\u0131s\u0131: 88<br \/>Cilt Tipi: Ciltli<br \/>Ka\u011f\u0131t Cinsi: Kitap Ka\u011f\u0131d\u0131<br \/>Boyut: 20.5 x 24.5 cm<\/p>","protected":false},"excerpt":{"rendered":"<p>Elinizdeki kitapta Rabbimizi daha \u00e7ok anal\u0131m, onu daha \u00e7ok tan\u0131yal\u0131m diye O&#8217;nun g\u00fczel isimlerinden yola \u00e7\u0131karak birbirinden e\u011flenceli hik\u00e2yeler haz\u0131rlamaya \u00e7al\u0131\u015ft\u0131k. Okurken daha \u00e7ok keyif i\u00e7in her hik\u00e2yeyi birbirinden g\u00fczel resimlerle s\u00fcsledik. Rabbimizin sevgisinin kalplerimize daha \u00e7ok yerle\u015fmesi, adlar\u0131n\u0131n daha \u00e7ok an\u0131lmas\u0131, dualar\u0131m\u0131z\u0131n esmalarla s\u00fcslenmesi dile\u011fiyle&#8230;<\/p>","protected":false},"featured_media":23289,"template":"","meta":{"spay_email":""},"product_cat":[172],"product_tag":[],"item":[960],"acf":[],"_links":{"self":[{"href":"https:\/\/mgvpublications.com\/de\/wp-json\/wp\/v2\/product\/16430"}],"collection":[{"href":"https:\/\/mgvpublications.com\/de\/wp-json\/wp\/v2\/product"}],"about":[{"href":"https:\/\/mgvpublications.com\/de\/wp-json\/wp\/v2\/types\/product"}],"wp:featuredmedia":[{"embeddable":true,"href":"https:\/\/mgvpublications.com\/de\/wp-json\/wp\/v2\/media\/23289"}],"wp:attachment":[{"href":"https:\/\/mgvpublications.com\/de\/wp-json\/wp\/v2\/media?parent=16430"}],"wp:term":[{"taxonomy":"product_cat","embeddable":true,"href":"https:\/\/mgvpublications.com\/de\/wp-json\/wp\/v2\/product_cat?post=16430"},{"taxonomy":"product_tag","embeddable":true,"href":"https:\/\/mgvpublications.com\/de\/wp-json\/wp\/v2\/product_tag?post=16430"},{"taxonomy":"item","embeddable":true,"href":"https:\/\/mgvpublications.com\/de\/wp-json\/wp\/v2\/item?post=16430"}],"curies":[{"name":"wp","href":"https:\/\/api.w.org\/{rel}","templated":true}]}}