{"id":16424,"date":"2021-01-23T21:55:09","date_gmt":"2021-01-23T20:55:09","guid":{"rendered":"https:\/\/dev2.mgvpublications.com\/?post_type=product&#038;p=16424"},"modified":"2022-03-12T13:00:34","modified_gmt":"2022-03-12T12:00:34","slug":"osmanlilar-futuhat-imparatorluk-avrupa-ile-iliskiler","status":"publish","type":"product","link":"https:\/\/mgvpublications.com\/de\/osmanlilar-futuhat-imparatorluk-avrupa-ile-iliskiler\/","title":{"rendered":"Osmanl\u0131lar F\u00fct\u00fchat, \u0130mparatorluk, Avrupa ile \u0130li\u015fkiler"},"content":{"rendered":"<div>Yay\u0131n Tarihi: 20.11.2018<\/div>\n<div>ISBN: 9786051141886<\/div>\n<div>Dil: T\u00dcRK\u00c7E<\/div>\n<div>Sayfa Say\u0131s\u0131: 320<\/div>\n<div>Cilt Tipi: Karton Kapak<\/div>\n<div>Ka\u011f\u0131t Cinsi: Kitap Ka\u011f\u0131d\u0131<\/div>\n<div>Boyut: 13.5 x 21 cm<\/div>","protected":false},"excerpt":{"rendered":"<p>ALTMI\u015e YILIN \u00dcR\u00dcN\u00dc; HAL\u0130L \u0130NALCIK OSMANLILAR\u2019I YAZDI\u2026<\/p>\n<p>Halil \u0130nalc\u0131k, Osmanl\u0131 sosyal-ekonomik yap\u0131s\u0131n\u0131, onu belirleyen belli ba\u015fl\u0131 kurum ve kanunlar\u0131, tahrir sistemini, Osmanl\u0131&#8217;n\u0131n kurulu\u015funa dair merak edilen sorular\u0131, Osmanl\u0131 fetih y\u00f6ntemlerini, tarihten g\u00fcn\u00fcm\u00fcze Avrupa ile ili\u015fkilerle alakal\u0131 bug\u00fcne kadar bilinmeyen bir\u00e7ok \u015feyi OSMANLILAR kitab\u0131nda anlat\u0131yor.<\/p>\n<p>\u201cBu kitab\u0131 okuyanlar umuyoruz ki, Osmanl\u0131 \u0130mparatorlu\u011fu\u2019nun ortaya \u00e7\u0131k\u0131\u015f\u0131 ve geli\u015fimi, fetih y\u00f6ntemleri, devlet sistemi ve nihayet ezeli rakibi H\u0131ristiyan Avrupa ile ili\u015fkileri \u00fczerine altm\u0131\u015f y\u0131la varan ara\u015ft\u0131rmalar\u0131m\u0131n genel \u00e7izgisini bulacakt\u0131r. \u201c Prof. Dr. Halil \u0130nalc\u0131k<\/p>\n<p>&nbsp;<\/p>\n<p>***<\/p>\n<p>\u201cHalil \u0130nalc\u0131k, bu sahan\u0131n en se\u00e7kin uygulay\u0131c\u0131lar\u0131ndan biri\u2026 D\u00fcnya bilimine katk\u0131lar\u0131 su g\u00f6t\u00fcrmez. \u00c7abalar\u0131n\u0131n hedefi haline gelmi\u015f konu \u00fczerinde bize sadece te\u015fekk\u00fcr etmek d\u00fc\u015fer.\u201d<\/p>\n<p>Immanuel Wallerstein<\/p>\n<p>***<\/p>\n<p>\u201cO y\u0131llarda Yunanistan \u201ccahiliye\u201d d\u00f6nemindeydi, \u0130nalc\u0131k\u2019\u0131n \u201cFatih Devri \u00dczerine Tetkikler ve Vesikalar\u201d kitab\u0131 \u00e7\u0131km\u0131\u015ft\u0131. Seminerde tan\u0131\u015ft\u0131\u011f\u0131m, bilgisiyle beni b\u00fcy\u00fcleyen bu gen\u00e7 adam T\u00fcrklere hayranl\u0131k duymam\u0131 sa\u011flad\u0131.\u201d<\/p>\n<p>Prof. Dr. Elizabeth Zachariadou<\/p>\n<p>***<\/p>\n<p>\u201c\u00c7ok etkileyici, biraz ciddi ve \u00e7ok fazla g\u00fclmeyen bir insan olarak haf\u0131zama kaydettim. Aram\u0131zda \u00e7ok fazla ya\u015f fark\u0131 vard\u0131, bir s\u00fcre dostluk anlam\u0131nda sorunsuz bir ili\u015fki s\u00fcrd\u00fcrd\u00fck ve bu dostlukta, ilgin\u00e7tir, ya\u015f fark\u0131n\u0131 hi\u00e7 hissetmedik. Onunla ilgili yayg\u0131n deyi\u015f \u201cOsmanl\u0131 Tarihinin Babas\u0131\u201dyd\u0131\u2026 Bu zaten \u00e7ok a\u00e7\u0131kt\u0131.\u201d<\/p>\n<p>Prof. Dr. Gilles Veinstein<br \/>\ndevam\u0131n\u0131 oku<\/p>","protected":false},"featured_media":16425,"template":"","meta":{"spay_email":""},"product_cat":[170],"product_tag":[],"item":[360],"acf":[],"_links":{"self":[{"href":"https:\/\/mgvpublications.com\/de\/wp-json\/wp\/v2\/product\/16424"}],"collection":[{"href":"https:\/\/mgvpublications.com\/de\/wp-json\/wp\/v2\/product"}],"about":[{"href":"https:\/\/mgvpublications.com\/de\/wp-json\/wp\/v2\/types\/product"}],"wp:featuredmedia":[{"embeddable":true,"href":"https:\/\/mgvpublications.com\/de\/wp-json\/wp\/v2\/media\/16425"}],"wp:attachment":[{"href":"https:\/\/mgvpublications.com\/de\/wp-json\/wp\/v2\/media?parent=16424"}],"wp:term":[{"taxonomy":"product_cat","embeddable":true,"href":"https:\/\/mgvpublications.com\/de\/wp-json\/wp\/v2\/product_cat?post=16424"},{"taxonomy":"product_tag","embeddable":true,"href":"https:\/\/mgvpublications.com\/de\/wp-json\/wp\/v2\/product_tag?post=16424"},{"taxonomy":"item","embeddable":true,"href":"https:\/\/mgvpublications.com\/de\/wp-json\/wp\/v2\/item?post=16424"}],"curies":[{"name":"wp","href":"https:\/\/api.w.org\/{rel}","templated":true}]}}