{"id":16409,"date":"2021-01-23T21:41:14","date_gmt":"2021-01-23T20:41:14","guid":{"rendered":"https:\/\/dev2.mgvpublications.com\/?post_type=product&#038;p=16409"},"modified":"2022-03-08T22:49:36","modified_gmt":"2022-03-08T21:49:36","slug":"muminlere-vaazlar-2-cilt-takim","status":"publish","type":"product","link":"https:\/\/mgvpublications.com\/de\/muminlere-vaazlar-2-cilt-takim\/","title":{"rendered":"M\u00fc&#8217;minlere Vaazlar (2 Cilt Tak\u0131m)"},"content":{"rendered":"<div>sYay\u0131n Tarihi: 21.01.2017<\/div>\n<div>ISBN: 9789758757893<\/div>\n<div>Dil: T\u00dcRK\u00c7E<\/div>\n<div>Sayfa Say\u0131s\u0131: 498<\/div>\n<div>Cilt Tipi: Karton Kapak<\/div>\n<div>Ka\u011f\u0131t Cinsi: Kitap Ka\u011f\u0131d\u0131<\/div>\n<div>Boyut: 15 x 22 cm<\/div>","protected":false},"excerpt":{"rendered":"<p>&#8220;\u0130man\u0131m var, inanc\u0131m var.&#8221; demekle ne kadar \u00f6v\u00fcn\u00fcr dururuz. Fakat onun i\u015fe yaray\u0131p yaramad\u0131\u011f\u0131na hi\u00e7 bakmay\u0131z. Peygamberimiz&#8217;in bize \u00f6\u011fretti\u011fi dualardan birisi de; &#8220;Y\u00e2 Rabbi! Fayda vermeyen ilimden, korkmayan g\u00f6n\u00fclden, kabul olunmayan amelden, dinlenmeyen ve kabul olmayan duadan sana s\u0131\u011f\u0131n\u0131r\u0131m.&#8221; demesi ne kadar g\u00fczeldir.<br \/>\n\u00d6yle de\u011fil mi aziz karde\u015fim?<br \/>\nBu d\u00fcnyaya her g\u00fcn bir s\u00fcr\u00fc insan\u0131n gelip bir s\u00fcr\u00fc insan\u0131n da mezarlara konmakta oldu\u011funu hepimiz g\u00f6r\u00fcp bilmekteyiz. E\u011fer &#8220;\u00d6ld\u00fckten sonra i\u015f bitti.&#8221; dersen iman ve \u0130sl\u00e2m&#8217;dan \u00e7ok uzak oldu\u011funu iyi bil&#8230;<br \/>\nPeygamberimiz sallallahu aleyhi ve sellem&#8217;in Cen\u00e2b-\u0131 Hakk&#8217;tan istedi\u011fi her hayr\u0131 biz de isteriz. Onun Hakk&#8217;a s\u0131\u011f\u0131nd\u0131\u011f\u0131 b\u00fct\u00fcn \u015ferlerden, biz de Hakk&#8217;a s\u0131\u011f\u0131n\u0131r\u0131z. Hakk\u0131m\u0131zda hay\u0131rlar ihsan buyursun. D\u00fcnya ve \u00e2hiretin b\u00fct\u00fcn \u015ferlerinden muhafaza buyursun. \u00c2m\u00een.<\/p>","protected":false},"featured_media":16410,"template":"","meta":{"spay_email":""},"product_cat":[174],"product_tag":[],"item":[699],"acf":[],"_links":{"self":[{"href":"https:\/\/mgvpublications.com\/de\/wp-json\/wp\/v2\/product\/16409"}],"collection":[{"href":"https:\/\/mgvpublications.com\/de\/wp-json\/wp\/v2\/product"}],"about":[{"href":"https:\/\/mgvpublications.com\/de\/wp-json\/wp\/v2\/types\/product"}],"wp:featuredmedia":[{"embeddable":true,"href":"https:\/\/mgvpublications.com\/de\/wp-json\/wp\/v2\/media\/16410"}],"wp:attachment":[{"href":"https:\/\/mgvpublications.com\/de\/wp-json\/wp\/v2\/media?parent=16409"}],"wp:term":[{"taxonomy":"product_cat","embeddable":true,"href":"https:\/\/mgvpublications.com\/de\/wp-json\/wp\/v2\/product_cat?post=16409"},{"taxonomy":"product_tag","embeddable":true,"href":"https:\/\/mgvpublications.com\/de\/wp-json\/wp\/v2\/product_tag?post=16409"},{"taxonomy":"item","embeddable":true,"href":"https:\/\/mgvpublications.com\/de\/wp-json\/wp\/v2\/item?post=16409"}],"curies":[{"name":"wp","href":"https:\/\/api.w.org\/{rel}","templated":true}]}}