{"id":16404,"date":"2021-01-23T21:36:12","date_gmt":"2021-01-23T20:36:12","guid":{"rendered":"https:\/\/dev2.mgvpublications.com\/?post_type=product&#038;p=16404"},"modified":"2022-03-08T22:49:35","modified_gmt":"2022-03-08T21:49:35","slug":"metastaz-2-cendere","status":"publish","type":"product","link":"https:\/\/mgvpublications.com\/de\/metastaz-2-cendere\/","title":{"rendered":"Metastaz 2: Cendere"},"content":{"rendered":"<div>Yay\u0131n Tarihi: 01.12.2020<\/div>\n<div>ISBN: 9786052987346<\/div>\n<div>Dil: T\u00dcRK\u00c7E<\/div>\n<div>Sayfa Say\u0131s\u0131: 296<\/div>\n<div>Cilt Tipi: Karton Kapak<\/div>\n<div>Ka\u011f\u0131t Cinsi: Kitap Ka\u011f\u0131d\u0131<\/div>\n<div>Boyut: 13.7 x 23 cm<\/div>","protected":false},"excerpt":{"rendered":"<p>\u201cOkudu\u011fumuz kitap bir yumruk gibi tepemize inip<br \/>\nbizi uyand\u0131rmad\u0131ktan sonra neye yarar?\u201d<br \/>\nFranz Kafka<br \/>\nCHP\u2019li Belediye Ba\u015fkanlar\u0131 \u0130mamo\u011flu ve \u00c7er\u00e7io\u011flu i\u00e7in yap\u0131lan ahlaks\u0131z teklifin arkas\u0131nda hangi AKP\u2019li Bakan vard\u0131?<br \/>\nPelikanc\u0131lar AKP i\u00e7inde hangi operasyonlar\u0131 yapt\u0131 ve kimleri fi\u015fledi?<br \/>\nYarg\u0131n\u0131n arka odalar\u0131nda hangi ses kay\u0131tlar\u0131 dola\u015f\u0131yor?<br \/>\nHolding patronu cinayetinin \u00fcst\u00fc hangi yollarla kapat\u0131lmak istendi?<br \/>\nHakimler ve savc\u0131lar gizlenen skandallar\u0131 ilk kez nas\u0131l anlatt\u0131?<br \/>\nAdliyeye getirilen ve i\u00e7inde 260 bin dolar olan \u00e7antan\u0131n s\u0131rr\u0131 neydi?<br \/>\nNurcular devlet i\u00e7inde nas\u0131l bir a\u011f kurdu?<br \/>\nYarg\u0131daki Pelikan-Hakyol m\u00fccadelesinin perde arkas\u0131nda ne vard\u0131?<br \/>\nFET\u00d6 borsas\u0131n\u0131n belgesinde neler yaz\u0131yordu?<br \/>\nAKP\u2019li bakanlar aras\u0131ndaki kavgan\u0131n bilinmeyen nedeni ne?<br \/>\nDiyanet\u2019in gizli tarikatlar raporu nas\u0131l s\u0131zd\u0131?<br \/>\n\u00d6ld\u00fcr\u00fclen AKP y\u00f6neticisinin e\u015fi sessizli\u011fini bozup neler anlatt\u0131?<br \/>\n15 Temmuz raporu asl\u0131nda neden bas\u0131lmad\u0131?<br \/>\nKartal \u0130mam Hatip mezunu olmak devlette hangi kap\u0131lar\u0131 a\u00e7\u0131yor?<br \/>\nErdo\u011fan\u2019\u0131n yak\u0131n\u0131n\u0131 hayata d\u00f6nd\u00fcren ismin ba\u015f\u0131na neler geldi?<br \/>\nBar\u0131\u015f Terko\u011flu ve Bar\u0131\u015f Pehlivan, devlette yarat\u0131lan \u00e7\u00fcr\u00fcmeyi ve herkesin hissetti\u011fi cendereyi belgeliyor. \u201cMetastaz 2: CENDERE\u201d \u00e7arp\u0131c\u0131 bir gazetecilik ara\u015ft\u0131rmas\u0131 olarak tarihe ge\u00e7ecek.<\/p>","protected":false},"featured_media":16405,"template":"","meta":{"spay_email":""},"product_cat":[173],"product_tag":[],"item":[697],"acf":[],"_links":{"self":[{"href":"https:\/\/mgvpublications.com\/de\/wp-json\/wp\/v2\/product\/16404"}],"collection":[{"href":"https:\/\/mgvpublications.com\/de\/wp-json\/wp\/v2\/product"}],"about":[{"href":"https:\/\/mgvpublications.com\/de\/wp-json\/wp\/v2\/types\/product"}],"wp:featuredmedia":[{"embeddable":true,"href":"https:\/\/mgvpublications.com\/de\/wp-json\/wp\/v2\/media\/16405"}],"wp:attachment":[{"href":"https:\/\/mgvpublications.com\/de\/wp-json\/wp\/v2\/media?parent=16404"}],"wp:term":[{"taxonomy":"product_cat","embeddable":true,"href":"https:\/\/mgvpublications.com\/de\/wp-json\/wp\/v2\/product_cat?post=16404"},{"taxonomy":"product_tag","embeddable":true,"href":"https:\/\/mgvpublications.com\/de\/wp-json\/wp\/v2\/product_tag?post=16404"},{"taxonomy":"item","embeddable":true,"href":"https:\/\/mgvpublications.com\/de\/wp-json\/wp\/v2\/item?post=16404"}],"curies":[{"name":"wp","href":"https:\/\/api.w.org\/{rel}","templated":true}]}}