{"id":16397,"date":"2021-01-23T21:29:45","date_gmt":"2021-01-23T20:29:45","guid":{"rendered":"https:\/\/dev2.mgvpublications.com\/?post_type=product&#038;p=16397"},"modified":"2022-03-08T22:49:35","modified_gmt":"2022-03-08T21:49:35","slug":"kalplerin-kesfi-mukasefetul-kulup-ciltsiz","status":"publish","type":"product","link":"https:\/\/mgvpublications.com\/de\/kalplerin-kesfi-mukasefetul-kulup-ciltsiz\/","title":{"rendered":"Kalplerin Ke\u015ffi \/ Muka\u015fefet\u00fc&#8217;l Kul\u00fcp (Ciltsiz)"},"content":{"rendered":"<p>\u00c7evirmen: Salih U\u00e7an<br \/>Yay\u0131n Tarihi: 11.04.2019<br \/>ISBN: 9786055457273<br \/>Dil: T\u00dcRK\u00c7E<br \/>Sayfa Say\u0131s\u0131: 582<br \/>Cilt Tipi: Karton Kapak<br \/>Ka\u011f\u0131t Cinsi: Kitap Ka\u011f\u0131d\u0131<br \/>Boyut: 15 x 22 cm<\/p>","protected":false},"excerpt":{"rendered":"<p>Muka\u015fefet\u00fc&#8217;l Kul\u00fcb konu itibariyle tasavvufi bir eserdir. \u0130\u00e7erik itibariyle kalpleri hassas bir \u0130slami hayata sevk etmeyi, oraya saf bir \u0130slami hayat\u0131 s\u0131k\u0131\u015ft\u0131rmay\u0131 hedef edinen bir eserdir. Muka\u015fefet\u00fc&#8217;l Kul\u00fcb bir \u201cKalpleri ihya\u201d kitab\u0131d\u0131r. Durumlar\u0131n\u0131 tespit ve ke\u015ffedip aralayarak, ortaya \u00e7\u0131kararak \u0131slaha \u00e7al\u0131\u015fmay\u0131 \u00f6\u011freten bir eserdir. Tasavvuf kalp ile me\u015fgul olan bir ilimdir. Malumdur ki, kalp nas\u0131l olursa d\u0131\u015f aza ve ya\u015fay\u0131\u015f da ona uygun bir manzara arz eder. Allah Tela&#8217;n\u0131n; \u201cHer kulun kalbini g\u00fcnde birka\u00e7 kere kontrol etti\u011fi\u201d hadisinin manas\u0131na itibarla tasavvufta amellerin zuhur mahalli olan kalp ele al\u0131nm\u0131\u015ft\u0131r.<\/p>","protected":false},"featured_media":22616,"template":"","meta":{"spay_email":""},"product_cat":[174],"product_tag":[],"item":[404],"acf":[],"_links":{"self":[{"href":"https:\/\/mgvpublications.com\/de\/wp-json\/wp\/v2\/product\/16397"}],"collection":[{"href":"https:\/\/mgvpublications.com\/de\/wp-json\/wp\/v2\/product"}],"about":[{"href":"https:\/\/mgvpublications.com\/de\/wp-json\/wp\/v2\/types\/product"}],"wp:featuredmedia":[{"embeddable":true,"href":"https:\/\/mgvpublications.com\/de\/wp-json\/wp\/v2\/media\/22616"}],"wp:attachment":[{"href":"https:\/\/mgvpublications.com\/de\/wp-json\/wp\/v2\/media?parent=16397"}],"wp:term":[{"taxonomy":"product_cat","embeddable":true,"href":"https:\/\/mgvpublications.com\/de\/wp-json\/wp\/v2\/product_cat?post=16397"},{"taxonomy":"product_tag","embeddable":true,"href":"https:\/\/mgvpublications.com\/de\/wp-json\/wp\/v2\/product_tag?post=16397"},{"taxonomy":"item","embeddable":true,"href":"https:\/\/mgvpublications.com\/de\/wp-json\/wp\/v2\/item?post=16397"}],"curies":[{"name":"wp","href":"https:\/\/api.w.org\/{rel}","templated":true}]}}