{"id":16391,"date":"2021-01-23T21:23:47","date_gmt":"2021-01-23T20:23:47","guid":{"rendered":"https:\/\/dev2.mgvpublications.com\/?post_type=product&#038;p=16391"},"modified":"2022-03-08T22:49:34","modified_gmt":"2022-03-08T21:49:34","slug":"davet-yolunda-bir-siyah-bir-beyaz","status":"publish","type":"product","link":"https:\/\/mgvpublications.com\/de\/davet-yolunda-bir-siyah-bir-beyaz\/","title":{"rendered":"Davet Yolunda Bir Siyah Bir Beyaz"},"content":{"rendered":"<div>Yay\u0131n Tarihi: 14.01.2019<\/div>\n<div>ISBN: 9786057901040<\/div>\n<div>Dil: T\u00dcRK\u00c7E<\/div>\n<div>Sayfa Say\u0131s\u0131: 160<\/div>\n<div>Cilt Tipi: Karton Kapak<\/div>\n<div>Ka\u011f\u0131t Cinsi: Kitap Ka\u011f\u0131d\u0131<\/div>\n<div>Boyut: 12.5 x 19.5 cm<\/div>","protected":false},"excerpt":{"rendered":"<p>S\u0131ra d\u0131\u015f\u0131 iki insan&#8230;<br \/>\nBir siyah&#8230; Bir beyaz&#8230;<br \/>\nBir erkek&#8230; Bir kad\u0131n&#8230;<br \/>\nBir engelsiz&#8230; Bir engelli&#8230;<br \/>\nBiri motosikletli&#8230; Di\u011feri tekerlekli sandalyede&#8230;<br \/>\nBiri m\u00fchtedi&#8230; Di\u011feri bildi\u011fimiz M\u00fcsl\u00fcman&#8230;<br \/>\nBiri Afrika\u2019da&#8230; Di\u011feri Avrupa\u2019da&#8230;<br \/>\n\u0130ki \u015fahit&#8230; \u0130ki davet\u00e7i&#8230; \u0130ki dertli&#8230; \u0130ki dava delisi&#8230; \u0130ki adanm\u0131\u015f&#8230; \u0130ki seferi&#8230; \u0130ki s\u00fcvari&#8230;<br \/>\nNevi \u015fahs\u0131na m\u00fcnhas\u0131r iki \u015fahsiyet&#8230;<br \/>\nHer birimizin zihnini uyaracak, kalbini titretecek, ruhunu diriltecek; iki nurlu sima, iki Rabbani \u00f6yk\u00fc&#8230;<br \/>\nModern d\u00f6nemlerin iki duru ve diri davet\u00e7isinden bahsediyorum. Yal\u0131n ve yaln\u0131z ama y\u0131lmaz ve yorulmak nedir bilmez iki y\u00fcre\u011fin y\u00fcr\u00fcy\u00fc\u015f\u00fcn\u00fc payla\u015fmak istiyorum.<br \/>\nMaskesiz, makyajs\u0131z&#8230; \u0130maj ve prestij derdi olmayan&#8230; Safvetin ve samimiyetin simgesi olan iki isim&#8230; Bu iki isim asl\u0131nda birer ki\u015fi de\u011fil adeta birer simge&#8230;<br \/>\nYabanc\u0131la\u015fmaya direnen, temsil ve tebli\u011f g\u00fcc\u00fc y\u00fcksek iki y\u00fcrek&#8230;<br \/>\nMusa Bangura ve G\u00fclseren G\u00fcm\u00fc\u015f&#8230;<\/p>","protected":false},"featured_media":16392,"template":"","meta":{"spay_email":""},"product_cat":[175],"product_tag":[],"item":[1321],"acf":[],"_links":{"self":[{"href":"https:\/\/mgvpublications.com\/de\/wp-json\/wp\/v2\/product\/16391"}],"collection":[{"href":"https:\/\/mgvpublications.com\/de\/wp-json\/wp\/v2\/product"}],"about":[{"href":"https:\/\/mgvpublications.com\/de\/wp-json\/wp\/v2\/types\/product"}],"wp:featuredmedia":[{"embeddable":true,"href":"https:\/\/mgvpublications.com\/de\/wp-json\/wp\/v2\/media\/16392"}],"wp:attachment":[{"href":"https:\/\/mgvpublications.com\/de\/wp-json\/wp\/v2\/media?parent=16391"}],"wp:term":[{"taxonomy":"product_cat","embeddable":true,"href":"https:\/\/mgvpublications.com\/de\/wp-json\/wp\/v2\/product_cat?post=16391"},{"taxonomy":"product_tag","embeddable":true,"href":"https:\/\/mgvpublications.com\/de\/wp-json\/wp\/v2\/product_tag?post=16391"},{"taxonomy":"item","embeddable":true,"href":"https:\/\/mgvpublications.com\/de\/wp-json\/wp\/v2\/item?post=16391"}],"curies":[{"name":"wp","href":"https:\/\/api.w.org\/{rel}","templated":true}]}}