{"id":16390,"date":"2021-01-23T21:21:57","date_gmt":"2021-01-23T20:21:57","guid":{"rendered":"https:\/\/dev2.mgvpublications.com\/?post_type=product&#038;p=16390"},"modified":"2022-03-08T22:49:33","modified_gmt":"2022-03-08T21:49:33","slug":"ihlas-cagrisi","status":"publish","type":"product","link":"https:\/\/mgvpublications.com\/de\/ihlas-cagrisi\/","title":{"rendered":"\u0130hlas \u00c7a\u011fr\u0131s\u0131"},"content":{"rendered":"<div>Yay\u0131n Tarihi: 01.09.2007<\/div>\n<div>ISBN: 9786059853149<\/div>\n<div>Dil: T\u00dcRK\u00c7E<\/div>\n<div>Sayfa Say\u0131s\u0131: 160<\/div>\n<div>Cilt Tipi: Karton Kapak<\/div>\n<div>Ka\u011f\u0131t Cinsi: Kitap Ka\u011f\u0131d\u0131<\/div>\n<div>Boyut: 13 x 21 cm<\/div>","protected":false},"excerpt":{"rendered":"<p>\u0130slami ve insani de\u011ferlerin, duyarl\u0131l\u0131klar\u0131n h\u0131zla a\u015f\u0131nd\u0131\u011f\u0131 bir zaman diliminde ya\u015f\u0131yoruz&#8230; Toplumlar y\u00f6ns\u00fczl\u00fck girdab\u0131na s\u00fcr\u00fckleniyor&#8230; Maddi ve fiziki gereksinimleri giderilen insan, &#8220;kutsal&#8221; olandan, &#8220;ilahi&#8221; olandan, &#8220;metafizik&#8221; olandan kopar\u0131l\u0131yor&#8230; Ve insan savunmas\u0131z&#8230; \u00d6z\u00fcnden kopan&#8230; Ba\u015fkala\u015fan, kendi olmayan birey, yabanc\u0131la\u015fma s\u00fcrecinde g\u00fcvensiz.. G\u00f6n\u00fcls\u00fcz.. Yaln\u0131z ve so\u011fuk&#8230; Ku\u015fkulu ve doyumsuz&#8230; &#8220;G\u00f6n\u00fcl&#8221; ve &#8220;g\u00fcven&#8221; y\u0131k\u0131ma u\u011frad\u0131&#8230; Ak\u0131l ve g\u00fc\u00e7 kutsand\u0131&#8230;<\/p>\n<p>\u0130nsano\u011flu \u00fcretti\u011fi teknolojinin esiri&#8230; S\u0131cak ve samimi d\u00fcnyalar\u0131n yerni sanal d\u00fcnyalar ald\u0131&#8230; Yapay duru\u015flar&#8230; Mekanik ili\u015fkiler&#8230; Dijital bir ya\u015fam&#8230; Bencil duygular&#8230; F\u0131rsat\u00e7\u0131 bak\u0131\u015flar&#8230;\u00e7\u0131karc\u0131 hesaplar&#8230; \u00c7a\u011fda\u015f insan\u0131n ya\u015fam felsefesi&#8230;<\/p>","protected":false},"featured_media":16429,"template":"","meta":{"spay_email":""},"product_cat":[174],"product_tag":[],"item":[1321],"acf":[],"_links":{"self":[{"href":"https:\/\/mgvpublications.com\/de\/wp-json\/wp\/v2\/product\/16390"}],"collection":[{"href":"https:\/\/mgvpublications.com\/de\/wp-json\/wp\/v2\/product"}],"about":[{"href":"https:\/\/mgvpublications.com\/de\/wp-json\/wp\/v2\/types\/product"}],"wp:featuredmedia":[{"embeddable":true,"href":"https:\/\/mgvpublications.com\/de\/wp-json\/wp\/v2\/media\/16429"}],"wp:attachment":[{"href":"https:\/\/mgvpublications.com\/de\/wp-json\/wp\/v2\/media?parent=16390"}],"wp:term":[{"taxonomy":"product_cat","embeddable":true,"href":"https:\/\/mgvpublications.com\/de\/wp-json\/wp\/v2\/product_cat?post=16390"},{"taxonomy":"product_tag","embeddable":true,"href":"https:\/\/mgvpublications.com\/de\/wp-json\/wp\/v2\/product_tag?post=16390"},{"taxonomy":"item","embeddable":true,"href":"https:\/\/mgvpublications.com\/de\/wp-json\/wp\/v2\/item?post=16390"}],"curies":[{"name":"wp","href":"https:\/\/api.w.org\/{rel}","templated":true}]}}