{"id":16376,"date":"2021-01-23T21:07:20","date_gmt":"2021-01-23T20:07:20","guid":{"rendered":"https:\/\/dev2.mgvpublications.com\/?post_type=product&#038;p=16376"},"modified":"2022-03-08T22:49:32","modified_gmt":"2022-03-08T21:49:32","slug":"kuranda-karakter-insasi","status":"publish","type":"product","link":"https:\/\/mgvpublications.com\/de\/kuranda-karakter-insasi\/","title":{"rendered":"Kuranda Karakter \u0130n\u015fas\u0131"},"content":{"rendered":"<div>Editor: Yasemin Mu\u015f<\/div>\n<div>Kapak: Yasin \u00c7etin<\/div>\n<div>Yay\u0131n Tarihi: 02.10.2020<\/div>\n<div>ISBN: 9789753625470<\/div>\n<div>Dil: T\u00dcRK\u00c7E<\/div>\n<div>Sayfa Say\u0131s\u0131: 432<\/div>\n<div>Cilt Tipi: Karton Kapak<\/div>\n<div>Ka\u011f\u0131t Cinsi: Kitap Ka\u011f\u0131d\u0131<\/div>\n<div>Boyut: 13.5 x 21 cm<\/div>","protected":false},"excerpt":{"rendered":"<p>Modern \u00e7a\u011fda ulvi y\u00f6neli\u015fini kaybeden insan, tarihte ya\u015fanan cahiliye devirlerini aratacak derecede \u00f6z\u00fcnden kopmu\u015f, Y\u00fcce Yarat\u0131c\u0131&#8217;n\u0131n bah\u015fetti\u011fi erdemleri elinin tersiyle bir kenara itmi\u015f, s\u00fcfli hedefleri do\u011frultusunda in\u015fa etti\u011fi profan d\u00fcnyada nefsi ve \u015feytan\u0131yla ba\u015f ba\u015fa kalm\u0131\u015f ve b\u00f6ylece d\u00fcnyay\u0131 kendisine zindan etmi\u015ftir.<br \/>\nArt\u0131k insan, i\u00e7ine d\u00fc\u015ft\u00fc\u011f\u00fc bu buhrandan kurtulmak i\u00e7in \u00f6zele\u015ftiri yapmak, kendisini yeniden tan\u0131mak ve tan\u0131mlamak, madd\u00ee ve manev\u00ee varl\u0131\u011f\u0131n\u0131; olumlu ve olumsuz y\u00f6nlerinin fark\u0131nda olarak en sahici ve samimi bir bi\u00e7imde yeniden in\u015fa etmek zorundad\u0131r. Bunu yaparken de kendisini bir ama\u00e7 do\u011frultusunda yaratan, onun zafiyet ve erdemlerini en iyi bilen Y\u00fcce Yarat\u0131c\u0131&#8217;n\u0131n hakikat \u00e7a\u011fr\u0131s\u0131 olan Kur\u2019an\u2019\u0131n \u0131\u015f\u0131\u011f\u0131nda hareket etmek mecburiyetindedir. \u00c7\u00fcnk\u00fc vahye alternatif olarak ileri s\u00fcr\u00fclen sek\u00fcler \u2018izm\u2019 ve ideolojilerin, insanl\u0131\u011f\u0131 g\u00fcnbeg\u00fcn nas\u0131l bir u\u00e7urumun k\u0131y\u0131s\u0131na s\u00fcr\u00fckledi\u011fi art\u0131k herkes\u00e7e malumdur.<br \/>\n\u0130nsan, nas\u0131l ki, sa\u011fl\u0131kl\u0131 bir hayat i\u00e7in havaya, suya ve g\u0131daya muhta\u00e7 ise mutlu ve faziletli bir ya\u015fam i\u00e7in de vahye muhta\u00e7t\u0131r. O, kendi varl\u0131\u011f\u0131n\u0131, var edicisinden; fazilete giden yoldaki tek\u00e2m\u00fcl\u00fcn\u00fc de vahiyden ve Hz. Peygamber&#8217;in rehberli\u011finden ba\u011f\u0131ms\u0131z d\u00fc\u015f\u00fcnemez, d\u00fc\u015f\u00fcnmemelidir.<br \/>\nTefsir ilminin yan\u0131 s\u0131ra Din Psikolojisi ve Din E\u011fitimi gibi alanlardan da istifade edilerek kaleme al\u0131nm\u0131\u015f inter disipliner bir \u00e7al\u0131\u015fma olan Kur&#8217;an&#8217;da Karakter \u0130n\u015fas\u0131&#8217;nda Do\u00e7. Dr. Yasin Pi\u015fgin, vahyin karakter in\u015fa metodunu &#8220;akl\u0131n in\u015fas\u0131&#8221;, &#8220;kalbin in\u015fas\u0131&#8221; ve &#8220;davran\u0131\u015flar\u0131n in\u015fas\u0131&#8221; olmak \u00fczere \u00fc\u00e7 ana ba\u015fl\u0131k alt\u0131nda derinlemesine analiz ederken modern devrin insan\u0131na, ahlak\u00ee erdemlere ula\u015fma ile sonu\u00e7lanan tatbiki bir metot sunuyor.<br \/>\ndevam\u0131n\u0131 oku<\/p>","protected":false},"featured_media":16377,"template":"","meta":{"spay_email":""},"product_cat":[180,174],"product_tag":[],"item":[360],"acf":[],"_links":{"self":[{"href":"https:\/\/mgvpublications.com\/de\/wp-json\/wp\/v2\/product\/16376"}],"collection":[{"href":"https:\/\/mgvpublications.com\/de\/wp-json\/wp\/v2\/product"}],"about":[{"href":"https:\/\/mgvpublications.com\/de\/wp-json\/wp\/v2\/types\/product"}],"wp:featuredmedia":[{"embeddable":true,"href":"https:\/\/mgvpublications.com\/de\/wp-json\/wp\/v2\/media\/16377"}],"wp:attachment":[{"href":"https:\/\/mgvpublications.com\/de\/wp-json\/wp\/v2\/media?parent=16376"}],"wp:term":[{"taxonomy":"product_cat","embeddable":true,"href":"https:\/\/mgvpublications.com\/de\/wp-json\/wp\/v2\/product_cat?post=16376"},{"taxonomy":"product_tag","embeddable":true,"href":"https:\/\/mgvpublications.com\/de\/wp-json\/wp\/v2\/product_tag?post=16376"},{"taxonomy":"item","embeddable":true,"href":"https:\/\/mgvpublications.com\/de\/wp-json\/wp\/v2\/item?post=16376"}],"curies":[{"name":"wp","href":"https:\/\/api.w.org\/{rel}","templated":true}]}}