{"id":16188,"date":"2021-01-09T00:40:21","date_gmt":"2021-01-08T23:40:21","guid":{"rendered":"https:\/\/dev2.mgvpublications.com\/produkt\/islami-tebligin-medine-donemi-ve-cihad-2\/"},"modified":"2025-04-26T19:13:25","modified_gmt":"2025-04-26T17:13:25","slug":"islami-tebligin-medine-donemi-ve-cihad-2","status":"publish","type":"product","link":"https:\/\/mgvpublications.com\/de\/islami-tebligin-medine-donemi-ve-cihad-2\/","title":{"rendered":"\u0130slami Tebli\u011fin Medine D\u00f6nemi ve Cihad"},"content":{"rendered":"<div>Yay\u0131n Tarihi: 01.03.2012<\/div>\n<div>ISBN: 9789754730043<\/div>\n<div>Dil: T\u00dcRK\u00c7E<\/div>\n<div>Sayfa Say\u0131s\u0131: 246<\/div>\n<div>Cilt Tipi: Karton Kapak<\/div>\n<div>Ka\u011f\u0131t Cinsi: Kitap Ka\u011f\u0131d\u0131<\/div>\n<div>Boyut: 13.5 x 21 cm<\/div>","protected":false},"excerpt":{"rendered":"<p>Cihada, Allah&#8217;\u0131n istedi\u011fi gibi \u0130slam&#8217;\u0131n ya\u015fanmas\u0131d\u0131r. Dolay\u0131s\u0131yla \u0130slimi tebli\u011f u\u011fruna verilen b\u00fct\u00fcn m\u00fccadele Cihad&#8217;d\u0131r.<br \/>\nB\u00f6yle ele al\u0131nd\u0131\u011f\u0131 takdirde g\u00f6r\u00fclecektir ki, \u0130slam Devleti&#8217;nin t\u00fcm faaliyetleri Cihad&#8217;\u0131 i\u00e7ermektedir. Biz bu kitap\u00e7\u0131\u011f\u0131m\u0131zda cihad\u0131n sadece bir y\u00f6n\u00fc olan askeri cihad\u0131 incelemeyi hedef tuttu\u011fumuzdan, meseleyi m\u00fcmk\u00fcn mertebe \u00f6zl\u00fc aktarmaya \u00e7al\u0131\u015ft\u0131k. Bu k\u00fc\u00e7\u00fck \u00e7al\u0131\u015fmada Devletin yo\u011fun i\u015fleri yan\u0131nda Hz. Peygamber (s.a.v.)&#8217;in askeri cihada ne kadar \u00f6nem verdi\u011fi, on senelik Medine hayat\u0131n\u0131n ekserisini Allah yolunda sava\u015fmaya ay\u0131rd\u0131\u011f\u0131 g\u00f6r\u00fclecektir.<\/p>","protected":false},"featured_media":16189,"template":"","meta":{"spay_email":""},"product_cat":[174,170],"product_tag":[],"item":[389],"acf":[],"_links":{"self":[{"href":"https:\/\/mgvpublications.com\/de\/wp-json\/wp\/v2\/product\/16188"}],"collection":[{"href":"https:\/\/mgvpublications.com\/de\/wp-json\/wp\/v2\/product"}],"about":[{"href":"https:\/\/mgvpublications.com\/de\/wp-json\/wp\/v2\/types\/product"}],"wp:featuredmedia":[{"embeddable":true,"href":"https:\/\/mgvpublications.com\/de\/wp-json\/wp\/v2\/media\/16189"}],"wp:attachment":[{"href":"https:\/\/mgvpublications.com\/de\/wp-json\/wp\/v2\/media?parent=16188"}],"wp:term":[{"taxonomy":"product_cat","embeddable":true,"href":"https:\/\/mgvpublications.com\/de\/wp-json\/wp\/v2\/product_cat?post=16188"},{"taxonomy":"product_tag","embeddable":true,"href":"https:\/\/mgvpublications.com\/de\/wp-json\/wp\/v2\/product_tag?post=16188"},{"taxonomy":"item","embeddable":true,"href":"https:\/\/mgvpublications.com\/de\/wp-json\/wp\/v2\/item?post=16188"}],"curies":[{"name":"wp","href":"https:\/\/api.w.org\/{rel}","templated":true}]}}