{"id":16169,"date":"2021-01-07T23:17:42","date_gmt":"2021-01-07T22:17:42","guid":{"rendered":"https:\/\/dev2.mgvpublications.com\/produkt\/islama-nasil-davet-edelim-3\/"},"modified":"2022-03-08T22:49:31","modified_gmt":"2022-03-08T21:49:31","slug":"islama-nasil-davet-edelim-3","status":"publish","type":"product","link":"https:\/\/mgvpublications.com\/de\/islama-nasil-davet-edelim-3\/","title":{"rendered":"\u0130slama Nas\u0131l Davet Edelim"},"content":{"rendered":"<table>\n<tbody>\n<tr>\n<td>\u00c7evirmen:<\/td>\n<td><a href=\"https:\/\/www.kitapyurdu.com\/yazar\/huseyin-sevme\/13498.html\" target=\"_blank\" rel=\"noopener\">H\u00fcseyin Sevme<\/a><\/td>\n<\/tr>\n<tr>\n<td>Orijinal Ad\u0131:<\/td>\n<td>Keyfe Ded&#8217;u \u0130lel \u0130sl\u00e2m<\/td>\n<\/tr>\n<tr>\n<td>Dil:<\/td>\n<td>T\u00dcRK\u00c7E<\/td>\n<\/tr>\n<tr>\n<td>Sayfa Say\u0131s\u0131:<\/td>\n<td>128<\/td>\n<\/tr>\n<tr>\n<td>Cilt Tipi:<\/td>\n<td>Karton Kapak<\/td>\n<\/tr>\n<tr>\n<td>Ka\u011f\u0131t Cinsi:<\/td>\n<td>2. Hm. Ka\u011f\u0131t<\/td>\n<\/tr>\n<tr>\n<td>Boyut:<\/td>\n<td>12.5 x 19.5 cm<\/td>\n<\/tr>\n<\/tbody>\n<\/table>","protected":false},"excerpt":{"rendered":"<p>G\u00fcn\u00fcm\u00fczde karde\u015flerimizin bir \u00e7o\u011fu \u0130slam\u0131 anlamak i\u00e7in \u00e7aba g\u00f6stermekte, b\u00fcy\u00fck zaman ve i\u015f g\u00fcc\u00fc harcamaktalar. Ancak bunlar\u0131n bir \u00e7o\u011fu metodsuz ve disiplinsiz oldu\u011fu i\u00e7in sonu\u00e7ta fazla bir ba\u015far\u0131 sa\u011flayamamakta, hatta bir \u00e7oklar\u0131 kar\u015f\u0131la\u015ft\u0131klar\u0131 sorunlar kar\u015f\u0131s\u0131nda \u015fa\u015f\u0131rmakta, \u0130slam davetine nereden ve nas\u0131l ba\u015fla\u015faca\u011f\u0131n\u0131 bilememektedirler. \u0130\u015fte bu eseriyle Fethi Yeken \u00f6zellikle gen\u00e7 ku\u015fa\u011fa y\u00f6nelik davet faaliyeti y\u00fcr\u00fcten karde\u015flerin ba\u015far\u0131l\u0131 bir davet \u00e7izgisi takip etmeleri i\u00e7in dikkat edilmesi gereken kurallar\u0131 anlatmakta, anlat\u0131lmas\u0131 gereken konular\u0131 s\u0131rayla i\u015flemektedir. Yine davet\u00e7i karde\u015flerimizin s\u00fcrekli kar\u015f\u0131la\u015ft\u0131\u011f\u0131, kainat\u0131n olu\u015fumu ve Allah&#8217;\u0131n varl\u0131\u011f\u0131 gibi metafizik konularla, marksizm ve kapitalizm gibi metaryalist felsefenin \u00fcr\u00fcn\u00fc olan sistemleri irdelemekte, akabinde de \u0130slam\u0131n insanl\u0131\u011f\u0131n t\u00fcm ihtiya\u00e7lar\u0131n\u0131 ku\u015fat\u0131c\u0131 evrensel d\u00fczenini ibadet d\u00fczeni, sosyal d\u00fczen, iktisadi d\u00fczen ve siyasi d\u00fczen ba\u015fl\u0131klar\u0131 alt\u0131nda incelemekte, her karde\u015fin anlay\u0131p, anlatabilece\u011fi tarzda \u0130slam\u0131 tan\u0131tmaktad\u0131r. Sonu\u00e7ta \u0130slam davetinin devlete ula\u015fmas\u0131 i\u00e7in \u0130slami bir cemaatin gereklili\u011fini vurgulayan m\u00fcsl\u00fcmanlar\u0131n bu yoldaki faaliyetlerini yo\u011funla\u015ft\u0131rmalar\u0131n\u0131n bir farziyet oludu\u011funu ifade etmektedir.<\/p>","protected":false},"featured_media":16170,"template":"","meta":{"spay_email":""},"product_cat":[174],"product_tag":[],"item":[1750],"acf":[],"_links":{"self":[{"href":"https:\/\/mgvpublications.com\/de\/wp-json\/wp\/v2\/product\/16169"}],"collection":[{"href":"https:\/\/mgvpublications.com\/de\/wp-json\/wp\/v2\/product"}],"about":[{"href":"https:\/\/mgvpublications.com\/de\/wp-json\/wp\/v2\/types\/product"}],"wp:featuredmedia":[{"embeddable":true,"href":"https:\/\/mgvpublications.com\/de\/wp-json\/wp\/v2\/media\/16170"}],"wp:attachment":[{"href":"https:\/\/mgvpublications.com\/de\/wp-json\/wp\/v2\/media?parent=16169"}],"wp:term":[{"taxonomy":"product_cat","embeddable":true,"href":"https:\/\/mgvpublications.com\/de\/wp-json\/wp\/v2\/product_cat?post=16169"},{"taxonomy":"product_tag","embeddable":true,"href":"https:\/\/mgvpublications.com\/de\/wp-json\/wp\/v2\/product_tag?post=16169"},{"taxonomy":"item","embeddable":true,"href":"https:\/\/mgvpublications.com\/de\/wp-json\/wp\/v2\/item?post=16169"}],"curies":[{"name":"wp","href":"https:\/\/api.w.org\/{rel}","templated":true}]}}