{"id":16109,"date":"2020-11-14T21:48:39","date_gmt":"2020-11-14T20:48:39","guid":{"rendered":"https:\/\/dev2.mgvpublications.com\/produkt\/insanligin-medeniyet-destani-3\/"},"modified":"2022-03-08T22:49:31","modified_gmt":"2022-03-08T21:49:31","slug":"insanligin-medeniyet-destani-3","status":"publish","type":"product","link":"https:\/\/mgvpublications.com\/de\/insanligin-medeniyet-destani-3\/","title":{"rendered":"\u0130nsanl\u0131\u011f\u0131n Medeniyet Destan\u0131"},"content":{"rendered":"<p>\u00c7evirmen: Cemal Ayd\u0131n<br \/>Yay\u0131n Tarihi: 21.05.2019<br \/>ISBN: 9786050828498<br \/>Dil: T\u00dcRK\u00c7E<br \/>Sayfa Say\u0131s\u0131: 224<br \/>Cilt Tipi: Karton Kapak<br \/>Ka\u011f\u0131t Cinsi: Kitap Ka\u011f\u0131d\u0131<br \/>Boyut: 13.5 x 21 cm<\/p>","protected":false},"excerpt":{"rendered":"<p>\u0130nsanl\u0131\u011f\u0131n Medeniyet Destan\u0131, Bat\u0131 hegemonyas\u0131n\u0131 reddeden ger\u00e7ek bir d\u00fcnya medeniyetleri tarihidir. Bu kitap, tarihin ka\u00e7\u0131r\u0131lm\u0131\u015f f\u0131rsatlar\u0131n\u0131 ve insan\u0131n kaybedilmi\u015f boyutlar\u0131n\u0131 bizimle birlikte aramaya kat\u0131lmak isteyen kimselere sesleniyor. Bu kitab\u0131n y\u00f6n\u00fc ge\u00e7mi\u015fe de\u011fil, gelece\u011fe d\u00f6n\u00fckt\u00fcr. K\u00fclt\u00fcr imtiyaz\u0131na sahip olmayanlara, ona eri\u015fme arzusu verecektir. Bu imtiyaza sahip olup da, &#8220;klasik \u00f6nyarg\u0131&#8221;n\u0131n kendisini Bat\u0131 ile s\u0131n\u0131rlad\u0131\u011f\u0131 kimselerde ise b\u00fcy\u00fck ihtimalle \u00f6fke do\u011furacak ama yine de kendilerinde bir a\u00e7\u0131lma, evrensel bir bak\u0131\u015f a\u00e7\u0131s\u0131, di\u011fer medeniyetlerle yard\u0131mla\u015fma arzusu uyand\u0131racakt\u0131r.<\/p>","protected":false},"featured_media":21418,"template":"","meta":{"spay_email":""},"product_cat":[170],"product_tag":[],"item":[360],"acf":[],"_links":{"self":[{"href":"https:\/\/mgvpublications.com\/de\/wp-json\/wp\/v2\/product\/16109"}],"collection":[{"href":"https:\/\/mgvpublications.com\/de\/wp-json\/wp\/v2\/product"}],"about":[{"href":"https:\/\/mgvpublications.com\/de\/wp-json\/wp\/v2\/types\/product"}],"wp:featuredmedia":[{"embeddable":true,"href":"https:\/\/mgvpublications.com\/de\/wp-json\/wp\/v2\/media\/21418"}],"wp:attachment":[{"href":"https:\/\/mgvpublications.com\/de\/wp-json\/wp\/v2\/media?parent=16109"}],"wp:term":[{"taxonomy":"product_cat","embeddable":true,"href":"https:\/\/mgvpublications.com\/de\/wp-json\/wp\/v2\/product_cat?post=16109"},{"taxonomy":"product_tag","embeddable":true,"href":"https:\/\/mgvpublications.com\/de\/wp-json\/wp\/v2\/product_tag?post=16109"},{"taxonomy":"item","embeddable":true,"href":"https:\/\/mgvpublications.com\/de\/wp-json\/wp\/v2\/item?post=16109"}],"curies":[{"name":"wp","href":"https:\/\/api.w.org\/{rel}","templated":true}]}}