{"id":16075,"date":"2020-08-09T15:25:06","date_gmt":"2020-08-09T13:25:06","guid":{"rendered":"https:\/\/dev2.mgvpublications.com\/produkt\/siyasal-ikna-3\/"},"modified":"2022-03-08T22:49:27","modified_gmt":"2022-03-08T21:49:27","slug":"siyasal-ikna-3","status":"publish","type":"product","link":"https:\/\/mgvpublications.com\/de\/siyasal-ikna-3\/","title":{"rendered":"Siyasal \u0130kna"},"content":{"rendered":"","protected":false},"excerpt":{"rendered":"<p>Siyasal ileti\u015fim denildi\u011finde, akla ilk gelen, siyasi partilerin afi\u015f\u00adleridir. Ger\u00e7ekten de siyasal ileti\u015fim ad\u0131na ger\u00e7ekle\u015ftirilmi\u015f olan pek \u00e7ok akademik \u00e7al\u0131\u015fma; siyasi partilerin se\u00e7im kampanyalar\u0131ndaki do\u00adk\u00fcmanlar\u0131n\u0131 say\u0131p d\u00f6kmekten ya da siyasal liderin ki\u015fili\u011fi ile faaliyetlerini aktarmaktan veya siyasi partinin s\u00f6ylem ya da arg\u00fcmanlar\u0131n\u0131 k\u00fcp\u00fcrle\u00admekten ibarettir.<br \/>\nBu \u00e7al\u0131\u015fmalar, siyasi ileti\u015fimin, se\u00e7im kampan\u00adyalar\u0131ndan ibaret bir akademik aktivite gibi kabul edilmesi\u00adne yol a\u00e7maktad\u0131r.<br \/>\nKu\u015fkusuz ki siyasi rekabet, siyasi ileti\u015fimin en \u00f6nemli konu ba\u015fl\u0131klar\u0131ndan birisidir ama \u00e7ok a\u00e7\u0131kt\u0131r ki, bir disiplin; herhangi bir uygulama alan\u0131n\u0131n d\u00f6k\u00fcm\u00fcn\u00fc yapmaktan ibaret olamaz.<br \/>\nSiyasal ileti\u015fim, akademik bir disiplin olarak konumland\u0131r\u0131lmak ve bu uygulamalar \u00fcniversitelerde tez konusu olarak incelenmek isteniyorsa, kanaatimize g\u00f6re, akademik camia, teknisyen ra\u00adporlar\u0131ndan ibaret metinler \u00fcretmekten daha fazlas\u0131n\u0131 ortaya koymakla y\u00fck\u00fcml\u00fc olmal\u0131d\u0131r.<\/p>","protected":false},"featured_media":16076,"template":"","meta":{"spay_email":""},"product_cat":[173],"product_tag":[],"item":[1259],"acf":[],"_links":{"self":[{"href":"https:\/\/mgvpublications.com\/de\/wp-json\/wp\/v2\/product\/16075"}],"collection":[{"href":"https:\/\/mgvpublications.com\/de\/wp-json\/wp\/v2\/product"}],"about":[{"href":"https:\/\/mgvpublications.com\/de\/wp-json\/wp\/v2\/types\/product"}],"wp:featuredmedia":[{"embeddable":true,"href":"https:\/\/mgvpublications.com\/de\/wp-json\/wp\/v2\/media\/16076"}],"wp:attachment":[{"href":"https:\/\/mgvpublications.com\/de\/wp-json\/wp\/v2\/media?parent=16075"}],"wp:term":[{"taxonomy":"product_cat","embeddable":true,"href":"https:\/\/mgvpublications.com\/de\/wp-json\/wp\/v2\/product_cat?post=16075"},{"taxonomy":"product_tag","embeddable":true,"href":"https:\/\/mgvpublications.com\/de\/wp-json\/wp\/v2\/product_tag?post=16075"},{"taxonomy":"item","embeddable":true,"href":"https:\/\/mgvpublications.com\/de\/wp-json\/wp\/v2\/item?post=16075"}],"curies":[{"name":"wp","href":"https:\/\/api.w.org\/{rel}","templated":true}]}}