{"id":16073,"date":"2020-08-09T15:23:18","date_gmt":"2020-08-09T13:23:18","guid":{"rendered":"https:\/\/dev2.mgvpublications.com\/produkt\/tarihi-ve-tasavvufi-sahsiyetler-3\/"},"modified":"2022-03-08T22:49:27","modified_gmt":"2022-03-08T21:49:27","slug":"tarihi-ve-tasavvufi-sahsiyetler-3","status":"publish","type":"product","link":"https:\/\/mgvpublications.com\/de\/tarihi-ve-tasavvufi-sahsiyetler-3\/","title":{"rendered":"Tarihi ve Tasavvufi \u015eahsiyetler"},"content":{"rendered":"<p>Yay\u0131n Tarihi: 01.08.2011<br \/>ISBN: 9789758757077<br \/>Dil: T\u00dcRK\u00c7E<br \/>Sayfa Say\u0131s\u0131: 400<br \/>Cilt Tipi: Karton Kapak<br \/>Ka\u011f\u0131t Cinsi: Kitap Ka\u011f\u0131d\u0131<br \/>Boyut: 15 x 22 cm<\/p>","protected":false},"excerpt":{"rendered":"<p>Yay\u0131n Tarihi: 01.08.2011ISBN: 9789758757077Dil: T\u00dcRK\u00c7ESayfa Say\u0131s\u0131: 400Cilt Tipi: Karton KapakKa\u011f\u0131t Cinsi: Kitap Ka\u011f\u0131d\u0131Boyut: 15 x 22 cm<\/p>","protected":false},"featured_media":22508,"template":"","meta":{"spay_email":""},"product_cat":[170],"product_tag":[],"item":[699],"acf":[],"_links":{"self":[{"href":"https:\/\/mgvpublications.com\/de\/wp-json\/wp\/v2\/product\/16073"}],"collection":[{"href":"https:\/\/mgvpublications.com\/de\/wp-json\/wp\/v2\/product"}],"about":[{"href":"https:\/\/mgvpublications.com\/de\/wp-json\/wp\/v2\/types\/product"}],"wp:featuredmedia":[{"embeddable":true,"href":"https:\/\/mgvpublications.com\/de\/wp-json\/wp\/v2\/media\/22508"}],"wp:attachment":[{"href":"https:\/\/mgvpublications.com\/de\/wp-json\/wp\/v2\/media?parent=16073"}],"wp:term":[{"taxonomy":"product_cat","embeddable":true,"href":"https:\/\/mgvpublications.com\/de\/wp-json\/wp\/v2\/product_cat?post=16073"},{"taxonomy":"product_tag","embeddable":true,"href":"https:\/\/mgvpublications.com\/de\/wp-json\/wp\/v2\/product_tag?post=16073"},{"taxonomy":"item","embeddable":true,"href":"https:\/\/mgvpublications.com\/de\/wp-json\/wp\/v2\/item?post=16073"}],"curies":[{"name":"wp","href":"https:\/\/api.w.org\/{rel}","templated":true}]}}