{"id":16065,"date":"2020-08-09T15:14:59","date_gmt":"2020-08-09T13:14:59","guid":{"rendered":"https:\/\/dev2.mgvpublications.com\/produkt\/bilim-fuarinda-bir-gun-zuzu-ile-allahin-guzel-isimlerini-ogreniyorum-3-2\/"},"modified":"2022-03-08T22:49:27","modified_gmt":"2022-03-08T21:49:27","slug":"bilim-fuarinda-bir-gun-zuzu-ile-allahin-guzel-isimlerini-ogreniyorum-3-2","status":"publish","type":"product","link":"https:\/\/mgvpublications.com\/de\/bilim-fuarinda-bir-gun-zuzu-ile-allahin-guzel-isimlerini-ogreniyorum-3-2\/","title":{"rendered":"Bilim Fuar\u0131nda Bir G\u00fcn \/ Zuzu \u0130le Allah\u2019\u0131n G\u00fczel \u0130simlerini \u00d6\u011freniyorum 3"},"content":{"rendered":"","protected":false},"excerpt":{"rendered":"<p>Zuzu, ailesiyle bilim fuar\u0131na gidiyor.<br \/>\nBirbirinden farkl\u0131 icatlar bakal\u0131m O\u2019na Allah\u2019\u0131n hangi isimlerini \u00f6\u011fretiyor.<\/p>\n<p>K\u00fc\u00e7\u00fck yavrular\u0131m\u0131za Allah\u2019\u0131n 3 g\u00fczel ismini anlatan bu s\u0131cac\u0131k \u00f6yk\u00fcye davetlisiniz.<\/p>\n<p><strong><em>\u2018El-Hal\u0131k, El-Basir, Es-Semi\u2019<\/em><\/strong><\/p>","protected":false},"featured_media":16066,"template":"","meta":{"spay_email":""},"product_cat":[172],"product_tag":[],"item":[685],"acf":[],"_links":{"self":[{"href":"https:\/\/mgvpublications.com\/de\/wp-json\/wp\/v2\/product\/16065"}],"collection":[{"href":"https:\/\/mgvpublications.com\/de\/wp-json\/wp\/v2\/product"}],"about":[{"href":"https:\/\/mgvpublications.com\/de\/wp-json\/wp\/v2\/types\/product"}],"wp:featuredmedia":[{"embeddable":true,"href":"https:\/\/mgvpublications.com\/de\/wp-json\/wp\/v2\/media\/16066"}],"wp:attachment":[{"href":"https:\/\/mgvpublications.com\/de\/wp-json\/wp\/v2\/media?parent=16065"}],"wp:term":[{"taxonomy":"product_cat","embeddable":true,"href":"https:\/\/mgvpublications.com\/de\/wp-json\/wp\/v2\/product_cat?post=16065"},{"taxonomy":"product_tag","embeddable":true,"href":"https:\/\/mgvpublications.com\/de\/wp-json\/wp\/v2\/product_tag?post=16065"},{"taxonomy":"item","embeddable":true,"href":"https:\/\/mgvpublications.com\/de\/wp-json\/wp\/v2\/item?post=16065"}],"curies":[{"name":"wp","href":"https:\/\/api.w.org\/{rel}","templated":true}]}}