{"id":16063,"date":"2020-08-09T15:12:55","date_gmt":"2020-08-09T13:12:55","guid":{"rendered":"https:\/\/dev2.mgvpublications.com\/produkt\/kirmizi-baslikli-kiz-zuzu-ile-allahin-guzel-isimlerini-ogreniyorum-2-2\/"},"modified":"2022-03-08T22:49:27","modified_gmt":"2022-03-08T21:49:27","slug":"kirmizi-baslikli-kiz-zuzu-ile-allahin-guzel-isimlerini-ogreniyorum-2-2","status":"publish","type":"product","link":"https:\/\/mgvpublications.com\/de\/kirmizi-baslikli-kiz-zuzu-ile-allahin-guzel-isimlerini-ogreniyorum-2-2\/","title":{"rendered":"K\u0131rm\u0131z\u0131 Ba\u015fl\u0131kl\u0131 K\u0131z \/ Zuzu \u0130le Allah\u2019\u0131n G\u00fczel \u0130simlerini \u00d6\u011freniyorum- 2"},"content":{"rendered":"","protected":false},"excerpt":{"rendered":"<p>Zuzu, botanik bah\u00e7esinde \u00e7i\u00e7eklerin d\u00fcnyas\u0131na do\u011fru bir yolculu\u011fa \u00e7\u0131k\u0131yor.<br \/>\nBu reng\u00e2renk d\u00fcnya bakal\u0131m O\u2019na Allah\u2019\u0131n hangi isimlerini \u00f6\u011fretiyor.<\/p>\n<p>K\u00fc\u00e7\u00fck yavrular\u0131m\u0131za Allah\u2019\u0131n 3 g\u00fczel ismini anlatan bu s\u0131cac\u0131k \u00f6yk\u00fcye davetlisiniz.<\/p>\n<p><strong><em>\u2018El-Bari, El-Muhsi, El-Cemil\u2019<\/em><\/strong><\/p>","protected":false},"featured_media":16064,"template":"","meta":{"spay_email":""},"product_cat":[172],"product_tag":[],"item":[685],"acf":[],"_links":{"self":[{"href":"https:\/\/mgvpublications.com\/de\/wp-json\/wp\/v2\/product\/16063"}],"collection":[{"href":"https:\/\/mgvpublications.com\/de\/wp-json\/wp\/v2\/product"}],"about":[{"href":"https:\/\/mgvpublications.com\/de\/wp-json\/wp\/v2\/types\/product"}],"wp:featuredmedia":[{"embeddable":true,"href":"https:\/\/mgvpublications.com\/de\/wp-json\/wp\/v2\/media\/16064"}],"wp:attachment":[{"href":"https:\/\/mgvpublications.com\/de\/wp-json\/wp\/v2\/media?parent=16063"}],"wp:term":[{"taxonomy":"product_cat","embeddable":true,"href":"https:\/\/mgvpublications.com\/de\/wp-json\/wp\/v2\/product_cat?post=16063"},{"taxonomy":"product_tag","embeddable":true,"href":"https:\/\/mgvpublications.com\/de\/wp-json\/wp\/v2\/product_tag?post=16063"},{"taxonomy":"item","embeddable":true,"href":"https:\/\/mgvpublications.com\/de\/wp-json\/wp\/v2\/item?post=16063"}],"curies":[{"name":"wp","href":"https:\/\/api.w.org\/{rel}","templated":true}]}}