{"id":16061,"date":"2020-08-09T15:07:14","date_gmt":"2020-08-09T13:07:14","guid":{"rendered":"https:\/\/dev2.mgvpublications.com\/produkt\/gazi-mustafa-kemal-ataturk-2\/"},"modified":"2022-04-17T17:18:18","modified_gmt":"2022-04-17T15:18:18","slug":"gazi-mustafa-kemal-ataturk-2","status":"publish","type":"product","link":"https:\/\/mgvpublications.com\/de\/gazi-mustafa-kemal-ataturk-2\/","title":{"rendered":"Gazi Mustafa Kemal Atat\u00fcrk"},"content":{"rendered":"","protected":false},"excerpt":{"rendered":"<p><strong>YA\u015eAMININ T\u00dcM Y\u00d6NLER\u0130YLE\u00a0B\u00dcY\u00dcK L\u0130DER ATAT\u00dcRK\u2026<\/strong><br \/>\n<em>\u201cTarihin ak\u0131\u015f\u0131n\u0131 de\u011fi\u015ftiren, ona m\u00fchr\u00fcn\u00fc vuran veya b\u00fcy\u00fck tehlikelere m\u00e2ni olan liderlere her memlekette rastlamak m\u00fcmk\u00fcn de\u011fildir. Atat\u00fcrk d\u00fcnya tarihinin nadiren g\u00f6rd\u00fc\u011f\u00fc bir dehad\u0131r. Birinci D\u00fcnya Sava\u015f\u0131&#8217;ndan sonra, hi\u00e7bir ma\u011flup milletin direni\u015f g\u00f6stermedi\u011fi zamanda siviller ve askerlerle d\u00fcnyaya meydan okumu\u015ftur.\u201d<\/em><br \/>\n<strong>\u0130LBER ORTAYLI<\/strong><\/p>\n<p><strong><em>Gazi Mustafa Kemal Atat\u00fcrk\u00a0<\/em><\/strong>kitab\u0131, evvela imparatorlu\u011fu dirilten nesil olan 1880&#8217;liler ku\u015fa\u011f\u0131, Balkan co\u011frafyas\u0131 ve Mustafa Kemal&#8217;in aile k\u00f6keni ile ba\u015fl\u0131yor.<br \/>\nAkabinde Atat\u00fcrk\u2019\u00fcn askeri e\u011fitimi, Manast\u0131r y\u0131llar\u0131, Milliyet\u00e7ilikler D\u00f6nemi, \u0130ttihat ve Terakki, II. Abd\u00fclhamid, Enver Pa\u015fa, Ziya G\u00f6kalp, Trablusgarb, Balkan Sava\u015flar\u0131 ve Sofya y\u0131llar\u0131yla devam ediyor.<br \/>\nOrdumuzun \u0130tilaf devletleriyle sekiz cephede m\u00fccadele etti\u011fi Birinci D\u00fcnya Sava\u015f\u0131, kutlu zaferlerimiz \u00c7anakkale ve Kut\u00fc\u2019l Am\u00e2re, Mondros, son padi\u015fah Vahideddin, bir milletin ve \u00fclkenin \u00f6l\u00fcm ferman\u0131 olan Sevr\u2026<br \/>\nT\u00fcm detaylar\u0131yla Milli M\u00fccadele d\u00f6nemi, 23 Nisan 1920 ve sonras\u0131nda muhalefete ra\u011fmen verilen Kurtulu\u015f Sava\u015f\u0131, \u0130n\u00f6n\u00fc Muharebeleri, Lozan Konferans\u0131, B\u00fcy\u00fck Taarruz ve Cumhuriyet\u2019e giden yol&#8230;<br \/>\nSaltanat ve hilafet tart\u0131\u015fmalar\u0131, Lozan, On \u0130ki Ada, m\u00fcbadele, Osmanl\u0131&#8217;dan kalan bor\u00e7lar, Musul ve yak\u0131n tarihin en \u00f6nemli meselesi olan ink\u0131lablar&#8230;<br \/>\nSon olarak ki\u015fisel \u00f6zellikleriyle, d\u00fcnyada, an\u0131larda, haf\u0131zalarda kalan izleriyle modern T\u00fcrkiye\u2019nin kurucusu Atat\u00fcrk&#8230;<br \/>\n<strong>\u0130lber Ortayl\u0131<\/strong>\u00a0bu ilk biyografisinde ya\u015fam\u0131n\u0131n t\u00fcm y\u00f6nleriyle b\u00fcy\u00fck lider\u00a0<strong><em>Gazi Mustafa Kemal Atat\u00fcrk<\/em><\/strong>&#8216;\u00fc anlat\u0131yor. T\u00fcrk tarih\u00e7ili\u011fine hi\u00e7 unutulmayacak ve s\u00fcrekli ba\u015fvurulacak bir rehber kitap daha kazand\u0131r\u0131yor&#8230;<\/p>","protected":false},"featured_media":16062,"template":"","meta":{"spay_email":""},"product_cat":[173,170],"product_tag":[],"item":[729],"acf":[],"_links":{"self":[{"href":"https:\/\/mgvpublications.com\/de\/wp-json\/wp\/v2\/product\/16061"}],"collection":[{"href":"https:\/\/mgvpublications.com\/de\/wp-json\/wp\/v2\/product"}],"about":[{"href":"https:\/\/mgvpublications.com\/de\/wp-json\/wp\/v2\/types\/product"}],"wp:featuredmedia":[{"embeddable":true,"href":"https:\/\/mgvpublications.com\/de\/wp-json\/wp\/v2\/media\/16062"}],"wp:attachment":[{"href":"https:\/\/mgvpublications.com\/de\/wp-json\/wp\/v2\/media?parent=16061"}],"wp:term":[{"taxonomy":"product_cat","embeddable":true,"href":"https:\/\/mgvpublications.com\/de\/wp-json\/wp\/v2\/product_cat?post=16061"},{"taxonomy":"product_tag","embeddable":true,"href":"https:\/\/mgvpublications.com\/de\/wp-json\/wp\/v2\/product_tag?post=16061"},{"taxonomy":"item","embeddable":true,"href":"https:\/\/mgvpublications.com\/de\/wp-json\/wp\/v2\/item?post=16061"}],"curies":[{"name":"wp","href":"https:\/\/api.w.org\/{rel}","templated":true}]}}