{"id":16057,"date":"2020-08-09T15:01:11","date_gmt":"2020-08-09T13:01:11","guid":{"rendered":"https:\/\/dev2.mgvpublications.com\/produkt\/kutul-amare-1916-olaylar-hatiralar-raporlar-2\/"},"modified":"2022-03-08T22:49:26","modified_gmt":"2022-03-08T21:49:26","slug":"kutul-amare-1916-olaylar-hatiralar-raporlar-2","status":"publish","type":"product","link":"https:\/\/mgvpublications.com\/de\/kutul-amare-1916-olaylar-hatiralar-raporlar-2\/","title":{"rendered":"Kut\u00fc\u2019l Amare 1916 &#038; Olaylar, Hat\u0131ralar, Raporlar"},"content":{"rendered":"","protected":false},"excerpt":{"rendered":"<p>\u201cK\u00fbt\u00fc\u2019l Am\u00e2re, \u00c7anakkale Sava\u015f\u0131&#8217;ndan sonra Britanya \u0130mparatorlu\u011fu\u2019nu zora sokan; politikalar\u0131n\u0131 alt\u00fcst eden ve imparatorlu\u011fun yenilmezli\u011fi inanc\u0131n\u0131 sarsan, d\u00fcnya h\u00e2kimiyetine inanm\u0131\u015f Britanya kamuoyunu \u015f\u00fcpheye, hatta kaosa s\u00fcr\u00fckleyen b\u00fcy\u00fck bir zaferdir.\u201d<br \/>\n<strong>\u0130lber Ortayl\u0131<\/strong><\/p>\n<p>I. D\u00fcnya Sava\u015f\u0131\u2019n\u0131n iklim ve co\u011fraf\u00ee \u015fartlar\u0131 g\u00f6z \u00f6n\u00fcne al\u0131nd\u0131\u011f\u0131nda en zorlu cephesi; Irak\u2026 \u0130ngiliz-Hint garnizonuyla d\u00f6rt bir taraf\u0131 \u00e7evrilmi\u015f Ba\u011fdat\u2019\u0131n 160 kilometre g\u00fcneyinde bir kasaba: Kut\u2026<br \/>\n\u0130ngiliz komutan Charles Townshend&#8217;in kolayl\u0131kla bertaraf edilece\u011fini d\u00fc\u015f\u00fcnd\u00fc\u011f\u00fc\u00a0T\u00fcrk ordusunun,\u00a0Nurettin, Halil ve Ali \u0130hsan pa\u015falar komutas\u0131nda kazand\u0131\u011f\u0131 efsanevi zafer: Kut\u00fc&#8217;l Amare\u2026<br \/>\n<strong><em>K\u00dbT\u00dc\u2019L AM\u00c2RE 1916: Olaylar, Hat\u0131ralar, Raporlar<\/em><\/strong><strong>,<\/strong>\u00a0g\u00f6rkemli K\u00fbt\u00fc\u2019l Am\u00e2re zaferi hakk\u0131nda bir\u00e7ok ilim adam\u0131n\u0131n katk\u0131lar\u0131yla ortaya \u00e7\u0131km\u0131\u015f zengin bir \u00e7al\u0131\u015fma. Mehmet Ya\u015far Erta\u015f ve H\u00e2cer K\u0131l\u0131\u00e7aslan taraf\u0131ndan haz\u0131rlanan, \u0130lber Ortayl\u0131 ve Azmi \u00d6zcan&#8217;\u0131n yaz\u0131lar\u0131yla ba\u015flayan kitapta, bu kutlu zafer, \u00e7e\u015fitli cepheleriyle ele al\u0131nm\u0131\u015f; akademik bir hassasiyetle ayd\u0131nl\u0131\u011fa kavu\u015fturulmu\u015ftur.<br \/>\nBu kitapla, T\u00fcrk ordusu i\u00e7in b\u00fcy\u00fck bir muvaffakiyet, Britanya i\u00e7in a\u011f\u0131r bir hezimet olan Kut\u00fc\u2019l Am\u00e2re zaferinin, hak etti\u011fi unutulmazl\u0131k payesine kavu\u015faca\u011f\u0131n\u0131 d\u00fc\u015f\u00fcn\u00fcyoruz.<\/p>","protected":false},"featured_media":16058,"template":"","meta":{"spay_email":""},"product_cat":[170],"product_tag":[],"item":[729],"acf":[],"_links":{"self":[{"href":"https:\/\/mgvpublications.com\/de\/wp-json\/wp\/v2\/product\/16057"}],"collection":[{"href":"https:\/\/mgvpublications.com\/de\/wp-json\/wp\/v2\/product"}],"about":[{"href":"https:\/\/mgvpublications.com\/de\/wp-json\/wp\/v2\/types\/product"}],"wp:featuredmedia":[{"embeddable":true,"href":"https:\/\/mgvpublications.com\/de\/wp-json\/wp\/v2\/media\/16058"}],"wp:attachment":[{"href":"https:\/\/mgvpublications.com\/de\/wp-json\/wp\/v2\/media?parent=16057"}],"wp:term":[{"taxonomy":"product_cat","embeddable":true,"href":"https:\/\/mgvpublications.com\/de\/wp-json\/wp\/v2\/product_cat?post=16057"},{"taxonomy":"product_tag","embeddable":true,"href":"https:\/\/mgvpublications.com\/de\/wp-json\/wp\/v2\/product_tag?post=16057"},{"taxonomy":"item","embeddable":true,"href":"https:\/\/mgvpublications.com\/de\/wp-json\/wp\/v2\/item?post=16057"}],"curies":[{"name":"wp","href":"https:\/\/api.w.org\/{rel}","templated":true}]}}