{"id":16043,"date":"2020-08-08T15:26:12","date_gmt":"2020-08-08T13:26:12","guid":{"rendered":"https:\/\/dev2.mgvpublications.com\/produkt\/ornek-vaazlar-1-2-2\/"},"modified":"2022-03-08T22:49:24","modified_gmt":"2022-03-08T21:49:24","slug":"ornek-vaazlar-1-2-2","status":"publish","type":"product","link":"https:\/\/mgvpublications.com\/de\/ornek-vaazlar-1-2-2\/","title":{"rendered":"\u00d6rnek Vaazlar 1-2"},"content":{"rendered":"","protected":false},"excerpt":{"rendered":"<p>Toplumu din konusunda ayd\u0131nlatmakla g\u00f6revli Ba\u015fkanl\u0131\u011f\u0131m\u0131z\u0131n ir\u015fad hizmetlerine katk\u0131 sa\u011flamak amac\u0131yla haz\u0131rlad\u0131\u011f\u0131 bu eser, ayet-i kerime ve hadis-i \u015ferifler \u0131\u015f\u0131\u011f\u0131nda ele al\u0131nm\u0131\u015f \u00f6rnek metinler i\u00e7eren bir ba\u015fvuru kitab\u0131d\u0131r.<\/p>","protected":false},"featured_media":16044,"template":"","meta":{"spay_email":""},"product_cat":[174],"product_tag":[],"item":[960],"acf":[],"_links":{"self":[{"href":"https:\/\/mgvpublications.com\/de\/wp-json\/wp\/v2\/product\/16043"}],"collection":[{"href":"https:\/\/mgvpublications.com\/de\/wp-json\/wp\/v2\/product"}],"about":[{"href":"https:\/\/mgvpublications.com\/de\/wp-json\/wp\/v2\/types\/product"}],"wp:featuredmedia":[{"embeddable":true,"href":"https:\/\/mgvpublications.com\/de\/wp-json\/wp\/v2\/media\/16044"}],"wp:attachment":[{"href":"https:\/\/mgvpublications.com\/de\/wp-json\/wp\/v2\/media?parent=16043"}],"wp:term":[{"taxonomy":"product_cat","embeddable":true,"href":"https:\/\/mgvpublications.com\/de\/wp-json\/wp\/v2\/product_cat?post=16043"},{"taxonomy":"product_tag","embeddable":true,"href":"https:\/\/mgvpublications.com\/de\/wp-json\/wp\/v2\/product_tag?post=16043"},{"taxonomy":"item","embeddable":true,"href":"https:\/\/mgvpublications.com\/de\/wp-json\/wp\/v2\/item?post=16043"}],"curies":[{"name":"wp","href":"https:\/\/api.w.org\/{rel}","templated":true}]}}