{"id":16027,"date":"2020-07-26T12:14:24","date_gmt":"2020-07-26T10:14:24","guid":{"rendered":"https:\/\/dev2.mgvpublications.com\/produkt\/dedem-hz-muhammed-asm-hz-hasan-ra-hz-huseyin-ra-2\/"},"modified":"2022-03-08T22:49:23","modified_gmt":"2022-03-08T21:49:23","slug":"dedem-hz-muhammed-asm-hz-hasan-ra-hz-huseyin-ra-2","status":"publish","type":"product","link":"https:\/\/mgvpublications.com\/de\/dedem-hz-muhammed-asm-hz-hasan-ra-hz-huseyin-ra-2\/","title":{"rendered":"Dedem Hz. Muhammed (asm) &#038; Hz. Hasan (ra) &#8211; Hz. H\u00fcseyin (ra)"},"content":{"rendered":"","protected":false},"excerpt":{"rendered":"<p>Kap\u0131n\u0131n a\u00e7\u0131l\u0131\u015f\u0131ndan bilirdim. Kokusuyla gelirdi. Toprak odam\u0131z g\u00fcl kokard\u0131. G\u00fcl\u00fcmserdi. I\u015f\u0131l \u0131\u015f\u0131l bakard\u0131. \u015eefkat dolu bir ses ruhumu tutard\u0131. Nas\u0131l da sevinir, sevgiyle kanatlan\u0131rd\u0131m.<br \/>\n\u201cK\u00fc\u00e7\u00fck adam nerede?\u201d<\/p>\n<p>Bu sesi her duydu\u011fumda birden b\u00fcy\u00fcrd\u00fc \u00e7ocuk y\u00fcre\u011fim. B\u00fcy\u00fcrd\u00fc de Medine\u2019ye s\u0131\u011fmazd\u0131.<\/p>\n<p>Ko\u015farak at\u0131l\u0131rd\u0131m kuca\u011f\u0131na. Kucak, \u00e7ocuk i\u00e7in ne muhkem bir s\u0131\u011f\u0131nakt\u0131. Dedemin kollar\u0131nda g\u00fc\u00e7lenirdim. G\u00fcl ile karanfil kokusu birbirine kar\u0131\u015f\u0131rd\u0131\u2026<\/p>\n<p>A\u015fk, \u201cMim!\u201d dedi.<br \/>\nT\u00fcm varl\u0131k a\u015fkla \u201cMim\u201dlendi.<br \/>\nEsman\u0131n bilinme seyri \u201cKenz-i A\u015fk\u201da y\u00fcklendi.<br \/>\n<strong>Dedem Hazreti Muhammed (asm)<\/strong>, \u00c2lemlerin Efendisi olarak yarat\u0131lan\u00a0<strong>Hz. Muhammed&#8217;i (asm)<\/strong>\u00a0anlatma gayesiyle kaleme al\u0131nan\u00a0<strong>Kenz-i A\u015fk\u00a0<\/strong>dizisinin son halkas\u0131.<\/p>\n<p>Onlar Peygamberimizin \u201cbenim iki reyhan\u0131md\u0131r\u201d dedi\u011fi sevgili torunlar\u0131, can\u0131n par\u00e7as\u0131 Hz. Fat\u0131ma annemiz ile velayetin kap\u0131s\u0131 Hz. Ali\u2019nin evlatlar\u0131, Hz. Hasan ve H\u00fcseyin efendilerimiz&#8230;<\/p>\n<p><strong>Dedem Hazreti Muhammed (asm)<\/strong>, Peygamberimizin ilk \u00e7ocukluklar\u0131 i\u015fte bu risalet ve velayet \u0131rmaklar\u0131n\u0131n k\u0131y\u0131s\u0131nda ge\u00e7en iki m\u00fcbarek g\u00f6z\u00fcn bak\u0131\u015f\u0131 ile anlat\u0131ld\u0131\u011f\u0131 bir siyer-roman.<\/p>\n<p>Nuriye \u00c7ele\u011fen, \u00c2lemlerin Efendisini, \u00e7ocuk d\u00fcnyas\u0131n\u0131n hayret ve ha\u015fyet y\u00fckl\u00fc saf bak\u0131\u015f\u0131 ile kalplerimize yakla\u015ft\u0131rma gayretiyle kaleme ald\u0131;\u00a0<strong>Dedem Hazreti Muhammed (asm)<\/strong>\u2026<\/p>","protected":false},"featured_media":16028,"template":"","meta":{"spay_email":""},"product_cat":[174],"product_tag":[],"item":[360],"acf":[],"_links":{"self":[{"href":"https:\/\/mgvpublications.com\/de\/wp-json\/wp\/v2\/product\/16027"}],"collection":[{"href":"https:\/\/mgvpublications.com\/de\/wp-json\/wp\/v2\/product"}],"about":[{"href":"https:\/\/mgvpublications.com\/de\/wp-json\/wp\/v2\/types\/product"}],"wp:featuredmedia":[{"embeddable":true,"href":"https:\/\/mgvpublications.com\/de\/wp-json\/wp\/v2\/media\/16028"}],"wp:attachment":[{"href":"https:\/\/mgvpublications.com\/de\/wp-json\/wp\/v2\/media?parent=16027"}],"wp:term":[{"taxonomy":"product_cat","embeddable":true,"href":"https:\/\/mgvpublications.com\/de\/wp-json\/wp\/v2\/product_cat?post=16027"},{"taxonomy":"product_tag","embeddable":true,"href":"https:\/\/mgvpublications.com\/de\/wp-json\/wp\/v2\/product_tag?post=16027"},{"taxonomy":"item","embeddable":true,"href":"https:\/\/mgvpublications.com\/de\/wp-json\/wp\/v2\/item?post=16027"}],"curies":[{"name":"wp","href":"https:\/\/api.w.org\/{rel}","templated":true}]}}