{"id":16005,"date":"2020-07-16T16:16:31","date_gmt":"2020-07-16T14:16:31","guid":{"rendered":"https:\/\/dev2.mgvpublications.com\/produkt\/hadis-risalesi-iki-dil-bir-kitap-arapca-turkce-2\/"},"modified":"2022-09-08T15:22:51","modified_gmt":"2022-09-08T13:22:51","slug":"hadis-risalesi-iki-dil-bir-kitap-arapca-turkce-2","status":"publish","type":"product","link":"https:\/\/mgvpublications.com\/de\/hadis-risalesi-iki-dil-bir-kitap-arapca-turkce-2\/","title":{"rendered":"Hadis Risalesi (\u0130ki Dil Bir Kitap &#8211; Arap\u00e7a-T\u00fcrk\u00e7e)"},"content":{"rendered":"<table>\n<tbody>\n<tr>\n<td>Yay\u0131n Tarihi:<\/td>\n<td>11.10.2018<\/td>\n<\/tr>\n<tr>\n<td>ISBN:<\/td>\n<td>9754738254<\/td>\n<\/tr>\n<tr>\n<td>Bask\u0131 Say\u0131s\u0131:<\/td>\n<td>1. Bask\u0131<\/td>\n<\/tr>\n<tr>\n<td>Dil:<\/td>\n<td>T\u00dcRK\u00c7E,ARAP\u00c7A<\/td>\n<\/tr>\n<tr>\n<td>Sayfa Say\u0131s\u0131:<\/td>\n<td>144<\/td>\n<\/tr>\n<tr>\n<td>Cilt Tipi:<\/td>\n<td>Ciltli<\/td>\n<\/tr>\n<tr>\n<td>Ka\u011f\u0131t Cinsi:<\/td>\n<td>Kitap Ka\u011f\u0131d\u0131<\/td>\n<\/tr>\n<tr>\n<td>Boyut:<\/td>\n<td>12 x 17 cm<\/td>\n<\/tr>\n<\/tbody>\n<\/table>","protected":false},"excerpt":{"rendered":"<div class=\"top-block\">\n<div class=\"pr_description\">\n<div id=\"description_text\"><span class=\"info__text\">\u0130ki Dil Bir Kitap-Arap\u00e7a T\u00fcrk\u00e7e serisinden yay\u0131nlanan bu kitap, Hasan el-Benna taraf\u0131ndan haz\u0131rlanan ve Hadis konusundaki temel bilgilerin anlat\u0131ld\u0131\u011f\u0131 bir risalenin terc\u00fcmesinden olu\u015fmaktad\u0131r. Arap\u00e7a orijinali ile birlikte yay\u0131nlanm\u0131\u015ft\u0131r.<br \/>\n<\/span><\/div>\n<\/div>\n<\/div>\n<div class=\"bottom-block\">\n<div class=\"pr_attributes\">\n<hr \/>\n<\/div>\n<\/div>","protected":false},"featured_media":16006,"template":"","meta":{"spay_email":""},"product_cat":[174],"product_tag":[],"item":[389],"acf":[],"_links":{"self":[{"href":"https:\/\/mgvpublications.com\/de\/wp-json\/wp\/v2\/product\/16005"}],"collection":[{"href":"https:\/\/mgvpublications.com\/de\/wp-json\/wp\/v2\/product"}],"about":[{"href":"https:\/\/mgvpublications.com\/de\/wp-json\/wp\/v2\/types\/product"}],"wp:featuredmedia":[{"embeddable":true,"href":"https:\/\/mgvpublications.com\/de\/wp-json\/wp\/v2\/media\/16006"}],"wp:attachment":[{"href":"https:\/\/mgvpublications.com\/de\/wp-json\/wp\/v2\/media?parent=16005"}],"wp:term":[{"taxonomy":"product_cat","embeddable":true,"href":"https:\/\/mgvpublications.com\/de\/wp-json\/wp\/v2\/product_cat?post=16005"},{"taxonomy":"product_tag","embeddable":true,"href":"https:\/\/mgvpublications.com\/de\/wp-json\/wp\/v2\/product_tag?post=16005"},{"taxonomy":"item","embeddable":true,"href":"https:\/\/mgvpublications.com\/de\/wp-json\/wp\/v2\/item?post=16005"}],"curies":[{"name":"wp","href":"https:\/\/api.w.org\/{rel}","templated":true}]}}