{"id":15995,"date":"2020-07-15T21:25:22","date_gmt":"2020-07-15T19:25:22","guid":{"rendered":"https:\/\/dev2.mgvpublications.com\/produkt\/mutlu-olum-2\/"},"modified":"2022-03-08T22:49:20","modified_gmt":"2022-03-08T21:49:20","slug":"mutlu-olum-2","status":"publish","type":"product","link":"https:\/\/mgvpublications.com\/de\/mutlu-olum-2\/","title":{"rendered":"Mutlu \u00d6l\u00fcm"},"content":{"rendered":"<table>\n<tbody>\n<tr>\n<td>\u00c7evirmen:<\/td>\n<td><a href=\"https:\/\/www.kitapyurdu.com\/yazar\/ramis-dara\/2911.html\" target=\"_blank\" rel=\"noopener\"> Ramis Dara<\/a><\/td>\n<\/tr>\n<tr>\n<td>Yay\u0131n Tarihi:<\/td>\n<td>17.06.2019<\/td>\n<\/tr>\n<tr>\n<td>ISBN:<\/td>\n<td>9750730108<\/td>\n<\/tr>\n<tr>\n<td>Bask\u0131 Say\u0131s\u0131:<\/td>\n<td>23. Bask\u0131<\/td>\n<\/tr>\n<tr>\n<td>Dil:<\/td>\n<td>T\u00dcRK\u00c7E<\/td>\n<\/tr>\n<tr>\n<td>Sayfa Say\u0131s\u0131:<\/td>\n<td>150<\/td>\n<\/tr>\n<tr>\n<td>Cilt Tipi:<\/td>\n<td>Karton Kapak<\/td>\n<\/tr>\n<tr>\n<td>Ka\u011f\u0131t Cinsi:<\/td>\n<td>3. Hm. Ka\u011f\u0131t<\/td>\n<\/tr>\n<tr>\n<td>Boyut:<\/td>\n<td>12.5 x 19.5 cm<\/td>\n<\/tr>\n<\/tbody>\n<\/table>","protected":false},"excerpt":{"rendered":"<p><span class=\"info__text\">Mutlu \u00d6l\u00fcm, \u00fcnl\u00fc yazar Albert Camus&#8217;n\u00fcn 1930&#8217;lar\u0131n sonunda tasarlay\u0131p olu\u015fturdu\u011fu, ancak hayattayken yay\u0131mlatmad\u0131\u011f\u0131 bir roman. Bir ba\u015fka roman\u0131, Yabanc\u0131 \u00fczerindeki \u00e7al\u0131\u015fmas\u0131n\u0131n, Mutlu \u00d6l\u00fcm&#8217;\u00fc erteletti\u011fi s\u00f6ylenegelmi\u015ftir. Mutlu \u00d6l\u00fcm, yazar\u0131n Belcourt&#8217;ta \u00e7ocuklu\u011funun ge\u00e7ti\u011fi yoksul mahallenin, deniz ta\u015f\u0131mac\u0131l\u0131\u011f\u0131 \u015firketindeki memurlu\u011funun, 1936 yaz\u0131nda Orta Avrupa&#8217;ya yapt\u0131\u011f\u0131 yolculuklar\u0131n, sanatoryumda kald\u0131\u011f\u0131 g\u00fcnlerin, Fichu&#8217;nun evinde ya da 1936 Kas\u0131m&#8217;\u0131nda yerle\u015fti\u011fi Cezayir&#8217;deki an\u0131lar\u0131ndan yararlan\u0131yor. Kitapta yazar\u0131n a\u015fk ya\u015fam\u0131ndan da kimi kesitler bulmak olas\u0131. Simon Hi\u201a ile iki y\u0131ll\u0131k evlili\u011fi ve f\u0131rt\u0131nal\u0131 bir a\u00e7\u0131klamayla Salzburg&#8217;da sona eren ili\u015fkileri, romana ba\u011flam de\u011fi\u015fimiyle kat\u0131l\u0131yor. D\u00f6neminin moda ak\u0131m\u0131 olan, romanda yap\u0131sal \u00f6zelliklere a\u011f\u0131rl\u0131k verilmesi, Mutlu \u00d6l\u00fcm&#8217;de de kendini g\u00f6steriyor, bi\u00e7emi ustaca \u00f6ne \u00e7\u0131kar\u0131yor yazar. Mutlu \u00d6l\u00fcm&#8217;\u00fcn, Albert Camus&#8217;n\u00fcn deha dosyas\u0131na eklenecek bir belge oldu\u011funu s\u00f6ylemeliyiz; yazar\u0131 daha sonraki \u00e7al\u0131\u015fmalar\u0131ndan tan\u0131yan okur i\u00e7in bu kitab\u0131n ilgin\u00e7 bir kar\u015f\u0131la\u015ft\u0131rma olana\u011f\u0131 sa\u011flayaca\u011f\u0131n\u0131 d\u00fc\u015f\u00fcn\u00fcyoruz.<\/span><\/p>","protected":false},"featured_media":15996,"template":"","meta":{"spay_email":""},"product_cat":[168],"product_tag":[],"item":[369],"acf":[],"_links":{"self":[{"href":"https:\/\/mgvpublications.com\/de\/wp-json\/wp\/v2\/product\/15995"}],"collection":[{"href":"https:\/\/mgvpublications.com\/de\/wp-json\/wp\/v2\/product"}],"about":[{"href":"https:\/\/mgvpublications.com\/de\/wp-json\/wp\/v2\/types\/product"}],"wp:featuredmedia":[{"embeddable":true,"href":"https:\/\/mgvpublications.com\/de\/wp-json\/wp\/v2\/media\/15996"}],"wp:attachment":[{"href":"https:\/\/mgvpublications.com\/de\/wp-json\/wp\/v2\/media?parent=15995"}],"wp:term":[{"taxonomy":"product_cat","embeddable":true,"href":"https:\/\/mgvpublications.com\/de\/wp-json\/wp\/v2\/product_cat?post=15995"},{"taxonomy":"product_tag","embeddable":true,"href":"https:\/\/mgvpublications.com\/de\/wp-json\/wp\/v2\/product_tag?post=15995"},{"taxonomy":"item","embeddable":true,"href":"https:\/\/mgvpublications.com\/de\/wp-json\/wp\/v2\/item?post=15995"}],"curies":[{"name":"wp","href":"https:\/\/api.w.org\/{rel}","templated":true}]}}