{"id":15980,"date":"2020-07-12T15:34:40","date_gmt":"2020-07-12T13:34:40","guid":{"rendered":"https:\/\/dev2.mgvpublications.com\/produkt\/8-hadis-imaminin-emir-ve-yasak-hadisleri-3\/"},"modified":"2022-04-26T14:51:54","modified_gmt":"2022-04-26T12:51:54","slug":"8-hadis-imaminin-emir-ve-yasak-hadisleri-3","status":"publish","type":"product","link":"https:\/\/mgvpublications.com\/de\/8-hadis-imaminin-emir-ve-yasak-hadisleri-3\/","title":{"rendered":"8 Hadis \u0130mam\u0131n\u0131n Emir ve Yasak Hadisleri"},"content":{"rendered":"","protected":false},"excerpt":{"rendered":"<p>Hi\u00e7 \u015f\u00fcphesiz \u0130slam&#8217;\u0131n ilk yasama te\u015fri kayna\u011f\u0131 Kur&#8217;an-\u0131 Kerim, ikincisi ise s\u00fcnnettir. M\u00fcsl\u00fcmanlar, Hz. Peygamber s.a.v. d\u00f6neminden g\u00fcn\u00fcm\u00fcze kadar onun h\u00fck\u00fcmlerine boyun e\u011fe gelmi\u015flerdir. Bundan sonra da s\u00fcnnet, k\u0131yamete dek Kur&#8217;an&#8217;\u0131n yan\u0131 ba\u015f\u0131nda h\u00fck\u00fcmlere kaynakl\u0131k etmeye devam edecek, edebi ve ahlaki de\u011ferlerin belirlenmesinde mihenk ta\u015f\u0131 olarak kalacakt\u0131r.<br \/>\nBu iki kayna\u011fa sar\u0131lmak \u0130slam \u00fcmmetinin ba\u015far\u0131l\u0131 olmas\u0131n\u0131n ve ilerlemesinin temel s\u0131rr\u0131d\u0131r ki, Hz. Peygamber s.a.v.: Sizlere iki \u015fey b\u0131rakt\u0131m, bunlara uydu\u011funuz m\u00fcddet\u00e7e asla sap\u0131tmayacaks\u0131n\u0131z. Bunlar, Allah&#8217;\u0131n kitab\u0131 ve s\u00fcnnettimdir.<\/p>","protected":false},"featured_media":15981,"template":"","meta":{"spay_email":""},"product_cat":[174],"product_tag":[],"item":[703],"acf":[],"_links":{"self":[{"href":"https:\/\/mgvpublications.com\/de\/wp-json\/wp\/v2\/product\/15980"}],"collection":[{"href":"https:\/\/mgvpublications.com\/de\/wp-json\/wp\/v2\/product"}],"about":[{"href":"https:\/\/mgvpublications.com\/de\/wp-json\/wp\/v2\/types\/product"}],"wp:featuredmedia":[{"embeddable":true,"href":"https:\/\/mgvpublications.com\/de\/wp-json\/wp\/v2\/media\/15981"}],"wp:attachment":[{"href":"https:\/\/mgvpublications.com\/de\/wp-json\/wp\/v2\/media?parent=15980"}],"wp:term":[{"taxonomy":"product_cat","embeddable":true,"href":"https:\/\/mgvpublications.com\/de\/wp-json\/wp\/v2\/product_cat?post=15980"},{"taxonomy":"product_tag","embeddable":true,"href":"https:\/\/mgvpublications.com\/de\/wp-json\/wp\/v2\/product_tag?post=15980"},{"taxonomy":"item","embeddable":true,"href":"https:\/\/mgvpublications.com\/de\/wp-json\/wp\/v2\/item?post=15980"}],"curies":[{"name":"wp","href":"https:\/\/api.w.org\/{rel}","templated":true}]}}