{"id":15978,"date":"2020-07-12T15:11:16","date_gmt":"2020-07-12T13:11:16","guid":{"rendered":"https:\/\/dev2.mgvpublications.com\/produkt\/hadis-ilimleri-ve-hadis-istilahlari-3\/"},"modified":"2022-03-08T22:49:18","modified_gmt":"2022-03-08T21:49:18","slug":"hadis-ilimleri-ve-hadis-istilahlari-3","status":"publish","type":"product","link":"https:\/\/mgvpublications.com\/de\/hadis-ilimleri-ve-hadis-istilahlari-3\/","title":{"rendered":"Hadis \u0130limleri Ve Hadis Ist\u0131lahlar\u0131"},"content":{"rendered":"","protected":false},"excerpt":{"rendered":"<p>Peygamber miras\u0131 olan hadislerin, ashab-\u0131 kiram ba\u015fta olmak \u00fczere, tabiin ve daha sonraki nesiller taraf\u0131ndan b\u00fcy\u00fck bir ihtimamla ezberlenerek ve yaz\u0131larak korundu\u011fu bilinen bir ger\u00e7ektir. Hadislerin din demek oldu\u011funu bilen \u0130slam \u00e2limleri, onlar\u0131n ayn\u0131 zamanda Kur\u2019an-\u0131 Kerim\u2019i tefsir etti\u011fini, bu tefsiri b\u00fct\u00fcn nesillerin bilmesi gerekti\u011fini d\u00fc\u015f\u00fcnerek bu Peygamber miras\u0131n\u0131n daha sonraki \u00e7a\u011flara en g\u00fcvenilir \u015fekilde ula\u015fmas\u0131 i\u00e7in \u00f6zel metodlar geli\u015ftirmi\u015flerdir. Bu \u00f6zel metodun ad\u0131 Us\u00fcli hadis veya Ul\u00fbm\u00fc\u2019l-hadis de denilen hadis ilimleri ve hadis \u0131st\u0131lahlar\u0131d\u0131r.<br \/>\nBu kitap 1986 y\u0131l\u0131nda Allah\u2019\u0131n rahmetine kavu\u015fan Prof. Dr. Subhi es-Salih taraf\u0131ndan, hadis ilimleri sahas\u0131nda yaz\u0131lan ana eserler ile di\u011fer kaynaklar tarihi ve tahlili bir metodla incelenerek ve iyi bildi\u011fi baz\u0131 Bat\u0131 dillerinde m\u00fcste\u015frikler taraf\u0131ndan yap\u0131lan ara\u015ft\u0131rmalar dikkate al\u0131narak titiz bir \u00e7al\u0131\u015fma sonunda haz\u0131rlanm\u0131\u015ft\u0131r. Hadislerin sa\u011flam bir \u015fekilde korunmas\u0131 i\u00e7in muhaddisler taraf\u0131ndan geli\u015ftirilen metodlar geni\u015f bir \u015fekilde ele al\u0131nd\u0131\u011f\u0131 gibi, hadislerin hukuk, l\u00fcgat ve edebiyat bak\u0131m\u0131ndan \u00f6nemi belirtilmi\u015f, haberleri isnadlar\u0131yla birlikte rivayet etme usul\u00fcn\u00fcn ilk defa m\u00fcsl\u00fcmanlar taraf\u0131ndan kullan\u0131ld\u0131\u011f\u0131 g\u00f6sterilmi\u015f ve hadis ilimlerine hizmeti ge\u00e7en baz\u0131 \u00f6nemli \u015fahsiyetler tan\u0131t\u0131lm\u0131\u015ft\u0131r.<br \/>\nT\u00fcrk okuyucusunun ilk defa 1971 y\u0131l\u0131nda tan\u0131\u015ft\u0131\u011f\u0131 bu terc\u00fcmenin elinizde bulunan bask\u0131s\u0131, eserin g\u00f6zden ge\u00e7irilmi\u015f ve indeksi geni\u015fletilmi\u015f yeni ne\u015fridir.<\/p>","protected":false},"featured_media":15979,"template":"","meta":{"spay_email":""},"product_cat":[174],"product_tag":[],"item":[1139],"acf":[],"_links":{"self":[{"href":"https:\/\/mgvpublications.com\/de\/wp-json\/wp\/v2\/product\/15978"}],"collection":[{"href":"https:\/\/mgvpublications.com\/de\/wp-json\/wp\/v2\/product"}],"about":[{"href":"https:\/\/mgvpublications.com\/de\/wp-json\/wp\/v2\/types\/product"}],"wp:featuredmedia":[{"embeddable":true,"href":"https:\/\/mgvpublications.com\/de\/wp-json\/wp\/v2\/media\/15979"}],"wp:attachment":[{"href":"https:\/\/mgvpublications.com\/de\/wp-json\/wp\/v2\/media?parent=15978"}],"wp:term":[{"taxonomy":"product_cat","embeddable":true,"href":"https:\/\/mgvpublications.com\/de\/wp-json\/wp\/v2\/product_cat?post=15978"},{"taxonomy":"product_tag","embeddable":true,"href":"https:\/\/mgvpublications.com\/de\/wp-json\/wp\/v2\/product_tag?post=15978"},{"taxonomy":"item","embeddable":true,"href":"https:\/\/mgvpublications.com\/de\/wp-json\/wp\/v2\/item?post=15978"}],"curies":[{"name":"wp","href":"https:\/\/api.w.org\/{rel}","templated":true}]}}