{"id":15976,"date":"2020-07-05T16:10:35","date_gmt":"2020-07-05T14:10:35","guid":{"rendered":"https:\/\/dev2.mgvpublications.com\/produkt\/gencler-icin-peygamberimizin-hayati-3\/"},"modified":"2022-03-08T22:49:18","modified_gmt":"2022-03-08T21:49:18","slug":"gencler-icin-peygamberimizin-hayati-3","status":"publish","type":"product","link":"https:\/\/mgvpublications.com\/de\/gencler-icin-peygamberimizin-hayati-3\/","title":{"rendered":"Gen\u00e7ler \u0130\u00e7in Peygamberimizin Hayat\u0131"},"content":{"rendered":"","protected":false},"excerpt":{"rendered":"<p>Gen\u00e7ler \u0130\u00e7in Peygamberimizin Hayat\u0131, Efendimizin \u00e7ocuklu\u011fundan, vefat\u0131na kadar ya\u015fad\u0131\u011f\u0131 s\u00fcreci anlatmaktad\u0131r.<br \/>\nSadece hayat\u0131n\u0131 de\u011fil, onun ki\u015fili\u011fini, ashab\u0131yla ve ailesiyle olan ili\u015fkilerini de bulabilece\u011finiz bu kitap, her ya\u015ftan insana siyer okuma zevkini tatt\u0131rmaktad\u0131r.<\/p>\n<p>Hz. Muhammed (s.a.v) ba\u015fl\u0131kl\u0131 \u00f6\u011frenme alan\u0131 ve Hz. Muhammed\u2019in Hayat\u0131 dersine uygun olarak haz\u0131rlanm\u0131\u015ft\u0131r.<\/p>","protected":false},"featured_media":15977,"template":"","meta":{"spay_email":""},"product_cat":[174],"product_tag":[],"item":[1122],"acf":[],"_links":{"self":[{"href":"https:\/\/mgvpublications.com\/de\/wp-json\/wp\/v2\/product\/15976"}],"collection":[{"href":"https:\/\/mgvpublications.com\/de\/wp-json\/wp\/v2\/product"}],"about":[{"href":"https:\/\/mgvpublications.com\/de\/wp-json\/wp\/v2\/types\/product"}],"wp:featuredmedia":[{"embeddable":true,"href":"https:\/\/mgvpublications.com\/de\/wp-json\/wp\/v2\/media\/15977"}],"wp:attachment":[{"href":"https:\/\/mgvpublications.com\/de\/wp-json\/wp\/v2\/media?parent=15976"}],"wp:term":[{"taxonomy":"product_cat","embeddable":true,"href":"https:\/\/mgvpublications.com\/de\/wp-json\/wp\/v2\/product_cat?post=15976"},{"taxonomy":"product_tag","embeddable":true,"href":"https:\/\/mgvpublications.com\/de\/wp-json\/wp\/v2\/product_tag?post=15976"},{"taxonomy":"item","embeddable":true,"href":"https:\/\/mgvpublications.com\/de\/wp-json\/wp\/v2\/item?post=15976"}],"curies":[{"name":"wp","href":"https:\/\/api.w.org\/{rel}","templated":true}]}}