{"id":15970,"date":"2020-07-05T15:59:45","date_gmt":"2020-07-05T13:59:45","guid":{"rendered":"https:\/\/dev2.mgvpublications.com\/produkt\/ahkamsiz-hukumler-2\/"},"modified":"2022-03-08T22:49:17","modified_gmt":"2022-03-08T21:49:17","slug":"ahkamsiz-hukumler-2","status":"publish","type":"product","link":"https:\/\/mgvpublications.com\/de\/ahkamsiz-hukumler-2\/","title":{"rendered":"Ahkams\u0131z H\u00fck\u00fcmler"},"content":{"rendered":"","protected":false},"excerpt":{"rendered":"<div class=\"top-block\">\n<div class=\"pr_description\">\n<div id=\"description_text\" class=\"readmore-js-section readmore-js-expanded\"><span class=\"info__text\">Bu yaz\u0131lar kaleme al\u0131nd\u0131\u011f\u0131nda, benden ba\u015fka okuyucum yoktu. Zaten birileri okusun diye de yazmam\u0131\u015ft\u0131m. Yazd\u0131klar\u0131m, evvel zaman i\u00e7inde, \u00e7o\u011fu, ya\u015fanan hadiselere kar\u015f\u0131 tepki olarak i\u00e7imde birikmi\u015f \u00f6fkeler veya yenilgiler yahut i\u00e7 \u00e7eki\u015fmelerden ibarettir\u2026<br \/>\nHi\u00e7 biri de bir seferde yaz\u0131l\u0131p \u00f6ylece kalm\u0131\u015f de\u011fildir. Bu kitab\u0131n bir tek, ad\u0131 ve bir de en ba\u015fta yer alan \u015fiir hi\u00e7 de\u011fi\u015fmemi\u015ftir. Di\u011ferlerinin hepsine eklemeler, \u00e7\u0131karmalar yap\u0131lm\u0131\u015ft\u0131r zaman zaman\u2026<br \/>\nBu kitaptaki yaz\u0131lar\u0131 ilk ne zaman yazd\u0131\u011f\u0131m\u0131 hat\u0131rlam\u0131yorum. Zaten hem yaz\u0131 hem de\u011ferlendirmeler a\u00e7\u0131s\u0131ndan \u00e7o\u011fu acemice oldu\u011fu i\u00e7in \u2018acemilik\u2019 d\u00f6nemine ait olduklar\u0131n\u0131 s\u00f6yleyebilirim. Yakla\u015f\u0131k 20 y\u0131ld\u0131r yazd\u0131\u011f\u0131m de\u011fi\u015fik hadiseler kar\u015f\u0131s\u0131ndaki tutumumu ifade eden bu yaz\u0131lar\u0131n, 1999 y\u0131l\u0131nda yay\u0131nlanmas\u0131 teklifini ald\u0131\u011f\u0131mda, al\u0131c\u0131 g\u00f6zle bakt\u0131m ve g\u00f6rd\u00fcm ki, baz\u0131lar\u0131 hakikat olmaktan hayale ge\u00e7mi\u015fler, bir k\u0131sm\u0131 da de\u011fi\u015fip hat\u0131ra olmu\u015flar. Biyografilerimde \u2018Ahk\u00e2ms\u0131z H\u00fck\u00fcmler\u2019 adl\u0131 bir kitab\u0131m da oldu\u011fu ibaresi d\u00fc\u015fmeseydi, belki bunlar\u0131 hi\u00e7 yay\u0131nlanmayabilirdim. Yaz\u0131lar\u0131n g\u00fcndeme geldi\u011fi kimi mahfillerde verilmi\u015f yay\u0131nlanma s\u00f6zleri, i\u00e7erikte belki de \u201cz\u00fclf-i y\u00e2r\u201de dokunan ifadelerden dolay\u0131 her seferinde ba\u015fka bahara ertelendi. Hatta \u015fu dakikada bile yay\u0131nlamasak m\u0131 acaba diye d\u00fc\u015f\u00fcnd\u00fc\u011f\u00fcm oluyor. Fakat gerek cemaatler\/cemiyetler, gerekse siyasi geli\u015fmeler ve toplumsal olgunla\u015fmalar a\u00e7\u0131s\u0131ndan nereden nereye geldi\u011fimizi g\u00f6steren bir mikyas oldu\u011funu o d\u00f6neme ait \u00e7ok \u00f6rnekler i\u00e7erdi\u011fini g\u00f6rd\u00fc\u011f\u00fcm i\u00e7in gelecekte bug\u00fcnleri yazacak olanlar a\u00e7\u0131s\u0131ndan yararl\u0131 olabilir d\u00fc\u015f\u00fcncesiyle yay\u0131nlanmalar\u0131n\u0131 uygun g\u00f6rd\u00fcm. \u00dcstelik \u2018bir zamanlar nelerin konu\u015fuldu\u011funu, nelerin tart\u0131\u015f\u0131ld\u0131\u011f\u0131n, toplumun nelerle me\u015fgul edildi\u011fini\u2019 hat\u0131rlatt\u0131klar\u0131 i\u00e7in de okunmaya de\u011fer olduklar\u0131n\u0131 siz de g\u00f6receksiniz.<br \/>\nAsl\u0131nda \u00e7ok kapsaml\u0131 olan ve 20 y\u0131l boyunca biriken bu yaz\u0131lardaki \u015fahsi say\u0131labilecek ve o g\u00fcn\u00fc ilgilendirebilecek pek \u00e7ok anekdotu ve de\u011ferlendirmeyi \u00e7\u0131kard\u0131m. O y\u00fczden hadiseleri tasvir ederken m\u00fcmk\u00fcn mertebe genel yarg\u0131lar\u0131 vermeye ve belli bir isim zikretmeden tabloyu aktarmaya \u00e7al\u0131\u015ft\u0131m ve bir cemaatten veya cemiyetten s\u00f6z ederken, onlar\u0131 incitmemek i\u00e7in s\u00f6z\u00fc daha bir usturuplu kullanma ya \u00f6zen g\u00f6sterdim.<br \/>\nB\u00fct\u00fcn\u00fcyle ba\u015farabildim mi? Sanm\u0131yorum!<br \/>\nNitekim bundan dolay\u0131 \u015fu eserin ba\u015f\u0131na \u00e7ok \u015feyler geldi, k\u0131rp\u0131ld\u0131, bi\u00e7ildi, elendi ve b\u00f6ylece bu eser kar\u015f\u0131n\u0131za geldi. Ad\u0131 \u00fcst\u00fcnde Ahk\u00e2ms\u0131z H\u00fck\u00fcmler. Bendeniz de ahk\u00e2ms\u0131z h\u00fck\u00fcmler m\u00fcft\u00fcs\u00fc. Onu bir ayna var say\u0131n. Ondan incinmeye, ona k\u0131zmaya, bozulmaya gerek yok.<br \/>\nSinirlerinizi bozan sat\u0131rlarla kar\u015f\u0131la\u015ft\u0131\u011f\u0131n\u0131zda; omzunuza d\u00f6k\u00fclen kepekleri size g\u00f6sterdi\u011fi i\u00e7in ona te\u015fekk\u00fcr de edebilirsiniz, k\u0131z\u0131p k\u0131rabilirsiniz de\u2026 Tercih sizin.<br \/>\nTabii ki aynan\u0131n da kirli pasl\u0131 olma ihtimali vard\u0131r. Veya bazen konveks bazen konkav hal ald\u0131\u011f\u0131 yerler olabilir. \u00d6yle zamanlarda da \u2018bir zamanlar neler ya\u015fanm\u0131\u015f\u2019 deyip ge\u00e7erseniz bana l\u00fctuf, kendinize merhamet etmi\u015f olursunuz.<br \/>\n<\/span><\/div>\n<\/div>\n<\/div>\n<div class=\"bottom-block\">\n<div class=\"pr_attributes\"><\/div>\n<\/div>","protected":false},"featured_media":15971,"template":"","meta":{"spay_email":""},"product_cat":[168],"product_tag":[],"item":[443],"acf":[],"_links":{"self":[{"href":"https:\/\/mgvpublications.com\/de\/wp-json\/wp\/v2\/product\/15970"}],"collection":[{"href":"https:\/\/mgvpublications.com\/de\/wp-json\/wp\/v2\/product"}],"about":[{"href":"https:\/\/mgvpublications.com\/de\/wp-json\/wp\/v2\/types\/product"}],"wp:featuredmedia":[{"embeddable":true,"href":"https:\/\/mgvpublications.com\/de\/wp-json\/wp\/v2\/media\/15971"}],"wp:attachment":[{"href":"https:\/\/mgvpublications.com\/de\/wp-json\/wp\/v2\/media?parent=15970"}],"wp:term":[{"taxonomy":"product_cat","embeddable":true,"href":"https:\/\/mgvpublications.com\/de\/wp-json\/wp\/v2\/product_cat?post=15970"},{"taxonomy":"product_tag","embeddable":true,"href":"https:\/\/mgvpublications.com\/de\/wp-json\/wp\/v2\/product_tag?post=15970"},{"taxonomy":"item","embeddable":true,"href":"https:\/\/mgvpublications.com\/de\/wp-json\/wp\/v2\/item?post=15970"}],"curies":[{"name":"wp","href":"https:\/\/api.w.org\/{rel}","templated":true}]}}