{"id":15966,"date":"2020-07-05T15:55:58","date_gmt":"2020-07-05T13:55:58","guid":{"rendered":"https:\/\/dev2.mgvpublications.com\/produkt\/ey-rabbim-dualarimi-kabul-eyle-3\/"},"modified":"2022-03-08T22:49:17","modified_gmt":"2022-03-08T21:49:17","slug":"ey-rabbim-dualarimi-kabul-eyle-3","status":"publish","type":"product","link":"https:\/\/mgvpublications.com\/de\/ey-rabbim-dualarimi-kabul-eyle-3\/","title":{"rendered":"Ey Rabbim Dualar\u0131m\u0131 Kabul Eyle"},"content":{"rendered":"","protected":false},"excerpt":{"rendered":"<p>*Hayat\u0131n\u0131zda ne zorluklar ya\u015farsan\u0131z ya\u015fay\u0131n, dua etmekten asla vazge\u00e7meyin. Ruhun \u015fifas\u0131 duad\u0131r. *S\u0131k s\u0131k dua edin. \u00c7\u00fcnk\u00fc dua insana umut, sab\u0131r, tevekk\u00fcl ve metanet verir. Bir niyetle dua edip yakard\u0131\u011f\u0131n\u0131zda, ruhunuzdaki ferahl\u0131\u011f\u0131 ve kalbinizdeki rahatl\u0131\u011f\u0131 hissediyor musunuz? \u0130\u015fte o ferahl\u0131k, duan\u0131z\u0131n ula\u015ft\u0131\u011f\u0131 O makam\u0131n size rahmetidir. *Zorda iseniz zorluklar\u0131 a\u015fmak i\u00e7in dua edin. *Sevdiklerinizle birlikte iyi g\u00fcnler g\u00f6rmek i\u00e7in dua edin. *Darda kalmamak i\u00e7in dua edin. *Sa\u011fl\u0131kl\u0131ysan\u0131z devam\u0131, sa\u011fl\u0131\u011f\u0131n\u0131z\u0131 yitirdiyseniz devas\u0131 i\u00e7in dua edin. *Sevdi\u011finiz birini kaybetti\u011finiz zaman dua edin. *Allah\u2019\u0131n, yaratt\u0131\u011f\u0131 kullar\u0131na ta\u015f\u0131yamayacaklar\u0131 y\u00fck vermeyece\u011fine iman ederek, dua ve \u015f\u00fck\u00fcr ile kalbin ayd\u0131nl\u0131\u011f\u0131na, huzuruna ula\u015f\u0131n. *G\u00fcnl\u00fck hayatta dilinizden ve kalbinizden d\u00fc\u015f\u00fcrmeyece\u011finiz Ey Rabbim Dualar\u0131m\u0131 Kabul Eyle, size bu kalp ayd\u0131nl\u0131\u011f\u0131n\u0131 ve huzurunu sunacak.<\/p>","protected":false},"featured_media":15967,"template":"","meta":{"spay_email":""},"product_cat":[174],"product_tag":[],"item":[443],"acf":[],"_links":{"self":[{"href":"https:\/\/mgvpublications.com\/de\/wp-json\/wp\/v2\/product\/15966"}],"collection":[{"href":"https:\/\/mgvpublications.com\/de\/wp-json\/wp\/v2\/product"}],"about":[{"href":"https:\/\/mgvpublications.com\/de\/wp-json\/wp\/v2\/types\/product"}],"wp:featuredmedia":[{"embeddable":true,"href":"https:\/\/mgvpublications.com\/de\/wp-json\/wp\/v2\/media\/15967"}],"wp:attachment":[{"href":"https:\/\/mgvpublications.com\/de\/wp-json\/wp\/v2\/media?parent=15966"}],"wp:term":[{"taxonomy":"product_cat","embeddable":true,"href":"https:\/\/mgvpublications.com\/de\/wp-json\/wp\/v2\/product_cat?post=15966"},{"taxonomy":"product_tag","embeddable":true,"href":"https:\/\/mgvpublications.com\/de\/wp-json\/wp\/v2\/product_tag?post=15966"},{"taxonomy":"item","embeddable":true,"href":"https:\/\/mgvpublications.com\/de\/wp-json\/wp\/v2\/item?post=15966"}],"curies":[{"name":"wp","href":"https:\/\/api.w.org\/{rel}","templated":true}]}}