{"id":15960,"date":"2020-07-05T14:03:38","date_gmt":"2020-07-05T12:03:38","guid":{"rendered":"https:\/\/dev2.mgvpublications.com\/produkt\/yalniz-sahabi-ebu-zer-3\/"},"modified":"2022-03-08T22:49:17","modified_gmt":"2022-03-08T21:49:17","slug":"yalniz-sahabi-ebu-zer-3","status":"publish","type":"product","link":"https:\/\/mgvpublications.com\/de\/yalniz-sahabi-ebu-zer-3\/","title":{"rendered":"Yaln\u0131z Sahabi Ebu Zer"},"content":{"rendered":"","protected":false},"excerpt":{"rendered":"<p>Eb\u00fb Zer evlenmi\u015f ve mescidden ayr\u0131larak kendi evine yerle\u015fmi\u015fti. Evine gelip gidenler evde hi\u00e7bir \u015fey g\u00f6remeyince e\u015fyalar\u0131n nerede oldu\u011funu soruyordu.<br \/>\n\u2013 E\u015fyalar\u0131m\u0131z\u0131n g\u00fczel olanlar\u0131n\u0131 g\u00f6nderdi\u011fimiz bir evimiz var, diye cevapl\u0131yordu Eb\u00fb Zer.<br \/>\n\u2013 Neden hemen o eve ta\u015f\u0131nm\u0131yorsun \u00f6yleyse?<br \/>\n\u2013 \u00c7\u00fcnk\u00fc evin sahibi bizi d\u00e2vet etmiyor.<br \/>\nEb\u00fb Zer adama bak\u0131yor ve devam ediyordu.<br \/>\n\u2013 E\u011fer benim bildiklerimi bilseydiniz, han\u0131mlar\u0131n\u0131za kulak verip evlerinizi e\u015fya ile doldurmazd\u0131n\u0131z. Allah\u2019tan hep beni meyvesinden istifade edilen bir a\u011fa\u00e7 olarak yaratmas\u0131n\u0131 istedim.<br \/>\n\u2013 B\u00f6yle olmas\u0131 senin d\u00fcnyadan nasibini almana m\u00e2ni mi?<br \/>\n\u2013 Ras\u00fblullah demi\u015ftir ki: \u201cEbediyyet yurduna inanan ama aldat\u0131c\u0131 d\u00fcnya i\u00e7in \u00e7al\u0131\u015f\u0131p \u00e7abalayan birine ne kadar \u015fa\u015far\u0131m!\u201d<br \/>\n\u2026<br \/>\n\u2013 Ya Ras\u00fblallah, yolda yaln\u0131z ba\u015f\u0131na y\u00fcr\u00fcyen bir adam var!<br \/>\nM\u00fcsl\u00fcmanlardan biri g\u00f6rd\u00fc Eb\u00fb Zer\u2019i.<br \/>\n\u2013 Eb\u00fb Zer olmal\u0131, dedi Ras\u00fblullah.<br \/>\nYolcu kampa yakla\u015f\u0131yordu. Ger\u00e7ekten de Eb\u00fb Zer idi gelen. Ras\u00fblullah:<br \/>\n\u2013 Allah Eb\u00fb Zer\u2019e merhamet etsin. Yaln\u0131z y\u00fcr\u00fcr, yaln\u0131z \u00f6l\u00fcr ve yaln\u0131z ha\u015fr edilir, buyurdu.<\/p>","protected":false},"featured_media":15961,"template":"","meta":{"spay_email":""},"product_cat":[172],"product_tag":[],"item":[741],"acf":[],"_links":{"self":[{"href":"https:\/\/mgvpublications.com\/de\/wp-json\/wp\/v2\/product\/15960"}],"collection":[{"href":"https:\/\/mgvpublications.com\/de\/wp-json\/wp\/v2\/product"}],"about":[{"href":"https:\/\/mgvpublications.com\/de\/wp-json\/wp\/v2\/types\/product"}],"wp:featuredmedia":[{"embeddable":true,"href":"https:\/\/mgvpublications.com\/de\/wp-json\/wp\/v2\/media\/15961"}],"wp:attachment":[{"href":"https:\/\/mgvpublications.com\/de\/wp-json\/wp\/v2\/media?parent=15960"}],"wp:term":[{"taxonomy":"product_cat","embeddable":true,"href":"https:\/\/mgvpublications.com\/de\/wp-json\/wp\/v2\/product_cat?post=15960"},{"taxonomy":"product_tag","embeddable":true,"href":"https:\/\/mgvpublications.com\/de\/wp-json\/wp\/v2\/product_tag?post=15960"},{"taxonomy":"item","embeddable":true,"href":"https:\/\/mgvpublications.com\/de\/wp-json\/wp\/v2\/item?post=15960"}],"curies":[{"name":"wp","href":"https:\/\/api.w.org\/{rel}","templated":true}]}}